{"id":24931,"date":"2020-04-29T12:18:53","date_gmt":"2020-04-29T10:18:53","guid":{"rendered":"https:\/\/www.campingdelmar.com\/entorn\/"},"modified":"2022-12-30T11:12:47","modified_gmt":"2022-12-30T10:12:47","slug":"entorn","status":"publish","type":"page","link":"https:\/\/www.campingdelmar.com\/ca\/entorn\/","title":{"rendered":"Entorn"},"content":{"rendered":"\n<h2 class=\"has-text-align-center has-text-color wp-block-heading\" style=\"color:#82a4d5\">Entorn<\/h2>\n\n<p class=\"has-text-align-center\">Magn\u00edficament situat entre la <strong>Costa Brava<\/strong> i la <strong>Costa de Barcelona-Maresme<\/strong>, i als peus del <strong>Parc Natural del Montnegre-Corredor<\/strong>, Malgrat de Mar \u00e9s un punt estrat\u00e8gic per <strong>descobrir Catalu\u00f1a<\/strong>.<\/p>\n\n<p class=\"has-text-align-center\">Amb una infinitat d&#8217;<strong>activitats d&#8217;oci i cultura, bon clima<\/strong> i unes magn\u00edfiques vsites al <strong>Mar Mediterrani<\/strong>, podreu aprofitar les vostres <strong>vacances <\/strong>al C\u00e0mping del Mar tant per <strong>relaxar-vos<\/strong> i descansar com per <strong>descobrir les meravelles de la zona<\/strong>.<\/p>\n\n<div style=\"height:20px\" aria-hidden=\"true\" class=\"wp-block-spacer\"><\/div>\n\n<style>\n@media only screen and (min-width: 0px) and (max-width: 380px){\n        #grid-items-block_9af45e8239bcb4665561345036ab97be.is-style-default [class*=\"grid-item\"] {\n            flex-basis: 100%;\n            width: 100%;\n        }\n\n        #grid-items-block_9af45e8239bcb4665561345036ab97be{\n            justify-content: center;\n        }\n    }\n@media only screen and (min-width: 381px) and (max-width: 799px){\n        #grid-items-block_9af45e8239bcb4665561345036ab97be.is-style-default [class*=\"grid-item\"] {\n            flex-basis: 48%;\n            width: 48%;\n        }\n\n    }\n@media only screen and (min-width: 800px){\n        #grid-items-block_9af45e8239bcb4665561345036ab97be [class*=\"grid-item\"] {\n            width: calc(100% * (1\/4) - 1%);\n            margin: calc(2% *(1\/4));\n        }\n        #grid-items-block_9af45e8239bcb4665561345036ab97be.is-style-dynamic [class*=\"grid-item\"]:hover{\n            width: calc(100% * (1\/3) - 1%);\n        }\n    }\n<\/style>\n<div class=\"wp-block-grid-items alignwide\">\n    <div id=\"grid-items-block_9af45e8239bcb4665561345036ab97be\" class=\"flex is-style-default\">\n                <a class=\"grid-item-24942\" href=\"https:\/\/www.campingdelmar.com\/ca\/entorn\/cultura\/\">\n            <div class=\"inner-card\">\n                                                                <div id=\"thumbnail-19650\" class=\"thumbnail-card\">\n\n                                            <img decoding=\"async\" width=\"420\" height=\"270\" data-src=\"https:\/\/www.campingdelmar.com\/wp-content\/uploads\/la-pedrera-420x270.jpg\" class=\"attachment-carousel-small size-carousel-small wp-post-image lazyload\" alt=\"camping familia catalu\u00f1a\" src=\"data:image\/svg+xml;base64,PHN2ZyB3aWR0aD0iMSIgaGVpZ2h0PSIxIiB4bWxucz0iaHR0cDovL3d3dy53My5vcmcvMjAwMC9zdmciPjwvc3ZnPg==\" style=\"--smush-placeholder-width: 420px; --smush-placeholder-aspect-ratio: 420\/270;\" \/>                                    <\/div>\n                <div class=\"content-card html-content\">\n                    <h4 class=\"has-blank-3-new-blue-1-color\">Cultura                                                                   <\/h4>\n                                    <\/div>\n            <\/div>\n\n\n        <\/a>\n                <a class=\"grid-item-24945\" href=\"https:\/\/www.campingdelmar.com\/ca\/entorn\/natura\/\">\n            <div class=\"inner-card\">\n                                                                <div id=\"thumbnail-19116\" class=\"thumbnail-card\">\n\n                                            <img decoding=\"async\" width=\"420\" height=\"270\" data-src=\"https:\/\/www.campingdelmar.com\/wp-content\/uploads\/2051-m-1-420x270.jpg\" class=\"attachment-carousel-small size-carousel-small wp-post-image lazyload\" alt=\"\" src=\"data:image\/svg+xml;base64,PHN2ZyB3aWR0aD0iMSIgaGVpZ2h0PSIxIiB4bWxucz0iaHR0cDovL3d3dy53My5vcmcvMjAwMC9zdmciPjwvc3ZnPg==\" style=\"--smush-placeholder-width: 420px; --smush-placeholder-aspect-ratio: 420\/270;\" \/>                                    <\/div>\n                <div class=\"content-card html-content\">\n                    <h4 class=\"has-blank-3-new-blue-1-color\">Natura                                                                   <\/h4>\n                                    <\/div>\n            <\/div>\n\n\n        <\/a>\n                <a class=\"grid-item-24948\" href=\"https:\/\/www.campingdelmar.com\/ca\/entorn\/esports\/\">\n            <div class=\"inner-card\">\n                                                                <div id=\"thumbnail-19657\" class=\"thumbnail-card\">\n\n                                            <img decoding=\"async\" width=\"420\" height=\"270\" data-src=\"https:\/\/www.campingdelmar.com\/wp-content\/uploads\/matt-hardy-dwo5za5mtha-unsplash-420x270.jpg\" class=\"attachment-carousel-small size-carousel-small wp-post-image lazyload\" alt=\"\" src=\"data:image\/svg+xml;base64,PHN2ZyB3aWR0aD0iMSIgaGVpZ2h0PSIxIiB4bWxucz0iaHR0cDovL3d3dy53My5vcmcvMjAwMC9zdmciPjwvc3ZnPg==\" style=\"--smush-placeholder-width: 420px; --smush-placeholder-aspect-ratio: 420\/270;\" \/>                                    <\/div>\n                <div class=\"content-card html-content\">\n                    <h4 class=\"has-blank-3-new-blue-1-color\">Esports                                                                   <\/h4>\n                                    <\/div>\n            <\/div>\n\n\n        <\/a>\n                <a class=\"grid-item-24951\" href=\"https:\/\/www.campingdelmar.com\/ca\/entorn\/diversio\/\">\n            <div class=\"inner-card\">\n                                                                <div id=\"thumbnail-19658\" class=\"thumbnail-card\">\n\n                                            <img decoding=\"async\" width=\"420\" height=\"270\" data-src=\"https:\/\/www.campingdelmar.com\/wp-content\/uploads\/waterworld-lloret-de-mar-420x270.jpg\" class=\"attachment-carousel-small size-carousel-small wp-post-image lazyload\" alt=\"camping familia catalu\u00f1a\" src=\"data:image\/svg+xml;base64,PHN2ZyB3aWR0aD0iMSIgaGVpZ2h0PSIxIiB4bWxucz0iaHR0cDovL3d3dy53My5vcmcvMjAwMC9zdmciPjwvc3ZnPg==\" style=\"--smush-placeholder-width: 420px; --smush-placeholder-aspect-ratio: 420\/270;\" \/>                                    <\/div>\n                <div class=\"content-card html-content\">\n                    <h4 class=\"has-blank-3-new-blue-1-color\">Diversi\u00f3                                                                   <\/h4>\n                                    <\/div>\n            <\/div>\n\n\n        <\/a>\n            <\/div>\n<\/div>\n\n\n\n<div style=\"height:51px\" aria-hidden=\"true\" class=\"wp-block-spacer\"><\/div>\n\n\n<div class=\"wp-block-columns alignwide is-layout-flex wp-container-core-columns-is-layout-9d6595d7 wp-block-columns-is-layout-flex\">\n<div class=\"wp-block-column is-layout-flow wp-block-column-is-layout-flow\">\n<h2 class=\"has-blank-3-gradientblue-color has-text-color wp-block-heading\">Malgrat de Mar<\/h2>\n\n\n\n<p class=\"has-text-color has-blank-3-black-color\">De llarga<strong> tradici\u00f3 tur\u00edstica<\/strong> i\u00a0 m\u00faltiples atractius, t\u00e9 molt a oferir-te: natura, cultura, hist\u00f2ria, bon menjar, compres i diversi\u00f3.<\/p>\n\n\n\n<p class=\"has-text-color has-blank-3-black-color\">A la <strong>Costa de Barcelona<\/strong> i a tocar de la <strong>Costa Brava<\/strong>, Malgrat de Mar t&#8217;ofereix <strong>vacances per tot<\/strong>! Vine i descobreix-lo!<\/p>\n\n\n\n<p>No et perdis el <strong>Parc Francesc Maci\u00e0<\/strong>, un gran parc ple de diversi\u00f3 per a tota la fam\u00edlia!<\/p>\n\n\n\n<div class=\"wp-block-buttons is-layout-flex wp-block-buttons-is-layout-flex\">\n<div class=\"wp-block-button is-style-outline is-style-outline--1\"><a class=\"wp-block-button__link has-text-color has-blank-3-white-color has-background has-blank-3-gradientblue-background-color\" href=\"https:\/\/www.turismemalgrat.com\/\" target=\"_blank\" rel=\"noreferrer noopener\">M\u00e9s informaci\u00f3<\/a><\/div>\n<\/div>\n<\/div>\n\n\n\n<div class=\"wp-block-column is-layout-flow wp-block-column-is-layout-flow\">\n\n\n                    <style>\n\n\n        <\/style>\n        <article id=\"custom-gallery-block_5e60ee909098f\" class=\"custom-gallery   is-style-rounded\" >\n                        \n            <script>\n            $(window).load(function() {\n\n\n                var slider = tns({\n                    nav: false,\n                    controls: true,\n                    container: '.id-gal724',\n                    items: 1,\n                    autoWidth: false,\n                    autoplay: false,\n                    mouseDrag: true,\n                    responsive: {\n                      0: {\n                        edgePadding: 0,\n                        items: 1\n                      },\n                      400: {\n                        edgePadding: 0,\n                        items: 1\n                      },\n\n                      600: {\n                        edgePadding: 0,\n                        items: 1\n                      },\n                      900: {\n                        edgePadding: 0,\n                        items: 1,\n                        gutter: 0,\n                      }\n                    }\n                  });\n                });\n\n            <\/script><div class=\"galeria clearfix galeria-carousel id-gal724\"><div class=\"item-slider cover\"><div class=\"inner-image cover lazyload\" style=\"background-image:inherit\" data-bg-image=\"url(https:\/\/www.campingdelmar.com\/wp-content\/uploads\/1024px-malgrat-de-mar-03-900x600.jpg)\"><\/div><\/div><div class=\"item-slider cover\"><div class=\"inner-image cover lazyload\" style=\"background-image:inherit\" data-bg-image=\"url(https:\/\/www.campingdelmar.com\/wp-content\/uploads\/box7malgrat.jpg)\"><\/div><\/div><div class=\"item-slider cover\"><div class=\"inner-image cover lazyload\" style=\"background-image:inherit\" data-bg-image=\"url(https:\/\/www.campingdelmar.com\/wp-content\/uploads\/84272-malgrat-de-mar-900x600.jpg)\"><\/div><\/div><div class=\"item-slider cover\"><div class=\"inner-image cover lazyload\" style=\"background-image:inherit\" data-bg-image=\"url(https:\/\/www.campingdelmar.com\/wp-content\/uploads\/carrer-de-mar-malgrat.jpg)\"><\/div><\/div><div class=\"item-slider cover\"><div class=\"inner-image cover lazyload\" style=\"background-image:inherit\" data-bg-image=\"url(https:\/\/www.campingdelmar.com\/wp-content\/uploads\/parc-malgrat-de-mar-2.jpg)\"><\/div><\/div><div class=\"item-slider cover\"><div class=\"inner-image cover lazyload\" style=\"background-image:inherit\" data-bg-image=\"url(https:\/\/www.campingdelmar.com\/wp-content\/uploads\/parque-infantil-1380x700-1380x700-c-900x600.jpg)\"><\/div><\/div><\/div>        <\/article>\n\n\n\n    \n\n\n<\/div>\n<\/div>\n<style>\n.tag-img {\n    width: 80px;\n    height: 80px;\n    margin: 10px;\n    background-size: 40px 40px;\n    background-repeat: no-repeat;\n    background-position: center;\n    background-color: #e4eaec;\n    border: 4px solid #e4eaec;\n    border-radius: 50%;\n}\n#icons-block_5e96baf1a57e1 .icon-wrap {\n    width: calc(100% \/ 4);\n}\n#icons-block_5e96baf1a57e1.is-style-accommodation .icon-wrap{\n    width: calc(100% \/ 4);\n}\n.is-style-accommodation .icons-wrapper{\n    justify-content: center;\n}\n.icon-wrap{\n    display: flex;\n    justify-content: center;\n    flex-wrap: wrap;\n    align-content: flex-start;\n}\n.icons-wrapper {\n    display: flex;\n    flex-wrap: wrap;\n    padding: 20px 10px;\n    font-family: 'Catamaran', sans-serif;\n}\n.tag-title {\n    width: 100%;\n    text-align: center;\n    font-weight: 300;\n    font-size: 14px;\n    text-transform: uppercase;\n    font-family: 'Catamaran', sans-serif;\n    padding-left: 2px;\n    padding-right: 2px;\n}\n.tag-description, .tag-description p{\n    width: 100%;\n    text-align: center;\n    font-size: 12px;\n    padding: 5px;\n    color: gray;\n    letter-spacing: 1px;\n    font-family: 'Catamaran', sans-serif;\n}\n.is-style-accommodation .icon-wrap .tag-img {\n    background-color: transparent;\n    border-color: transparent;\n}\n<\/style>\n\n<article id=\"icons-block_5e96baf1a57e1\" class=\"is-style-default\" >\n   <div class=\"inner-content \">\n\n                     <div class=\"icons-wrapper\">\n                                                                            \n                <div class=\"icon-wrap\">\n                    <div class=\"tag-img lazyload\" style=\"background-image:inherit\" data-bg-image=\"url(https:\/\/www.campingdelmar.com\/wp-content\/uploads\/barcelona.svg)\"><\/div>\n                    <div class=\"tag-title\">Barcelona a 60 km<\/div>\n                    <div class=\"tag-description\">\n                                            <\/div>\n                    <!--<div class=\"icon-tooltip\">\n                                            <\/div>-->\n\n                <\/div>\n                                                                            \n                <div class=\"icon-wrap\">\n                    <div class=\"tag-img lazyload\" style=\"background-image:inherit\" data-bg-image=\"url(https:\/\/www.campingdelmar.com\/wp-content\/uploads\/menorah-grande.svg)\"><\/div>\n                    <div class=\"tag-title\">Girona a 30km<\/div>\n                    <div class=\"tag-description\">\n                                            <\/div>\n                    <!--<div class=\"icon-tooltip\">\n                                            <\/div>-->\n\n                <\/div>\n                                                                            \n                <div class=\"icon-wrap\">\n                    <div class=\"tag-img lazyload\" style=\"background-image:inherit\" data-bg-image=\"url(https:\/\/www.campingdelmar.com\/wp-content\/uploads\/playa.svg)\"><\/div>\n                    <div class=\"tag-title\">4,5km de platja<\/div>\n                    <div class=\"tag-description\">\n                                            <\/div>\n                    <!--<div class=\"icon-tooltip\">\n                                            <\/div>-->\n\n                <\/div>\n                                                                            \n                <div class=\"icon-wrap\">\n                    <div class=\"tag-img lazyload\" style=\"background-image:inherit\" data-bg-image=\"url(https:\/\/www.campingdelmar.com\/wp-content\/uploads\/entrenar.svg)\"><\/div>\n                    <div class=\"tag-title\">Ben comunicat<\/div>\n                    <div class=\"tag-description\">\n                                            <\/div>\n                    <!--<div class=\"icon-tooltip\">\n                                            <\/div>-->\n\n                <\/div>\n                                                                            \n                <div class=\"icon-wrap\">\n                    <div class=\"tag-img lazyload\" style=\"background-image:inherit\" data-bg-image=\"url(https:\/\/www.campingdelmar.com\/wp-content\/uploads\/bicicleta.svg)\"><\/div>\n                    <div class=\"tag-title\">rutes de senderisme i cicloturisme<\/div>\n                    <div class=\"tag-description\">\n                                            <\/div>\n                    <!--<div class=\"icon-tooltip\">\n                                            <\/div>-->\n\n                <\/div>\n                                                                            \n                <div class=\"icon-wrap\">\n                    <div class=\"tag-img lazyload\" style=\"background-image:inherit\" data-bg-image=\"url(https:\/\/www.campingdelmar.com\/wp-content\/uploads\/caridad-familiar.svg)\"><\/div>\n                    <div class=\"tag-title\">Turisme familiar<\/div>\n                    <div class=\"tag-description\">\n                                            <\/div>\n                    <!--<div class=\"icon-tooltip\">\n                                            <\/div>-->\n\n                <\/div>\n                                                                            \n                <div class=\"icon-wrap\">\n                    <div class=\"tag-img lazyload\" style=\"background-image:inherit\" data-bg-image=\"url(https:\/\/www.campingdelmar.com\/wp-content\/uploads\/mayor.svg)\"><\/div>\n                    <div class=\"tag-title\">Turisme senior<\/div>\n                    <div class=\"tag-description\">\n                                            <\/div>\n                    <!--<div class=\"icon-tooltip\">\n                                            <\/div>-->\n\n                <\/div>\n                                                                            \n                <div class=\"icon-wrap\">\n                    <div class=\"tag-img lazyload\" style=\"background-image:inherit\" data-bg-image=\"url(https:\/\/www.campingdelmar.com\/wp-content\/uploads\/flor.svg)\"><\/div>\n                    <div class=\"tag-title\">M\u00e9s de 100.000 M2 de parcs i jardins<\/div>\n                    <div class=\"tag-description\">\n                                            <\/div>\n                    <!--<div class=\"icon-tooltip\">\n                                            <\/div>-->\n\n                <\/div>\n                        <\/div>\n            <\/div>\n\n<\/article>\n\n","protected":false},"excerpt":{"rendered":"<p>Entorn Magn\u00edficament situat entre la Costa Brava i la Costa [&hellip;]<\/p>\n","protected":false},"author":1,"featured_media":0,"parent":0,"menu_order":6,"comment_status":"closed","ping_status":"closed","template":"","meta":{"_acf_changed":false,"_monsterinsights_skip_tracking":false,"_monsterinsights_sitenote_active":false,"_monsterinsights_sitenote_note":"","_monsterinsights_sitenote_category":0,"footnotes":""},"class_list":["post-24931","page","type-page","status-publish","hentry"],"acf":[],"yoast_head":"<!-- This site is optimized with the Yoast SEO plugin v26.8 - https:\/\/yoast.com\/product\/yoast-seo-wordpress\/ -->\n<title>Entorn - Camping del Mar<\/title>\n<meta name=\"description\" content=\"Entorn Magn\u00edficament situat entre la Costa Brava i la Costa de Barcelona-Maresme, i als peus del Parc Natural del Montnegre-Corredor, Malgrat de Mar \u00e9s un\" \/>\n<meta name=\"robots\" content=\"index, follow, max-snippet:-1, max-image-preview:large, max-video-preview:-1\" \/>\n<link rel=\"canonical\" href=\"https:\/\/www.campingdelmar.com\/ca\/entorn\/\" \/>\n<meta property=\"og:locale\" content=\"ca_ES\" \/>\n<meta property=\"og:type\" content=\"article\" \/>\n<meta property=\"og:title\" content=\"Entorn - Camping del Mar\" \/>\n<meta property=\"og:description\" content=\"Entorn Magn\u00edficament situat entre la Costa Brava i la Costa de Barcelona-Maresme, i als peus del Parc Natural del Montnegre-Corredor, Malgrat de Mar \u00e9s un\" \/>\n<meta property=\"og:url\" content=\"https:\/\/www.campingdelmar.com\/ca\/entorn\/\" \/>\n<meta property=\"og:site_name\" content=\"Camping del Mar\" \/>\n<meta property=\"article:modified_time\" content=\"2022-12-30T10:12:47+00:00\" \/>\n<meta name=\"twitter:card\" content=\"summary_large_image\" \/>\n<script type=\"application\/ld+json\" class=\"yoast-schema-graph\">{\"@context\":\"https:\/\/schema.org\",\"@graph\":[{\"@type\":\"WebPage\",\"@id\":\"https:\/\/www.campingdelmar.com\/ca\/entorn\/\",\"url\":\"https:\/\/www.campingdelmar.com\/ca\/entorn\/\",\"name\":\"Entorn - Camping del Mar\",\"isPartOf\":{\"@id\":\"https:\/\/www.campingdelmar.com\/ca\/#website\"},\"datePublished\":\"2020-04-29T10:18:53+00:00\",\"dateModified\":\"2022-12-30T10:12:47+00:00\",\"description\":\"Entorn Magn\u00edficament situat entre la Costa Brava i la Costa de Barcelona-Maresme, i als peus del Parc Natural del Montnegre-Corredor, Malgrat de Mar \u00e9s un\",\"breadcrumb\":{\"@id\":\"https:\/\/www.campingdelmar.com\/ca\/entorn\/#breadcrumb\"},\"inLanguage\":\"ca\",\"potentialAction\":[{\"@type\":\"ReadAction\",\"target\":[\"https:\/\/www.campingdelmar.com\/ca\/entorn\/\"]}]},{\"@type\":\"BreadcrumbList\",\"@id\":\"https:\/\/www.campingdelmar.com\/ca\/entorn\/#breadcrumb\",\"itemListElement\":[{\"@type\":\"ListItem\",\"position\":1,\"name\":\"Inici\",\"item\":\"https:\/\/www.campingdelmar.com\/ca\/\"},{\"@type\":\"ListItem\",\"position\":2,\"name\":\"Entorn\"}]},{\"@type\":\"WebSite\",\"@id\":\"https:\/\/www.campingdelmar.com\/ca\/#website\",\"url\":\"https:\/\/www.campingdelmar.com\/ca\/\",\"name\":\"Camping del Mar\",\"description\":\"Bungalow Park, Malgrat de Mar\",\"publisher\":{\"@id\":\"https:\/\/www.campingdelmar.com\/ca\/#organization\"},\"potentialAction\":[{\"@type\":\"SearchAction\",\"target\":{\"@type\":\"EntryPoint\",\"urlTemplate\":\"https:\/\/www.campingdelmar.com\/ca\/?s={search_term_string}\"},\"query-input\":{\"@type\":\"PropertyValueSpecification\",\"valueRequired\":true,\"valueName\":\"search_term_string\"}}],\"inLanguage\":\"ca\"},{\"@type\":\"Organization\",\"@id\":\"https:\/\/www.campingdelmar.com\/ca\/#organization\",\"name\":\"Camping del Mar\",\"url\":\"https:\/\/www.campingdelmar.com\/ca\/\",\"logo\":{\"@type\":\"ImageObject\",\"inLanguage\":\"ca\",\"@id\":\"https:\/\/www.campingdelmar.com\/ca\/#\/schema\/logo\/image\/\",\"url\":\"https:\/\/www.campingdelmar.com\/wp-content\/uploads\/camping-del-mar-logo.jpg\",\"contentUrl\":\"https:\/\/www.campingdelmar.com\/wp-content\/uploads\/camping-del-mar-logo.jpg\",\"width\":619,\"height\":697,\"caption\":\"Camping del Mar\"},\"image\":{\"@id\":\"https:\/\/www.campingdelmar.com\/ca\/#\/schema\/logo\/image\/\"}}]}<\/script>\n<!-- \/ Yoast SEO plugin. -->","yoast_head_json":{"title":"Entorn - Camping del Mar","description":"Entorn Magn\u00edficament situat entre la Costa Brava i la Costa de Barcelona-Maresme, i als peus del Parc Natural del Montnegre-Corredor, Malgrat de Mar \u00e9s un","robots":{"index":"index","follow":"follow","max-snippet":"max-snippet:-1","max-image-preview":"max-image-preview:large","max-video-preview":"max-video-preview:-1"},"canonical":"https:\/\/www.campingdelmar.com\/ca\/entorn\/","og_locale":"ca_ES","og_type":"article","og_title":"Entorn - Camping del Mar","og_description":"Entorn Magn\u00edficament situat entre la Costa Brava i la Costa de Barcelona-Maresme, i als peus del Parc Natural del Montnegre-Corredor, Malgrat de Mar \u00e9s un","og_url":"https:\/\/www.campingdelmar.com\/ca\/entorn\/","og_site_name":"Camping del Mar","article_modified_time":"2022-12-30T10:12:47+00:00","twitter_card":"summary_large_image","schema":{"@context":"https:\/\/schema.org","@graph":[{"@type":"WebPage","@id":"https:\/\/www.campingdelmar.com\/ca\/entorn\/","url":"https:\/\/www.campingdelmar.com\/ca\/entorn\/","name":"Entorn - Camping del Mar","isPartOf":{"@id":"https:\/\/www.campingdelmar.com\/ca\/#website"},"datePublished":"2020-04-29T10:18:53+00:00","dateModified":"2022-12-30T10:12:47+00:00","description":"Entorn Magn\u00edficament situat entre la Costa Brava i la Costa de Barcelona-Maresme, i als peus del Parc Natural del Montnegre-Corredor, Malgrat de Mar \u00e9s un","breadcrumb":{"@id":"https:\/\/www.campingdelmar.com\/ca\/entorn\/#breadcrumb"},"inLanguage":"ca","potentialAction":[{"@type":"ReadAction","target":["https:\/\/www.campingdelmar.com\/ca\/entorn\/"]}]},{"@type":"BreadcrumbList","@id":"https:\/\/www.campingdelmar.com\/ca\/entorn\/#breadcrumb","itemListElement":[{"@type":"ListItem","position":1,"name":"Inici","item":"https:\/\/www.campingdelmar.com\/ca\/"},{"@type":"ListItem","position":2,"name":"Entorn"}]},{"@type":"WebSite","@id":"https:\/\/www.campingdelmar.com\/ca\/#website","url":"https:\/\/www.campingdelmar.com\/ca\/","name":"Camping del Mar","description":"Bungalow Park, Malgrat de Mar","publisher":{"@id":"https:\/\/www.campingdelmar.com\/ca\/#organization"},"potentialAction":[{"@type":"SearchAction","target":{"@type":"EntryPoint","urlTemplate":"https:\/\/www.campingdelmar.com\/ca\/?s={search_term_string}"},"query-input":{"@type":"PropertyValueSpecification","valueRequired":true,"valueName":"search_term_string"}}],"inLanguage":"ca"},{"@type":"Organization","@id":"https:\/\/www.campingdelmar.com\/ca\/#organization","name":"Camping del Mar","url":"https:\/\/www.campingdelmar.com\/ca\/","logo":{"@type":"ImageObject","inLanguage":"ca","@id":"https:\/\/www.campingdelmar.com\/ca\/#\/schema\/logo\/image\/","url":"https:\/\/www.campingdelmar.com\/wp-content\/uploads\/camping-del-mar-logo.jpg","contentUrl":"https:\/\/www.campingdelmar.com\/wp-content\/uploads\/camping-del-mar-logo.jpg","width":619,"height":697,"caption":"Camping del Mar"},"image":{"@id":"https:\/\/www.campingdelmar.com\/ca\/#\/schema\/logo\/image\/"}}]}},"_links":{"self":[{"href":"https:\/\/www.campingdelmar.com\/ca\/wp-json\/wp\/v2\/pages\/24931","targetHints":{"allow":["GET"]}}],"collection":[{"href":"https:\/\/www.campingdelmar.com\/ca\/wp-json\/wp\/v2\/pages"}],"about":[{"href":"https:\/\/www.campingdelmar.com\/ca\/wp-json\/wp\/v2\/types\/page"}],"author":[{"embeddable":true,"href":"https:\/\/www.campingdelmar.com\/ca\/wp-json\/wp\/v2\/users\/1"}],"replies":[{"embeddable":true,"href":"https:\/\/www.campingdelmar.com\/ca\/wp-json\/wp\/v2\/comments?post=24931"}],"version-history":[{"count":4,"href":"https:\/\/www.campingdelmar.com\/ca\/wp-json\/wp\/v2\/pages\/24931\/revisions"}],"predecessor-version":[{"id":40487,"href":"https:\/\/www.campingdelmar.com\/ca\/wp-json\/wp\/v2\/pages\/24931\/revisions\/40487"}],"wp:attachment":[{"href":"https:\/\/www.campingdelmar.com\/ca\/wp-json\/wp\/v2\/media?parent=24931"}],"curies":[{"name":"wp","href":"https:\/\/api.w.org\/{rel}","templated":true}]}}