{"id":25041,"date":"2020-04-30T16:26:26","date_gmt":"2020-04-30T14:26:26","guid":{"rendered":"https:\/\/www.campingdelmar.com\/politica-de-privacitat\/"},"modified":"2022-08-29T13:53:20","modified_gmt":"2022-08-29T11:53:20","slug":"politica-de-privacitat","status":"publish","type":"page","link":"https:\/\/www.campingdelmar.com\/ca\/politica-de-privacitat\/","title":{"rendered":"Pol\u00edtica de privacitat"},"content":{"rendered":"\n<h2 class=\"has-blank-3-gradientblue-color has-text-color wp-block-heading\">Pol\u00edtica de privacitat<\/h2>\n\n\n\n<p>La present Pol\u00edtica de Privacitat regula el tractament de les dades personals que poguessin ser recopilades i\/o tractades durant la navegaci\u00f3 i contractaci\u00f3 o adhesi\u00f3 als productes inclosos i\/o accessibles tots ells a trav\u00e9s del lloc web www.campingdelmar.com (d&#8217;aqu\u00ed en endavant, el \u201cLloc\u201d, la \u201cP\u00e0gina\u201d o \u201cWeb\u201d) titularitat de CAMPING DEL MAR MALGRAT, S.L.<\/p>\n\n\n\n<p>En mat\u00e8ria de protecci\u00f3 de dades CAMPING DEL MAR MALGRAT, S.L., garanteix el compliment del Reglament (UE) 2016\/679 del Parlament Europeu i del Consell, de 27 d&#8217;abril de 2016 (Reglament General de Protecci\u00f3 de Dades).<\/p>\n\n\n\n<p><ol><li><strong> RESPONSABLE DEL TRACTAMENT\u00a0DE LES DADES<\/strong><\/li>&#13;\n<\/ol><\/p>\n\n\n\n<p>Les seves dades seran recollides i tractades per:<\/p>\n\n\n\n<p><ul><li>CAMPING DEL MAR MALGRAT, S.L.., a partir d&#8217;ara, \u201cCAMPING DEL MAR\u201d<\/li>&#13;\n \t<li>CIF: B-66135773<\/li>&#13;\n \t<li>Direcci\u00f3\u00a0Postal: Av. Pomareda, s\/n &#8211; 08380 Malgrat de Mar (Espa\u00f1a)<\/li>&#13;\n \t<li>Tel\u00e8fon: +34 93 765 37 67<\/li>&#13;\n \t<li>Email: info@campingdelmar.com<\/li>&#13;\n<\/ul><\/p>\n\n\n\n<p><ol start=\"2\"><li><strong> FINALITAT DEL TRACTAMENT<\/strong><\/li>&#13;\n<\/ol><\/p>\n\n\n\n<p>CAMPING DEL MAR recollir\u00e0 les seves dades personals a trav\u00e9s dels formularis ubicats a la Web i els tractar\u00e0 amb les seg\u00fcents finalitats:<\/p>\n\n\n\n<ul class=\"wp-block-list\"><li>Atendre les consultes i gestionar la remissi\u00f3 de la informaci\u00f3 que els usuaris sol\u00b7liciten a trav\u00e9s dels formularis de contacte ubicats a la web;<\/li><li>Gestionar la realitzaci\u00f3 de reserves i\/o prereserves sol\u00b7licitades per l&#8217;usuari;<\/li><li>Enviament de la confirmaci\u00f3 o documentaci\u00f3 de la reserva realitzada;\r\n\r\nEn el sup\u00f2sit de donar el consentiment per aquest fi, l&#8217;enviament de comunicacions comercials per part de CAMPING DEL MAR<\/li><li>Les dades sol\u00b7licitades marcades com a obligat\u00f2ries s\u00f3n necess\u00e0ries per a la correcta prestaci\u00f3 dels serveis i, per tant, la negativa a a subministrar-los suposar\u00e0 la impossibilitat de prestar els mateixos. En aquells casos en que se sol\u00b7licitin dades que no siguin obligat\u00f2ries, se li indicar\u00e0 en el mateix formulari. <\/li><li>En cas que l&#8217;usuari faciliti dades de tercers, manifesta comptar amb el consentiment dels mateixos i es compromet a traslladar-los la informaci\u00f3 continguda en la Pol\u00edtica de Privacitat, eximint a CAMPING DEL MAR de qualsevol responsabilitat en aquest sentit. <\/li><\/ul>\n\n\n\n<p>En cas que l&#8217;usuari faciliti dades de tercers, manifesta comptar amb el consentiment dels mateixos i es compromet a traslladar-los la informaci\u00f3 continguda en la Pol\u00edtica de Privacitat, eximint a CAMPING DEL MAR de qualsevol responsabilitat en aquest sentit. <\/p>\n\n\n\n<p>L&#8217;informem que CAMPING DEL MAR no utilitzar\u00e0 les seves dades personals per a l\u2019elaboraci\u00f3 de perfils, ni per l&#8217;adopci\u00f3 de decisions automatitzades.<\/p>\n\n\n\n<p><ol start=\"3\"><li><strong> CONSERVACI\u00d3\u00a0DE LES DADES<\/strong><\/li>&#13;\n<\/ol><\/p>\n\n\n\n<p>En cas de que l&#8217;usuari contracti els serveis de CAMPING DEL MAR, les dades personals es conservaran mentre es mantingui la relaci\u00f3 contractual entre les parts i, en tot cas, fins que transcorri el termini per exigir responsabilitats derivades de la relaci\u00f3 contractual i altres obligacions legals.<\/p>\n\n\n\n<p>En la resta de casos, les dades personals proporcionades es conservaran mentre no se sol\u00b7liciti la supressi\u00f3 per l&#8217;interessat. aix\u00ed mateix, les dades seran conservades conforme als terminis legals establerts en mat\u00e8ria legal, fiscal i comptable, prenent com a refer\u00e8ncia la data de la sol\u00b7licitud de supressi\u00f3 de les dades efectuada per l&#8217;interessat.<\/p>\n\n\n\n<p><ol start=\"4\"><li><strong> LEGITIMACI\u00d3\u00a0PER AL\u00a0TRACTAMENT\u00a0DE LES SEVES DADES<\/strong><\/li>&#13;\n<\/ol><\/p>\n\n\n\n<p>En cas de que l&#8217;usuari contracti els serveis de CAMPING DEL MAR, la base legal per al tractament de les seves dades personals consistir\u00e0 en l&#8217;execuci\u00f3 del corresponent contracte suscrit entre les parts.<\/p>\n\n\n\n<p>En els sup\u00f2sits en els que l&#8217;usuari realitzi consultes a trav\u00e9s dels formularis ubicats a la web, la base legal per al tractament de les seves dades residir\u00e0 en el consentiment prestat lliurement per l&#8217;usuari.<\/p>\n\n\n\n<p>Quan l&#8217;usuari faciliti les seves dades personals per a la recepci\u00f3 de comunicacions comercials, la base legal per al tractament de les seves dades personals residir\u00e0 en el consentiment lliurement prestat pel propi usuari.<\/p>\n\n\n\n<p><ol start=\"5\"><li><strong> DESTINATARIS<\/strong><\/li>&#13;\n<\/ol><\/p>\n\n\n\n<p>CAMPING DEL MAR no realitzar\u00e0 cap cessi\u00f3 ni transfer\u00e8ncia de dades, excepte per obligaci\u00f3 legal.<\/p>\n\n\n\n<p><ol start=\"6\"><li><strong> DRETS DE L&#8217;INTERESSAT<\/strong><\/li>&#13;\n<\/ol><\/p>\n\n\n\n<p>L&#8217;interessat pot exercir els seg\u00fcents drets:<\/p>\n\n\n\n<ul class=\"wp-block-list\"><li>Dret a sol\u00b7licitar l\u2019acc\u00e9s a les seves dades personals.<\/li><li>Dret a sol\u00b7licitar la seva rectificaci\u00f3 o supressi\u00f3.<\/li><li>Dret a sol\u00b7licitar la limitaci\u00f3 del seu tractament.<\/li><li>Dret a oposar-se al tractament.<\/li><li>Dret a la portabilitat de les seves dades.<\/li><li>Dret a retirar el consentiment prestat.<\/li><\/ul>\n\n\n\n<p>Qualsevol persona t\u00e9 dret a con\u00e8ixer si CAMPING DEL MAR trata dades personals que li concerneixen, o no. Les persones interessades tenen dret a accedir a les seves dades personals, aix\u00ed com a sol\u00b7licitar la rectificaci\u00f3 de les dades inexactes o , en el seu cas, sol\u00b7licitar la seva supressi\u00f3 quan, entre altres motius, les dades ja no siguin necess\u00e0ries per a la finalitat que van ser recollits.<\/p>\n\n\n\n<p>En determinades circumst\u00e0ncies, els interessats podran sol\u00b7licitar la limitaci\u00f3 del tractament de les seves dades, en aquest cas \u00fanicament els conservarem per a l&#8217;exercici o defensa de reclamacions.<\/p>\n\n\n\n<p>Per motius relacionats amb la seva situaci\u00f3 particular, els interessats podran oposar-se al tractament de les seves dades. CAMPING DEL MAR deixar\u00e0 de tractar les dades, excepte per a motius leg\u00edtims imperiosos, o l&#8217;exercici o defensa de possibles reclamacions.<\/p>\n\n\n\n<p>Vost\u00e8 pot exercir els seus drets mitjan\u00e7ant comunicaci\u00f3 escrita dirigida a:\r\nEmail: <a href=\"mailto:info@campingdelmar.com\">info@campingdelmar.com<\/a><\/p>\n\n\n\n<p>O b\u00e9, a l&#8217;adre\u00e7a postal indicada a l&#8217;inici d&#8217;aquesta Pol\u00edtica de Privacitat.<\/p>\n\n\n\n<p>Per a l&#8217;efectiu exercici dels seus drets, l&#8217;interessat haur\u00e0 d&#8217;acompanyar, junt amb la sol\u00b7licitud, una fotoc\u00f2pia del document corresponent per acreditar la seva identitat (NIF, DNI, etc.).<\/p>\n\n\n\n<p>Finalment, l&#8217;informem que t\u00e9 dret a acudir a l&#8217;Ag\u00e8ncia Estatal de Protecci\u00f3 de Dades per a presentar una reclamaci\u00f3, si considera que s&#8217;ha vulnerat algun dels seus drets. A trav\u00e9s del seg\u00fcent enlla\u00e7, trobar\u00e0 les dades de contacte de la mencionada Ag\u00e8ncia. <\/p>\n\n\n\n<p><a href=\"https:\/\/www.aepd.es\/es\">https:\/\/www.aepd.es\/es<\/a><\/p>\n\n\n\n<p><ol start=\"7\"><li><strong> MESURES DE SEGURETAT<\/strong><\/li>&#13;\n<\/ol><\/p>\n\n\n\n<p>CAMPING DEL MAR l&#8217;informa que t\u00e9 implantades les mesures de seguretat de car\u00e0cter t\u00e8cnic i organitzatives necess\u00e0ries per a garantir la seguretat de les seves dades de car\u00e0cter persona i evitar la seva alteraci\u00f3, p\u00e8rdua, tractament i\/o acc\u00e9s no autoritzat, tenint en compte l&#8217;estat de la tecnologia, la naturalesa de les dades emmagatzemades i els riscos als que estan exposats, ja provinguin de l&#8217;acci\u00f3 humana o del medi f\u00edsic o natural.<\/p>\n\n\n\n<p><strong>8. LINKS<\/strong><\/p>\n\n\n\n<p>El lloc web pot incloure hipervincles a altres llocs que no s\u00f3n operats o controlats per CAMPING DEL MAR. Per aix\u00f2, CAMPING DEL MAR no garanteix, ni es fa responsable de la licitud, fiabilitat, veracitat i actualitat dels continguts d&#8217;aquests llocs web o de les seves pr\u00e0ctiques de seguretat.<\/p>\n\n\n\n<p>Si us plau, abans de proporcionar la seva informaci\u00f3 personal a aquests llocs web aliens tingui en compte que les seves pr\u00e0ctiques de privacitat poden diferir de les nostres.<\/p>\n\n\n\n<p><strong>9. POL\u00cdTICA DE \u201cCOOKIES\u201d<\/strong><\/p>\n\n\n\n<p>Aquest lloc web utilitza cookies. Les cookies s\u00f3n petits fitxers de dades que es generen a l&#8217;ordinador de l&#8217;usuari i que ens permeten con\u00e8ixer la seva freq\u00fc\u00e8ncia de visites i els continguts m\u00e9s seleccionats.<\/p>\n\n\n\n<p>L&#8217;usuari t\u00e9 la opci\u00f3 d&#8217;impedir la generaci\u00f3 de cookies, mitjan\u00e7ant la selecci\u00f3 de la corresponent opci\u00f3 en el seu programa de navegaci\u00f3.<\/p>\n\n\n\n<p>Per a m\u00e9s informaci\u00f3, pot consultar la nostra Pol\u00edtica de Cookies.<\/p>\n\n\n\n<p><ol start=\"10\"><li><strong> MODIFICACI\u00d3\u00a0DE LA POL\u00cdTICA DE PRIVACITAT<\/strong><\/li>&#13;\n<\/ol><\/p>\n\n\n\n<p>CAMPING DEL MAR es reserva el dret a modificar la present Pol\u00edtica de Privacitat, d&#8217;acord amb el seu propi criteri, motivat per un canvi legislatiu, jurisprudencial o doctrinal de l&#8217;Ag\u00e8ncia Espanyola de Protecci\u00f3 de Dades.<\/p>\n\n\n\n<p>L&#8217;informarem sobre aquests canvis mitjan\u00e7ant la publicaci\u00f3 de la Pol\u00edtica de Privacitat i Protecci\u00f3 de Dades modificada en la pr\u00f2pia Web aix\u00ed com mitjan\u00e7ant el corresponent av\u00eds que s&#8217;ubicar\u00e0 en la p\u00e0gina d&#8217;inici.<\/p>\n\n\n\n<p><ol start=\"11\"><li><strong> LEGISLACI\u00d3N APLICABLE Y COMPETENCIA JURISDICCIONAL<\/strong><\/li>&#13;\n<\/ol><\/p>\n\n\n\n<p>Els presents termes i condicions d&#8217;\u00fas es regeixen per la legislaci\u00f3 espanyola aplicable en la mat\u00e8ria. Per resoldre qualsevol controv\u00e8rsia o conflicte que es derivi, les parts se sotmeten a la jurisdicci\u00f3 dels tribunals de, ARENYS DE MAR (Barcelona), la ciutat origen de l&#8217;empresa propiet\u00e0ria del lloc web llevat que la llei imposi una altra jurisdicci\u00f3.<\/p>\n","protected":false},"excerpt":{"rendered":"<p>Pol\u00edtica de privacitat La present Pol\u00edtica de Privacitat regula el [&hellip;]<\/p>\n","protected":false},"author":1,"featured_media":0,"parent":0,"menu_order":11,"comment_status":"closed","ping_status":"closed","template":"","meta":{"_acf_changed":false,"_monsterinsights_skip_tracking":false,"_monsterinsights_sitenote_active":false,"_monsterinsights_sitenote_note":"","_monsterinsights_sitenote_category":0,"footnotes":""},"class_list":["post-25041","page","type-page","status-publish","hentry"],"acf":[],"yoast_head":"<!-- This site is optimized with the Yoast SEO plugin v26.8 - https:\/\/yoast.com\/product\/yoast-seo-wordpress\/ -->\n<title>Pol\u00edtica de privacitat - Camping del Mar<\/title>\n<meta name=\"description\" content=\"Pol\u00edtica de privacitat La present Pol\u00edtica de Privacitat regula el tractament de les dades personals que poguessin ser recopilades i\/o tractades durant la\" \/>\n<meta name=\"robots\" content=\"index, follow, max-snippet:-1, max-image-preview:large, max-video-preview:-1\" \/>\n<link rel=\"canonical\" href=\"https:\/\/www.campingdelmar.com\/ca\/politica-de-privacitat\/\" \/>\n<meta property=\"og:locale\" content=\"ca_ES\" \/>\n<meta property=\"og:type\" content=\"article\" \/>\n<meta property=\"og:title\" content=\"Pol\u00edtica de privacitat - Camping del Mar\" \/>\n<meta property=\"og:description\" content=\"Pol\u00edtica de privacitat La present Pol\u00edtica de Privacitat regula el tractament de les dades personals que poguessin ser recopilades i\/o tractades durant la\" \/>\n<meta property=\"og:url\" content=\"https:\/\/www.campingdelmar.com\/ca\/politica-de-privacitat\/\" \/>\n<meta property=\"og:site_name\" content=\"Camping del Mar\" \/>\n<meta property=\"article:modified_time\" content=\"2022-08-29T11:53:20+00:00\" \/>\n<meta name=\"twitter:card\" content=\"summary_large_image\" \/>\n<meta name=\"twitter:label1\" content=\"Temps estimat de lectura\" \/>\n\t<meta name=\"twitter:data1\" content=\"6 minuts\" \/>\n<script type=\"application\/ld+json\" class=\"yoast-schema-graph\">{\"@context\":\"https:\/\/schema.org\",\"@graph\":[{\"@type\":\"WebPage\",\"@id\":\"https:\/\/www.campingdelmar.com\/ca\/politica-de-privacitat\/\",\"url\":\"https:\/\/www.campingdelmar.com\/ca\/politica-de-privacitat\/\",\"name\":\"Pol\u00edtica de privacitat - Camping del Mar\",\"isPartOf\":{\"@id\":\"https:\/\/www.campingdelmar.com\/ca\/#website\"},\"datePublished\":\"2020-04-30T14:26:26+00:00\",\"dateModified\":\"2022-08-29T11:53:20+00:00\",\"description\":\"Pol\u00edtica de privacitat La present Pol\u00edtica de Privacitat regula el tractament de les dades personals que poguessin ser recopilades i\/o tractades durant la\",\"breadcrumb\":{\"@id\":\"https:\/\/www.campingdelmar.com\/ca\/politica-de-privacitat\/#breadcrumb\"},\"inLanguage\":\"ca\",\"potentialAction\":[{\"@type\":\"ReadAction\",\"target\":[\"https:\/\/www.campingdelmar.com\/ca\/politica-de-privacitat\/\"]}]},{\"@type\":\"BreadcrumbList\",\"@id\":\"https:\/\/www.campingdelmar.com\/ca\/politica-de-privacitat\/#breadcrumb\",\"itemListElement\":[{\"@type\":\"ListItem\",\"position\":1,\"name\":\"Inici\",\"item\":\"https:\/\/www.campingdelmar.com\/ca\/\"},{\"@type\":\"ListItem\",\"position\":2,\"name\":\"Pol\u00edtica de privacitat\"}]},{\"@type\":\"WebSite\",\"@id\":\"https:\/\/www.campingdelmar.com\/ca\/#website\",\"url\":\"https:\/\/www.campingdelmar.com\/ca\/\",\"name\":\"Camping del Mar\",\"description\":\"Bungalow Park, Malgrat de Mar\",\"publisher\":{\"@id\":\"https:\/\/www.campingdelmar.com\/ca\/#organization\"},\"potentialAction\":[{\"@type\":\"SearchAction\",\"target\":{\"@type\":\"EntryPoint\",\"urlTemplate\":\"https:\/\/www.campingdelmar.com\/ca\/?s={search_term_string}\"},\"query-input\":{\"@type\":\"PropertyValueSpecification\",\"valueRequired\":true,\"valueName\":\"search_term_string\"}}],\"inLanguage\":\"ca\"},{\"@type\":\"Organization\",\"@id\":\"https:\/\/www.campingdelmar.com\/ca\/#organization\",\"name\":\"Camping del Mar\",\"url\":\"https:\/\/www.campingdelmar.com\/ca\/\",\"logo\":{\"@type\":\"ImageObject\",\"inLanguage\":\"ca\",\"@id\":\"https:\/\/www.campingdelmar.com\/ca\/#\/schema\/logo\/image\/\",\"url\":\"https:\/\/www.campingdelmar.com\/wp-content\/uploads\/camping-del-mar-logo.jpg\",\"contentUrl\":\"https:\/\/www.campingdelmar.com\/wp-content\/uploads\/camping-del-mar-logo.jpg\",\"width\":619,\"height\":697,\"caption\":\"Camping del Mar\"},\"image\":{\"@id\":\"https:\/\/www.campingdelmar.com\/ca\/#\/schema\/logo\/image\/\"}}]}<\/script>\n<!-- \/ Yoast SEO plugin. -->","yoast_head_json":{"title":"Pol\u00edtica de privacitat - Camping del Mar","description":"Pol\u00edtica de privacitat La present Pol\u00edtica de Privacitat regula el tractament de les dades personals que poguessin ser recopilades i\/o tractades durant la","robots":{"index":"index","follow":"follow","max-snippet":"max-snippet:-1","max-image-preview":"max-image-preview:large","max-video-preview":"max-video-preview:-1"},"canonical":"https:\/\/www.campingdelmar.com\/ca\/politica-de-privacitat\/","og_locale":"ca_ES","og_type":"article","og_title":"Pol\u00edtica de privacitat - Camping del Mar","og_description":"Pol\u00edtica de privacitat La present Pol\u00edtica de Privacitat regula el tractament de les dades personals que poguessin ser recopilades i\/o tractades durant la","og_url":"https:\/\/www.campingdelmar.com\/ca\/politica-de-privacitat\/","og_site_name":"Camping del Mar","article_modified_time":"2022-08-29T11:53:20+00:00","twitter_card":"summary_large_image","twitter_misc":{"Temps estimat de lectura":"6 minuts"},"schema":{"@context":"https:\/\/schema.org","@graph":[{"@type":"WebPage","@id":"https:\/\/www.campingdelmar.com\/ca\/politica-de-privacitat\/","url":"https:\/\/www.campingdelmar.com\/ca\/politica-de-privacitat\/","name":"Pol\u00edtica de privacitat - Camping del Mar","isPartOf":{"@id":"https:\/\/www.campingdelmar.com\/ca\/#website"},"datePublished":"2020-04-30T14:26:26+00:00","dateModified":"2022-08-29T11:53:20+00:00","description":"Pol\u00edtica de privacitat La present Pol\u00edtica de Privacitat regula el tractament de les dades personals que poguessin ser recopilades i\/o tractades durant la","breadcrumb":{"@id":"https:\/\/www.campingdelmar.com\/ca\/politica-de-privacitat\/#breadcrumb"},"inLanguage":"ca","potentialAction":[{"@type":"ReadAction","target":["https:\/\/www.campingdelmar.com\/ca\/politica-de-privacitat\/"]}]},{"@type":"BreadcrumbList","@id":"https:\/\/www.campingdelmar.com\/ca\/politica-de-privacitat\/#breadcrumb","itemListElement":[{"@type":"ListItem","position":1,"name":"Inici","item":"https:\/\/www.campingdelmar.com\/ca\/"},{"@type":"ListItem","position":2,"name":"Pol\u00edtica de privacitat"}]},{"@type":"WebSite","@id":"https:\/\/www.campingdelmar.com\/ca\/#website","url":"https:\/\/www.campingdelmar.com\/ca\/","name":"Camping del Mar","description":"Bungalow Park, Malgrat de Mar","publisher":{"@id":"https:\/\/www.campingdelmar.com\/ca\/#organization"},"potentialAction":[{"@type":"SearchAction","target":{"@type":"EntryPoint","urlTemplate":"https:\/\/www.campingdelmar.com\/ca\/?s={search_term_string}"},"query-input":{"@type":"PropertyValueSpecification","valueRequired":true,"valueName":"search_term_string"}}],"inLanguage":"ca"},{"@type":"Organization","@id":"https:\/\/www.campingdelmar.com\/ca\/#organization","name":"Camping del Mar","url":"https:\/\/www.campingdelmar.com\/ca\/","logo":{"@type":"ImageObject","inLanguage":"ca","@id":"https:\/\/www.campingdelmar.com\/ca\/#\/schema\/logo\/image\/","url":"https:\/\/www.campingdelmar.com\/wp-content\/uploads\/camping-del-mar-logo.jpg","contentUrl":"https:\/\/www.campingdelmar.com\/wp-content\/uploads\/camping-del-mar-logo.jpg","width":619,"height":697,"caption":"Camping del Mar"},"image":{"@id":"https:\/\/www.campingdelmar.com\/ca\/#\/schema\/logo\/image\/"}}]}},"_links":{"self":[{"href":"https:\/\/www.campingdelmar.com\/ca\/wp-json\/wp\/v2\/pages\/25041","targetHints":{"allow":["GET"]}}],"collection":[{"href":"https:\/\/www.campingdelmar.com\/ca\/wp-json\/wp\/v2\/pages"}],"about":[{"href":"https:\/\/www.campingdelmar.com\/ca\/wp-json\/wp\/v2\/types\/page"}],"author":[{"embeddable":true,"href":"https:\/\/www.campingdelmar.com\/ca\/wp-json\/wp\/v2\/users\/1"}],"replies":[{"embeddable":true,"href":"https:\/\/www.campingdelmar.com\/ca\/wp-json\/wp\/v2\/comments?post=25041"}],"version-history":[{"count":3,"href":"https:\/\/www.campingdelmar.com\/ca\/wp-json\/wp\/v2\/pages\/25041\/revisions"}],"predecessor-version":[{"id":37205,"href":"https:\/\/www.campingdelmar.com\/ca\/wp-json\/wp\/v2\/pages\/25041\/revisions\/37205"}],"wp:attachment":[{"href":"https:\/\/www.campingdelmar.com\/ca\/wp-json\/wp\/v2\/media?parent=25041"}],"curies":[{"name":"wp","href":"https:\/\/api.w.org\/{rel}","templated":true}]}}