{"id":26143,"date":"2020-03-11T10:14:17","date_gmt":"2020-03-11T09:14:17","guid":{"rendered":"https:\/\/www.campingdelmar.com\/blog\/"},"modified":"2023-04-10T13:17:33","modified_gmt":"2023-04-10T11:17:33","slug":"blog","status":"publish","type":"page","link":"https:\/\/www.campingdelmar.com\/ca\/blog\/","title":{"rendered":"Blog"},"content":{"rendered":"\n<p>A Camping del Mar ens agrada explicar curiositats, mostrar experi\u00e8ncies que podeu viure a l&#8217;entorn on ens situem, explicar-vos alguna recepta secreta&#8230; Si vols saber m\u00e9s sobre aix\u00f2, estigues atent al blog i inscriu-te a la Newsletter per no perdre&#8217;t ni una promoci\u00f3 i estar al dia de T-O-D-O (o aix\u00f2 intentarem)<\/p>\n\n<div class=\"wp-block-query entrades-blog is-layout-flow wp-block-query-is-layout-flow\"><ul class=\"wp-block-post-template is-layout-flow wp-block-post-template-is-layout-flow\"><li class=\"wp-block-post post-52323 post type-post status-publish format-standard hentry category-blog-ca\">\n\n\n\n<div class=\"wp-block-group is-layout-constrained wp-block-group-is-layout-constrained\">\n<p class=\"taxonomy-category has-link-color wp-elements-80aa2098d6e75246241c830061e4b1f4\" style=\"font-size:12px\"><a href=\"https:\/\/www.campingdelmar.com\/ca\/blog\/\">Blog<\/a><\/p>\n\n\n<h2 class=\"has-link-color wp-elements-1f36fda9238f4578cf95cbf2c91863e6 wp-block-post-title has-text-color has-blank-3-new-blue-1-color has-large-font-size\"><a href=\"https:\/\/www.campingdelmar.com\/ca\/2024\/blog-ca\/temps-de-flors-primavera-a-girona\/\" target=\"_self\" >Temps de Flors: Primavera a Girona<\/a><\/h2>\n\n<div class=\"wp-block-post-date has-small-font-size\"><time datetime=\"2024-05-09T16:21:38+02:00\">9 maig, 2024<\/time><\/div>\n\n<div style=\"font-size:14px;\" class=\"wp-block-post-excerpt\"><p class=\"wp-block-post-excerpt__excerpt\">Cada mes de maig, l&#8217;encantadora ciutat de Girona, a Catalunya<\/p><p class=\"wp-block-post-excerpt__more-text\"><a class=\"wp-block-post-excerpt__more-link\" href=\"https:\/\/www.campingdelmar.com\/ca\/2024\/blog-ca\/temps-de-flors-primavera-a-girona\/\">Leer m\u00e1s<\/a><\/p><\/div>\n\n\n<p><\/p>\n<\/div>\n\n<\/li><li class=\"wp-block-post post-52193 post type-post status-publish format-standard hentry category-blog-ca\">\n\n\n\n<div class=\"wp-block-group is-layout-constrained wp-block-group-is-layout-constrained\">\n<p class=\"taxonomy-category has-link-color wp-elements-80aa2098d6e75246241c830061e4b1f4\" style=\"font-size:12px\"><a href=\"https:\/\/www.campingdelmar.com\/ca\/blog\/\">Blog<\/a><\/p>\n\n\n<h2 class=\"has-link-color wp-elements-1f36fda9238f4578cf95cbf2c91863e6 wp-block-post-title has-text-color has-blank-3-new-blue-1-color has-large-font-size\"><a href=\"https:\/\/www.campingdelmar.com\/ca\/2024\/blog-ca\/com-ser-responsables-amb-el-medi-ambient-durant-la-teva-estada-al-camping\/\" target=\"_self\" >COM SER RESPONSABLES AMB EL MEDI AMBIENT DURANT LA TEVA ESTADA AL C\u00c0MPING<\/a><\/h2>\n\n<div class=\"wp-block-post-date has-small-font-size\"><time datetime=\"2024-03-22T11:25:51+01:00\">22 mar\u00e7, 2024<\/time><\/div>\n\n<div style=\"font-size:14px;\" class=\"wp-block-post-excerpt\"><p class=\"wp-block-post-excerpt__excerpt\">En els temps que corren, com a societat, cada cop<\/p><p class=\"wp-block-post-excerpt__more-text\"><a class=\"wp-block-post-excerpt__more-link\" href=\"https:\/\/www.campingdelmar.com\/ca\/2024\/blog-ca\/com-ser-responsables-amb-el-medi-ambient-durant-la-teva-estada-al-camping\/\">Leer m\u00e1s<\/a><\/p><\/div>\n\n\n<p><\/p>\n<\/div>\n\n<\/li><li class=\"wp-block-post post-51468 post type-post status-publish format-standard has-post-thumbnail hentry category-blog-ca\">\n<figure class=\"alignwide wp-block-post-featured-image\"><a href=\"https:\/\/www.campingdelmar.com\/ca\/2023\/blog-ca\/teambuilding-i-esdeveniments-dempresa\/\" target=\"_self\"  ><img decoding=\"async\" width=\"2048\" height=\"1536\" data-src=\"https:\/\/www.campingdelmar.com\/wp-content\/uploads\/img-5312.jpeg\" class=\"attachment-post-thumbnail size-post-thumbnail wp-post-image lazyload\" alt=\"TEAMBUILDING I ESDEVENIMENTS D&#8217;EMPRESA\" style=\"--smush-placeholder-width: 2048px; --smush-placeholder-aspect-ratio: 2048\/1536;object-fit:cover;\" data-srcset=\"https:\/\/www.campingdelmar.com\/wp-content\/uploads\/img-5312.jpeg 2048w, https:\/\/www.campingdelmar.com\/wp-content\/uploads\/img-5312-300x225.jpeg 300w, https:\/\/www.campingdelmar.com\/wp-content\/uploads\/img-5312-1024x768.jpeg 1024w, https:\/\/www.campingdelmar.com\/wp-content\/uploads\/img-5312-1536x1152.jpeg 1536w, https:\/\/www.campingdelmar.com\/wp-content\/uploads\/img-5312-320x240.jpeg 320w, https:\/\/www.campingdelmar.com\/wp-content\/uploads\/img-5312-240x180.jpeg 240w, https:\/\/www.campingdelmar.com\/wp-content\/uploads\/img-5312-1800x1350.jpeg 1800w\" data-sizes=\"(max-width: 2048px) 100vw, 2048px\" src=\"data:image\/svg+xml;base64,PHN2ZyB3aWR0aD0iMSIgaGVpZ2h0PSIxIiB4bWxucz0iaHR0cDovL3d3dy53My5vcmcvMjAwMC9zdmciPjwvc3ZnPg==\" \/><\/a><\/figure>\n\n\n<div class=\"wp-block-group is-layout-constrained wp-block-group-is-layout-constrained\">\n<p class=\"taxonomy-category has-link-color wp-elements-80aa2098d6e75246241c830061e4b1f4\" style=\"font-size:12px\"><a href=\"https:\/\/www.campingdelmar.com\/ca\/blog\/\">Blog<\/a><\/p>\n\n\n<h2 class=\"has-link-color wp-elements-1f36fda9238f4578cf95cbf2c91863e6 wp-block-post-title has-text-color has-blank-3-new-blue-1-color has-large-font-size\"><a href=\"https:\/\/www.campingdelmar.com\/ca\/2023\/blog-ca\/teambuilding-i-esdeveniments-dempresa\/\" target=\"_self\" >TEAMBUILDING I ESDEVENIMENTS D&#8217;EMPRESA<\/a><\/h2>\n\n<div class=\"wp-block-post-date has-small-font-size\"><time datetime=\"2023-10-04T12:41:19+02:00\">4 octubre, 2023<\/time><\/div>\n\n<div style=\"font-size:14px;\" class=\"wp-block-post-excerpt\"><p class=\"wp-block-post-excerpt__excerpt\">TEAMBUILDING I ESDEVENIMENTS D&#8217;EMPRESA I que si les activitats aqu\u00e0tiques<\/p><p class=\"wp-block-post-excerpt__more-text\"><a class=\"wp-block-post-excerpt__more-link\" href=\"https:\/\/www.campingdelmar.com\/ca\/2023\/blog-ca\/teambuilding-i-esdeveniments-dempresa\/\">Leer m\u00e1s<\/a><\/p><\/div>\n\n\n<p><\/p>\n<\/div>\n\n<\/li><li class=\"wp-block-post post-49614 post type-post status-publish format-standard has-post-thumbnail hentry category-blog-ca\">\n<figure class=\"alignwide wp-block-post-featured-image\"><a href=\"https:\/\/www.campingdelmar.com\/ca\/2023\/blog-ca\/turism-responsable\/\" target=\"_self\"  ><img decoding=\"async\" width=\"2560\" height=\"1708\" data-src=\"https:\/\/www.campingdelmar.com\/wp-content\/uploads\/ext17-1-scaled.jpg\" class=\"attachment-post-thumbnail size-post-thumbnail wp-post-image lazyload\" alt=\"Turisme Responsable\" style=\"--smush-placeholder-width: 2560px; --smush-placeholder-aspect-ratio: 2560\/1708;object-fit:cover;\" data-srcset=\"https:\/\/www.campingdelmar.com\/wp-content\/uploads\/ext17-1-scaled.jpg 2560w, https:\/\/www.campingdelmar.com\/wp-content\/uploads\/ext17-1-300x200.jpg 300w, https:\/\/www.campingdelmar.com\/wp-content\/uploads\/ext17-1-1024x683.jpg 1024w, https:\/\/www.campingdelmar.com\/wp-content\/uploads\/ext17-1-1536x1025.jpg 1536w, https:\/\/www.campingdelmar.com\/wp-content\/uploads\/ext17-1-2048x1366.jpg 2048w, https:\/\/www.campingdelmar.com\/wp-content\/uploads\/ext17-1-900x600.jpg 900w, https:\/\/www.campingdelmar.com\/wp-content\/uploads\/ext17-1-90x60.jpg 90w, https:\/\/www.campingdelmar.com\/wp-content\/uploads\/ext17-1-240x160.jpg 240w, https:\/\/www.campingdelmar.com\/wp-content\/uploads\/ext17-1-1800x1201.jpg 1800w\" data-sizes=\"(max-width: 2560px) 100vw, 2560px\" src=\"data:image\/svg+xml;base64,PHN2ZyB3aWR0aD0iMSIgaGVpZ2h0PSIxIiB4bWxucz0iaHR0cDovL3d3dy53My5vcmcvMjAwMC9zdmciPjwvc3ZnPg==\" \/><\/a><\/figure>\n\n\n<div class=\"wp-block-group is-layout-constrained wp-block-group-is-layout-constrained\">\n<p class=\"taxonomy-category has-link-color wp-elements-80aa2098d6e75246241c830061e4b1f4\" style=\"font-size:12px\"><a href=\"https:\/\/www.campingdelmar.com\/ca\/blog\/\">Blog<\/a><\/p>\n\n\n<h2 class=\"has-link-color wp-elements-1f36fda9238f4578cf95cbf2c91863e6 wp-block-post-title has-text-color has-blank-3-new-blue-1-color has-large-font-size\"><a href=\"https:\/\/www.campingdelmar.com\/ca\/2023\/blog-ca\/turism-responsable\/\" target=\"_self\" >Turisme Responsable<\/a><\/h2>\n\n<div class=\"wp-block-post-date has-small-font-size\"><time datetime=\"2023-07-25T09:46:24+02:00\">25 juliol, 2023<\/time><\/div>\n\n<div style=\"font-size:14px;\" class=\"wp-block-post-excerpt\"><p class=\"wp-block-post-excerpt__excerpt\">El C\u00e0mping del Mar prioritza, entre les seves l\u00ednies estrat\u00e8giques,<\/p><p class=\"wp-block-post-excerpt__more-text\"><a class=\"wp-block-post-excerpt__more-link\" href=\"https:\/\/www.campingdelmar.com\/ca\/2023\/blog-ca\/turism-responsable\/\">Leer m\u00e1s<\/a><\/p><\/div>\n\n\n<p><\/p>\n<\/div>\n\n<\/li><\/ul><\/div>\n","protected":false},"excerpt":{"rendered":"<p>A Camping del Mar ens agrada explicar curiositats, mostrar experi\u00e8ncies [&hellip;]<\/p>\n","protected":false},"author":1,"featured_media":0,"parent":0,"menu_order":9,"comment_status":"closed","ping_status":"closed","template":"","meta":{"_acf_changed":false,"_monsterinsights_skip_tracking":false,"_monsterinsights_sitenote_active":false,"_monsterinsights_sitenote_note":"","_monsterinsights_sitenote_category":0,"footnotes":""},"class_list":["post-26143","page","type-page","status-publish","hentry"],"acf":[],"yoast_head":"<!-- This site is optimized with the Yoast SEO plugin v26.8 - https:\/\/yoast.com\/product\/yoast-seo-wordpress\/ -->\n<title>Blog - Camping del Mar<\/title>\n<meta name=\"description\" content=\"A Camping del Mar ens agrada explicar curiositats, mostrar experi\u00e8ncies que podeu viure a l&#039;entorn on ens situem, explicar-vos alguna recepta secreta...\" \/>\n<meta name=\"robots\" content=\"index, follow, max-snippet:-1, max-image-preview:large, max-video-preview:-1\" \/>\n<link rel=\"canonical\" href=\"https:\/\/www.campingdelmar.com\/ca\/blog\/\" \/>\n<meta property=\"og:locale\" content=\"ca_ES\" \/>\n<meta property=\"og:type\" content=\"article\" \/>\n<meta property=\"og:title\" content=\"Blog - Camping del Mar\" \/>\n<meta property=\"og:description\" content=\"A Camping del Mar ens agrada explicar curiositats, mostrar experi\u00e8ncies que podeu viure a l&#039;entorn on ens situem, explicar-vos alguna recepta secreta...\" \/>\n<meta property=\"og:url\" content=\"https:\/\/www.campingdelmar.com\/ca\/blog\/\" \/>\n<meta property=\"og:site_name\" content=\"Camping del Mar\" \/>\n<meta property=\"article:modified_time\" content=\"2023-04-10T11:17:33+00:00\" \/>\n<meta name=\"twitter:card\" content=\"summary_large_image\" \/>\n<meta name=\"twitter:label1\" content=\"Temps estimat de lectura\" \/>\n\t<meta name=\"twitter:data1\" content=\"1 minut\" \/>\n<script type=\"application\/ld+json\" class=\"yoast-schema-graph\">{\"@context\":\"https:\/\/schema.org\",\"@graph\":[{\"@type\":\"WebPage\",\"@id\":\"https:\/\/www.campingdelmar.com\/ca\/blog\/\",\"url\":\"https:\/\/www.campingdelmar.com\/ca\/blog\/\",\"name\":\"Blog - Camping del Mar\",\"isPartOf\":{\"@id\":\"https:\/\/www.campingdelmar.com\/ca\/#website\"},\"datePublished\":\"2020-03-11T09:14:17+00:00\",\"dateModified\":\"2023-04-10T11:17:33+00:00\",\"description\":\"A Camping del Mar ens agrada explicar curiositats, mostrar experi\u00e8ncies que podeu viure a l'entorn on ens situem, explicar-vos alguna recepta secreta...\",\"breadcrumb\":{\"@id\":\"https:\/\/www.campingdelmar.com\/ca\/blog\/#breadcrumb\"},\"inLanguage\":\"ca\",\"potentialAction\":[{\"@type\":\"ReadAction\",\"target\":[\"https:\/\/www.campingdelmar.com\/ca\/blog\/\"]}]},{\"@type\":\"BreadcrumbList\",\"@id\":\"https:\/\/www.campingdelmar.com\/ca\/blog\/#breadcrumb\",\"itemListElement\":[{\"@type\":\"ListItem\",\"position\":1,\"name\":\"Inici\",\"item\":\"https:\/\/www.campingdelmar.com\/ca\/\"},{\"@type\":\"ListItem\",\"position\":2,\"name\":\"Blog\"}]},{\"@type\":\"WebSite\",\"@id\":\"https:\/\/www.campingdelmar.com\/ca\/#website\",\"url\":\"https:\/\/www.campingdelmar.com\/ca\/\",\"name\":\"Camping del Mar\",\"description\":\"Bungalow Park, Malgrat de Mar\",\"publisher\":{\"@id\":\"https:\/\/www.campingdelmar.com\/ca\/#organization\"},\"potentialAction\":[{\"@type\":\"SearchAction\",\"target\":{\"@type\":\"EntryPoint\",\"urlTemplate\":\"https:\/\/www.campingdelmar.com\/ca\/?s={search_term_string}\"},\"query-input\":{\"@type\":\"PropertyValueSpecification\",\"valueRequired\":true,\"valueName\":\"search_term_string\"}}],\"inLanguage\":\"ca\"},{\"@type\":\"Organization\",\"@id\":\"https:\/\/www.campingdelmar.com\/ca\/#organization\",\"name\":\"Camping del Mar\",\"url\":\"https:\/\/www.campingdelmar.com\/ca\/\",\"logo\":{\"@type\":\"ImageObject\",\"inLanguage\":\"ca\",\"@id\":\"https:\/\/www.campingdelmar.com\/ca\/#\/schema\/logo\/image\/\",\"url\":\"https:\/\/www.campingdelmar.com\/wp-content\/uploads\/camping-del-mar-logo.jpg\",\"contentUrl\":\"https:\/\/www.campingdelmar.com\/wp-content\/uploads\/camping-del-mar-logo.jpg\",\"width\":619,\"height\":697,\"caption\":\"Camping del Mar\"},\"image\":{\"@id\":\"https:\/\/www.campingdelmar.com\/ca\/#\/schema\/logo\/image\/\"}}]}<\/script>\n<!-- \/ Yoast SEO plugin. -->","yoast_head_json":{"title":"Blog - Camping del Mar","description":"A Camping del Mar ens agrada explicar curiositats, mostrar experi\u00e8ncies que podeu viure a l'entorn on ens situem, explicar-vos alguna recepta secreta...","robots":{"index":"index","follow":"follow","max-snippet":"max-snippet:-1","max-image-preview":"max-image-preview:large","max-video-preview":"max-video-preview:-1"},"canonical":"https:\/\/www.campingdelmar.com\/ca\/blog\/","og_locale":"ca_ES","og_type":"article","og_title":"Blog - Camping del Mar","og_description":"A Camping del Mar ens agrada explicar curiositats, mostrar experi\u00e8ncies que podeu viure a l'entorn on ens situem, explicar-vos alguna recepta secreta...","og_url":"https:\/\/www.campingdelmar.com\/ca\/blog\/","og_site_name":"Camping del Mar","article_modified_time":"2023-04-10T11:17:33+00:00","twitter_card":"summary_large_image","twitter_misc":{"Temps estimat de lectura":"1 minut"},"schema":{"@context":"https:\/\/schema.org","@graph":[{"@type":"WebPage","@id":"https:\/\/www.campingdelmar.com\/ca\/blog\/","url":"https:\/\/www.campingdelmar.com\/ca\/blog\/","name":"Blog - Camping del Mar","isPartOf":{"@id":"https:\/\/www.campingdelmar.com\/ca\/#website"},"datePublished":"2020-03-11T09:14:17+00:00","dateModified":"2023-04-10T11:17:33+00:00","description":"A Camping del Mar ens agrada explicar curiositats, mostrar experi\u00e8ncies que podeu viure a l'entorn on ens situem, explicar-vos alguna recepta secreta...","breadcrumb":{"@id":"https:\/\/www.campingdelmar.com\/ca\/blog\/#breadcrumb"},"inLanguage":"ca","potentialAction":[{"@type":"ReadAction","target":["https:\/\/www.campingdelmar.com\/ca\/blog\/"]}]},{"@type":"BreadcrumbList","@id":"https:\/\/www.campingdelmar.com\/ca\/blog\/#breadcrumb","itemListElement":[{"@type":"ListItem","position":1,"name":"Inici","item":"https:\/\/www.campingdelmar.com\/ca\/"},{"@type":"ListItem","position":2,"name":"Blog"}]},{"@type":"WebSite","@id":"https:\/\/www.campingdelmar.com\/ca\/#website","url":"https:\/\/www.campingdelmar.com\/ca\/","name":"Camping del Mar","description":"Bungalow Park, Malgrat de Mar","publisher":{"@id":"https:\/\/www.campingdelmar.com\/ca\/#organization"},"potentialAction":[{"@type":"SearchAction","target":{"@type":"EntryPoint","urlTemplate":"https:\/\/www.campingdelmar.com\/ca\/?s={search_term_string}"},"query-input":{"@type":"PropertyValueSpecification","valueRequired":true,"valueName":"search_term_string"}}],"inLanguage":"ca"},{"@type":"Organization","@id":"https:\/\/www.campingdelmar.com\/ca\/#organization","name":"Camping del Mar","url":"https:\/\/www.campingdelmar.com\/ca\/","logo":{"@type":"ImageObject","inLanguage":"ca","@id":"https:\/\/www.campingdelmar.com\/ca\/#\/schema\/logo\/image\/","url":"https:\/\/www.campingdelmar.com\/wp-content\/uploads\/camping-del-mar-logo.jpg","contentUrl":"https:\/\/www.campingdelmar.com\/wp-content\/uploads\/camping-del-mar-logo.jpg","width":619,"height":697,"caption":"Camping del Mar"},"image":{"@id":"https:\/\/www.campingdelmar.com\/ca\/#\/schema\/logo\/image\/"}}]}},"_links":{"self":[{"href":"https:\/\/www.campingdelmar.com\/ca\/wp-json\/wp\/v2\/pages\/26143","targetHints":{"allow":["GET"]}}],"collection":[{"href":"https:\/\/www.campingdelmar.com\/ca\/wp-json\/wp\/v2\/pages"}],"about":[{"href":"https:\/\/www.campingdelmar.com\/ca\/wp-json\/wp\/v2\/types\/page"}],"author":[{"embeddable":true,"href":"https:\/\/www.campingdelmar.com\/ca\/wp-json\/wp\/v2\/users\/1"}],"replies":[{"embeddable":true,"href":"https:\/\/www.campingdelmar.com\/ca\/wp-json\/wp\/v2\/comments?post=26143"}],"version-history":[{"count":6,"href":"https:\/\/www.campingdelmar.com\/ca\/wp-json\/wp\/v2\/pages\/26143\/revisions"}],"predecessor-version":[{"id":44893,"href":"https:\/\/www.campingdelmar.com\/ca\/wp-json\/wp\/v2\/pages\/26143\/revisions\/44893"}],"wp:attachment":[{"href":"https:\/\/www.campingdelmar.com\/ca\/wp-json\/wp\/v2\/media?parent=26143"}],"curies":[{"name":"wp","href":"https:\/\/api.w.org\/{rel}","templated":true}]}}