{"id":29276,"date":"2021-02-01T10:51:18","date_gmt":"2021-02-01T09:51:18","guid":{"rendered":"https:\/\/www.campingdelmar.com\/viatge-a-mida\/"},"modified":"2021-02-08T10:11:44","modified_gmt":"2021-02-08T09:11:44","slug":"viatge-a-mida","status":"publish","type":"page","link":"https:\/\/www.campingdelmar.com\/ca\/estades-per-a-grups\/viatge-a-mida\/","title":{"rendered":"Viatge a mida"},"content":{"rendered":"\n<h1 class=\"has-text-align-center has-blank-3-gradientblue-color has-text-color wp-block-heading\">Viatge a mida per a grups<\/h1>\n\n<p class=\"has-text-align-center\">Cada vegada que rebem un grup, ens <strong>adaptem a les seves necessitats<\/strong> perqu\u00e8 tot surti el millor possible!<\/p>\n\n<p class=\"has-text-align-center\">Explica&#8217;ns el teu projecte i et farem un <strong>pressupost 100% a mida<\/strong> segons les teves necessitats.<\/p>\n\n<div style=\"height:26px\" aria-hidden=\"true\" class=\"wp-block-spacer\"><\/div>\n\n<div class=\"wp-block-columns alignwide are-vertically-aligned-center is-layout-flex wp-container-core-columns-is-layout-9d6595d7 wp-block-columns-is-layout-flex\">\n<div class=\"wp-block-column is-vertically-aligned-center is-layout-flow wp-block-column-is-layout-flow\">\n<figure class=\"wp-block-gallery columns-3 is-cropped wp-block-gallery-1 is-layout-flex wp-block-gallery-is-layout-flex\"><ul class=\"blocks-gallery-grid\"><li class=\"blocks-gallery-item\"><figure><img decoding=\"async\" data-src=\"https:\/\/www.campingdelmar.com\/wp-content\/uploads\/whatsapp-image-2020-09-30-at-145640-1024x768.jpeg\" alt=\"\" data-id=\"28576\" data-full-url=\"https:\/\/www.campingdelmar.com\/wp-content\/uploads\/whatsapp-image-2020-09-30-at-145640.jpeg\" data-link=\"https:\/\/www.campingdelmar.com\/estancias-para-grupos\/estancias-para-empresas\/attachment\/whatsapp-image-2020-09-30-at-145640\/\" class=\"wp-image-28576 lazyload\" src=\"data:image\/svg+xml;base64,PHN2ZyB3aWR0aD0iMSIgaGVpZ2h0PSIxIiB4bWxucz0iaHR0cDovL3d3dy53My5vcmcvMjAwMC9zdmciPjwvc3ZnPg==\" style=\"--smush-placeholder-width: 1024px; --smush-placeholder-aspect-ratio: 1024\/768;\" \/><\/figure><\/li><li class=\"blocks-gallery-item\"><figure><img decoding=\"async\" width=\"1024\" height=\"576\" data-src=\"https:\/\/www.campingdelmar.com\/wp-content\/uploads\/img-20190910-wa0004-1024x576.jpg\" alt=\"\" data-id=\"28492\" data-full-url=\"https:\/\/www.campingdelmar.com\/wp-content\/uploads\/img-20190910-wa0004.jpg\" data-link=\"https:\/\/www.campingdelmar.com\/estancias-para-grupos\/colonias\/attachment\/img-20190910-wa0004\/\" class=\"wp-image-28492 lazyload\" data-srcset=\"https:\/\/www.campingdelmar.com\/wp-content\/uploads\/img-20190910-wa0004-1024x576.jpg 1024w, https:\/\/www.campingdelmar.com\/wp-content\/uploads\/img-20190910-wa0004-300x169.jpg 300w, https:\/\/www.campingdelmar.com\/wp-content\/uploads\/img-20190910-wa0004-1536x864.jpg 1536w, https:\/\/www.campingdelmar.com\/wp-content\/uploads\/img-20190910-wa0004-960x540.jpg 960w, https:\/\/www.campingdelmar.com\/wp-content\/uploads\/img-20190910-wa0004-240x135.jpg 240w, https:\/\/www.campingdelmar.com\/wp-content\/uploads\/img-20190910-wa0004.jpg 1600w\" data-sizes=\"(max-width: 1024px) 100vw, 1024px\" src=\"data:image\/svg+xml;base64,PHN2ZyB3aWR0aD0iMSIgaGVpZ2h0PSIxIiB4bWxucz0iaHR0cDovL3d3dy53My5vcmcvMjAwMC9zdmciPjwvc3ZnPg==\" style=\"--smush-placeholder-width: 1024px; --smush-placeholder-aspect-ratio: 1024\/576;\" \/><\/figure><\/li><li class=\"blocks-gallery-item\"><figure><img decoding=\"async\" width=\"1024\" height=\"635\" data-src=\"https:\/\/www.campingdelmar.com\/wp-content\/uploads\/img-20190527-111512-bis-1024x635.jpg\" alt=\"c&#xE0;mping platja club n&#xE0;utic\" data-id=\"23116\" data-full-url=\"https:\/\/www.campingdelmar.com\/wp-content\/uploads\/img-20190527-111512-bis.jpg\" data-link=\"https:\/\/www.campingdelmar.com\/seccion\/base-nautica\/attachment\/img_20190527_111512-bis\/\" class=\"wp-image-23116 lazyload\" data-srcset=\"https:\/\/www.campingdelmar.com\/wp-content\/uploads\/img-20190527-111512-bis-1024x635.jpg 1024w, https:\/\/www.campingdelmar.com\/wp-content\/uploads\/img-20190527-111512-bis-300x186.jpg 300w, https:\/\/www.campingdelmar.com\/wp-content\/uploads\/img-20190527-111512-bis-1536x953.jpg 1536w, https:\/\/www.campingdelmar.com\/wp-content\/uploads\/img-20190527-111512-bis-240x149.jpg 240w, https:\/\/www.campingdelmar.com\/wp-content\/uploads\/img-20190527-111512-bis-1800x1116.jpg 1800w, https:\/\/www.campingdelmar.com\/wp-content\/uploads\/img-20190527-111512-bis.jpg 2048w\" data-sizes=\"(max-width: 1024px) 100vw, 1024px\" src=\"data:image\/svg+xml;base64,PHN2ZyB3aWR0aD0iMSIgaGVpZ2h0PSIxIiB4bWxucz0iaHR0cDovL3d3dy53My5vcmcvMjAwMC9zdmciPjwvc3ZnPg==\" style=\"--smush-placeholder-width: 1024px; --smush-placeholder-aspect-ratio: 1024\/635;\" \/><\/figure><\/li><li class=\"blocks-gallery-item\"><figure><img decoding=\"async\" width=\"1024\" height=\"681\" data-src=\"https:\/\/www.campingdelmar.com\/wp-content\/uploads\/crc0704-1024x681.jpg\" alt=\"bungalow-c&#xE0;mping-platja\" data-id=\"20957\" data-full-url=\"https:\/\/www.campingdelmar.com\/wp-content\/uploads\/crc0704.jpg\" data-link=\"https:\/\/www.campingdelmar.com\/alojamientos\/bungalow-premium\/attachment\/_crc0704\/\" class=\"wp-image-20957 lazyload\" data-srcset=\"https:\/\/www.campingdelmar.com\/wp-content\/uploads\/crc0704-1024x681.jpg 1024w, https:\/\/www.campingdelmar.com\/wp-content\/uploads\/crc0704-300x200.jpg 300w, https:\/\/www.campingdelmar.com\/wp-content\/uploads\/crc0704-1536x1022.jpg 1536w, https:\/\/www.campingdelmar.com\/wp-content\/uploads\/crc0704-900x600.jpg 900w, https:\/\/www.campingdelmar.com\/wp-content\/uploads\/crc0704-320x213.jpg 320w, https:\/\/www.campingdelmar.com\/wp-content\/uploads\/crc0704-90x60.jpg 90w, https:\/\/www.campingdelmar.com\/wp-content\/uploads\/crc0704-240x160.jpg 240w, https:\/\/www.campingdelmar.com\/wp-content\/uploads\/crc0704-1800x1198.jpg 1800w, https:\/\/www.campingdelmar.com\/wp-content\/uploads\/crc0704.jpg 2000w\" data-sizes=\"(max-width: 1024px) 100vw, 1024px\" src=\"data:image\/svg+xml;base64,PHN2ZyB3aWR0aD0iMSIgaGVpZ2h0PSIxIiB4bWxucz0iaHR0cDovL3d3dy53My5vcmcvMjAwMC9zdmciPjwvc3ZnPg==\" style=\"--smush-placeholder-width: 1024px; --smush-placeholder-aspect-ratio: 1024\/681;\" \/><\/figure><\/li><\/ul><\/figure><\/div>\n\n\n\n<div class=\"wp-block-column is-vertically-aligned-center is-layout-flow wp-block-column-is-layout-flow\"><!-- fold.php -->\n\n<style>\n\n<\/style>\n<script>\n    $(document).ready(function() {\n\n\n    });\n\n<\/script>\n    \n    <div id=\"fold-list-block_600fedd9ade85\" class=\"\">\n                <div class=\"fold-list-wrapper\">\n\n                                                <div class=\"fold-inner\">\n                                                <input type=\"checkbox\" id=\"faq-68\" name=\"faq-group\" checked>\n                <label for=\"faq-68\"><img decoding=\"async\" class=\"label-img lazyload\" width=\"32px\" data-src=\"https:\/\/www.campingdelmar.com\/wp-content\/uploads\/bed.svg\" src=\"data:image\/svg+xml;base64,PHN2ZyB3aWR0aD0iMSIgaGVpZ2h0PSIxIiB4bWxucz0iaHR0cDovL3d3dy53My5vcmcvMjAwMC9zdmciPjwvc3ZnPg==\">Allotjament<span class=\"icon-keyboard_arrow_left\"><\/span><\/label>\n                <div class=\"content-faq\"><p>Tenim diversos tipus d&#8217;allotjaments per a tot tipus de pressupost:<\/p>\n<ul>\n<li>parcel\u00b7les per a tendes<\/li>\n<li>bungalows de fusta<\/li>\n<li>mobil homes<\/li>\n<\/ul>\n<p>\u00a0<\/p>\n<p>Cada allotjament t\u00e9 caracter\u00edstiques diferents: aire condicionat, calefacci\u00f3, 2 o 3 habitacions, comoditat, &#8230; Els bungalous de fusta i els mobil-homes compten amb una cuina i un bany propi, a m\u00e9s d&#8217;una pla\u00e7a de p\u00e0rquing per a un cotxe a la banda de l&#8217;allotjament.<\/p>\n<\/div>\n                            <\/div>\n                        <div class=\"fold-inner\">\n                                                <input type=\"checkbox\" id=\"faq-69\" name=\"faq-group\" >\n                <label for=\"faq-69\"><img decoding=\"async\" class=\"label-img lazyload\" width=\"32px\" data-src=\"https:\/\/www.campingdelmar.com\/wp-content\/uploads\/fork-1.svg\" src=\"data:image\/svg+xml;base64,PHN2ZyB3aWR0aD0iMSIgaGVpZ2h0PSIxIiB4bWxucz0iaHR0cDovL3d3dy53My5vcmcvMjAwMC9zdmciPjwvc3ZnPg==\">Restauraci\u00f3<span class=\"icon-keyboard_arrow_left\"><\/span><\/label>\n                <div class=\"content-faq\"><p>Podeu contractar per la vostra estada al servei d&#8217;esmorzar, mitja pensi\u00f3 o pensi\u00f3 completa en el propi restaurant del c\u00e0mping.<\/p>\n<p>En tots els casos, adaptarem el men\u00fa a les vostres necessitats, dietes o al\u00b7l\u00e8rgies.<\/p>\n<\/div>\n                            <\/div>\n                        <div class=\"fold-inner\">\n                                                <input type=\"checkbox\" id=\"faq-70\" name=\"faq-group\" >\n                <label for=\"faq-70\"><img decoding=\"async\" class=\"label-img lazyload\" width=\"32px\" data-src=\"https:\/\/www.campingdelmar.com\/wp-content\/uploads\/party.svg\" src=\"data:image\/svg+xml;base64,PHN2ZyB3aWR0aD0iMSIgaGVpZ2h0PSIxIiB4bWxucz0iaHR0cDovL3d3dy53My5vcmcvMjAwMC9zdmciPjwvc3ZnPg==\">Activitats i esdeveniments<span class=\"icon-keyboard_arrow_left\"><\/span><\/label>\n                <div class=\"content-faq\"><p>Si ho desitgeu, podem el\u00b7laborar junts un programa d&#8217;activitats per a la vostra estada. Tenim una escola n\u00e0utica just davant del c\u00e0mping on es poden fer classes o iniciaci\u00f3 al surf, windsurf, caiac, paddlesurf, &#8230;<\/p>\n<p>Podem organitzar activitats a l&#8217;aire lliure a les nostres instal\u00b7lacions esportives o b\u00e9 al interior a la nostra sala gran. Aquesta sala es pot adaptar a tot tipus d&#8217;esdeveniment: reuni\u00f3, taller, classe, presentaci\u00f3,&#8230;<\/p>\n<\/div>\n                            <\/div>\n                        <div class=\"fold-inner\">\n                                                <input type=\"checkbox\" id=\"faq-71\" name=\"faq-group\" >\n                <label for=\"faq-71\"><img decoding=\"async\" class=\"label-img lazyload\" width=\"32px\" data-src=\"https:\/\/www.campingdelmar.com\/wp-content\/uploads\/ninos.svg\" src=\"data:image\/svg+xml;base64,PHN2ZyB3aWR0aD0iMSIgaGVpZ2h0PSIxIiB4bWxucz0iaHR0cDovL3d3dy53My5vcmcvMjAwMC9zdmciPjwvc3ZnPg==\">Nombre de persones<span class=\"icon-keyboard_arrow_left\"><\/span><\/label>\n                <div class=\"content-faq\"><p>Els nostres allotjaments tenen una capacitat m\u00e0xima de 4 o 6 persones. Podem rebre grups tant redu\u00efts com a grans. El c\u00e0mping disposa d&#8217;una gran capacitat d&#8217;allotjament i d&#8217;instal\u00b7lacions \u00e0mplies.<\/p>\n<\/div>\n                            <\/div>\n                    <\/div>\n        \n    <\/div>\n\n\n<\/div>\n<\/div>\n\n<div class=\"wp-block-buttons aligncenter is-layout-flex wp-block-buttons-is-layout-flex\">\n<div class=\"wp-block-button is-style-outline is-style-outline--2\"><a class=\"wp-block-button__link has-blank-3-darkblue-color has-blank-3-white-background-color has-text-color has-background\" href=\"mailto: info@campingdelmar.com\" style=\"border-radius:4px\">Explica&#8217;ns el teu projecte!<\/a><\/div>\n<\/div>\n","protected":false},"excerpt":{"rendered":"<p>Viatge a mida per a grups Cada vegada que rebem [&hellip;]<\/p>\n","protected":false},"author":2,"featured_media":0,"parent":29447,"menu_order":19,"comment_status":"closed","ping_status":"closed","template":"","meta":{"_acf_changed":false,"_monsterinsights_skip_tracking":false,"_monsterinsights_sitenote_active":false,"_monsterinsights_sitenote_note":"","_monsterinsights_sitenote_category":0,"footnotes":""},"class_list":["post-29276","page","type-page","status-publish","hentry"],"acf":[],"yoast_head":"<!-- This site is optimized with the Yoast SEO plugin v26.8 - https:\/\/yoast.com\/product\/yoast-seo-wordpress\/ -->\n<title>Viatge a mida - Camping del Mar<\/title>\n<meta name=\"description\" content=\"Viatge a mida per a grups Cada vegada que rebem un grup, ens adaptem a les seves necessitats perqu\u00e8 tot surti el millor possible! Explica&#039;ns el teu\" \/>\n<meta name=\"robots\" content=\"index, follow, max-snippet:-1, max-image-preview:large, max-video-preview:-1\" \/>\n<link rel=\"canonical\" href=\"https:\/\/www.campingdelmar.com\/ca\/estades-per-a-grups\/viatge-a-mida\/\" \/>\n<meta property=\"og:locale\" content=\"ca_ES\" \/>\n<meta property=\"og:type\" content=\"article\" \/>\n<meta property=\"og:title\" content=\"Viatge a mida - Camping del Mar\" \/>\n<meta property=\"og:description\" content=\"Viatge a mida per a grups Cada vegada que rebem un grup, ens adaptem a les seves necessitats perqu\u00e8 tot surti el millor possible! Explica&#039;ns el teu\" \/>\n<meta property=\"og:url\" content=\"https:\/\/www.campingdelmar.com\/ca\/estades-per-a-grups\/viatge-a-mida\/\" \/>\n<meta property=\"og:site_name\" content=\"Camping del Mar\" \/>\n<meta property=\"article:modified_time\" content=\"2021-02-08T09:11:44+00:00\" \/>\n<meta property=\"og:image\" content=\"https:\/\/www.campingdelmar.com\/wp-content\/uploads\/whatsapp-image-2020-09-30-at-145640-1024x768.jpeg\" \/>\n<meta name=\"twitter:card\" content=\"summary_large_image\" \/>\n<script type=\"application\/ld+json\" class=\"yoast-schema-graph\">{\"@context\":\"https:\/\/schema.org\",\"@graph\":[{\"@type\":\"WebPage\",\"@id\":\"https:\/\/www.campingdelmar.com\/ca\/estades-per-a-grups\/viatge-a-mida\/\",\"url\":\"https:\/\/www.campingdelmar.com\/ca\/estades-per-a-grups\/viatge-a-mida\/\",\"name\":\"Viatge a mida - Camping del Mar\",\"isPartOf\":{\"@id\":\"https:\/\/www.campingdelmar.com\/ca\/#website\"},\"primaryImageOfPage\":{\"@id\":\"https:\/\/www.campingdelmar.com\/ca\/estades-per-a-grups\/viatge-a-mida\/#primaryimage\"},\"image\":{\"@id\":\"https:\/\/www.campingdelmar.com\/ca\/estades-per-a-grups\/viatge-a-mida\/#primaryimage\"},\"thumbnailUrl\":\"https:\/\/www.campingdelmar.com\/wp-content\/uploads\/whatsapp-image-2020-09-30-at-145640-1024x768.jpeg\",\"datePublished\":\"2021-02-01T09:51:18+00:00\",\"dateModified\":\"2021-02-08T09:11:44+00:00\",\"description\":\"Viatge a mida per a grups Cada vegada que rebem un grup, ens adaptem a les seves necessitats perqu\u00e8 tot surti el millor possible! Explica'ns el teu\",\"breadcrumb\":{\"@id\":\"https:\/\/www.campingdelmar.com\/ca\/estades-per-a-grups\/viatge-a-mida\/#breadcrumb\"},\"inLanguage\":\"ca\",\"potentialAction\":[{\"@type\":\"ReadAction\",\"target\":[\"https:\/\/www.campingdelmar.com\/ca\/estades-per-a-grups\/viatge-a-mida\/\"]}]},{\"@type\":\"ImageObject\",\"inLanguage\":\"ca\",\"@id\":\"https:\/\/www.campingdelmar.com\/ca\/estades-per-a-grups\/viatge-a-mida\/#primaryimage\",\"url\":\"https:\/\/www.campingdelmar.com\/wp-content\/uploads\/whatsapp-image-2020-09-30-at-145640-1024x768.jpeg\",\"contentUrl\":\"https:\/\/www.campingdelmar.com\/wp-content\/uploads\/whatsapp-image-2020-09-30-at-145640-1024x768.jpeg\"},{\"@type\":\"BreadcrumbList\",\"@id\":\"https:\/\/www.campingdelmar.com\/ca\/estades-per-a-grups\/viatge-a-mida\/#breadcrumb\",\"itemListElement\":[{\"@type\":\"ListItem\",\"position\":1,\"name\":\"Inici\",\"item\":\"https:\/\/www.campingdelmar.com\/ca\/\"},{\"@type\":\"ListItem\",\"position\":2,\"name\":\"Estades per a grups\",\"item\":\"https:\/\/www.campingdelmar.com\/ca\/estancias-para-grupos\/\"},{\"@type\":\"ListItem\",\"position\":3,\"name\":\"Viatge a mida\"}]},{\"@type\":\"WebSite\",\"@id\":\"https:\/\/www.campingdelmar.com\/ca\/#website\",\"url\":\"https:\/\/www.campingdelmar.com\/ca\/\",\"name\":\"Camping del Mar\",\"description\":\"Bungalow Park, Malgrat de Mar\",\"publisher\":{\"@id\":\"https:\/\/www.campingdelmar.com\/ca\/#organization\"},\"potentialAction\":[{\"@type\":\"SearchAction\",\"target\":{\"@type\":\"EntryPoint\",\"urlTemplate\":\"https:\/\/www.campingdelmar.com\/ca\/?s={search_term_string}\"},\"query-input\":{\"@type\":\"PropertyValueSpecification\",\"valueRequired\":true,\"valueName\":\"search_term_string\"}}],\"inLanguage\":\"ca\"},{\"@type\":\"Organization\",\"@id\":\"https:\/\/www.campingdelmar.com\/ca\/#organization\",\"name\":\"Camping del Mar\",\"url\":\"https:\/\/www.campingdelmar.com\/ca\/\",\"logo\":{\"@type\":\"ImageObject\",\"inLanguage\":\"ca\",\"@id\":\"https:\/\/www.campingdelmar.com\/ca\/#\/schema\/logo\/image\/\",\"url\":\"https:\/\/www.campingdelmar.com\/wp-content\/uploads\/camping-del-mar-logo.jpg\",\"contentUrl\":\"https:\/\/www.campingdelmar.com\/wp-content\/uploads\/camping-del-mar-logo.jpg\",\"width\":619,\"height\":697,\"caption\":\"Camping del Mar\"},\"image\":{\"@id\":\"https:\/\/www.campingdelmar.com\/ca\/#\/schema\/logo\/image\/\"}}]}<\/script>\n<!-- \/ Yoast SEO plugin. -->","yoast_head_json":{"title":"Viatge a mida - Camping del Mar","description":"Viatge a mida per a grups Cada vegada que rebem un grup, ens adaptem a les seves necessitats perqu\u00e8 tot surti el millor possible! Explica'ns el teu","robots":{"index":"index","follow":"follow","max-snippet":"max-snippet:-1","max-image-preview":"max-image-preview:large","max-video-preview":"max-video-preview:-1"},"canonical":"https:\/\/www.campingdelmar.com\/ca\/estades-per-a-grups\/viatge-a-mida\/","og_locale":"ca_ES","og_type":"article","og_title":"Viatge a mida - Camping del Mar","og_description":"Viatge a mida per a grups Cada vegada que rebem un grup, ens adaptem a les seves necessitats perqu\u00e8 tot surti el millor possible! Explica'ns el teu","og_url":"https:\/\/www.campingdelmar.com\/ca\/estades-per-a-grups\/viatge-a-mida\/","og_site_name":"Camping del Mar","article_modified_time":"2021-02-08T09:11:44+00:00","og_image":[{"url":"https:\/\/www.campingdelmar.com\/wp-content\/uploads\/whatsapp-image-2020-09-30-at-145640-1024x768.jpeg","type":"","width":"","height":""}],"twitter_card":"summary_large_image","schema":{"@context":"https:\/\/schema.org","@graph":[{"@type":"WebPage","@id":"https:\/\/www.campingdelmar.com\/ca\/estades-per-a-grups\/viatge-a-mida\/","url":"https:\/\/www.campingdelmar.com\/ca\/estades-per-a-grups\/viatge-a-mida\/","name":"Viatge a mida - Camping del Mar","isPartOf":{"@id":"https:\/\/www.campingdelmar.com\/ca\/#website"},"primaryImageOfPage":{"@id":"https:\/\/www.campingdelmar.com\/ca\/estades-per-a-grups\/viatge-a-mida\/#primaryimage"},"image":{"@id":"https:\/\/www.campingdelmar.com\/ca\/estades-per-a-grups\/viatge-a-mida\/#primaryimage"},"thumbnailUrl":"https:\/\/www.campingdelmar.com\/wp-content\/uploads\/whatsapp-image-2020-09-30-at-145640-1024x768.jpeg","datePublished":"2021-02-01T09:51:18+00:00","dateModified":"2021-02-08T09:11:44+00:00","description":"Viatge a mida per a grups Cada vegada que rebem un grup, ens adaptem a les seves necessitats perqu\u00e8 tot surti el millor possible! Explica'ns el teu","breadcrumb":{"@id":"https:\/\/www.campingdelmar.com\/ca\/estades-per-a-grups\/viatge-a-mida\/#breadcrumb"},"inLanguage":"ca","potentialAction":[{"@type":"ReadAction","target":["https:\/\/www.campingdelmar.com\/ca\/estades-per-a-grups\/viatge-a-mida\/"]}]},{"@type":"ImageObject","inLanguage":"ca","@id":"https:\/\/www.campingdelmar.com\/ca\/estades-per-a-grups\/viatge-a-mida\/#primaryimage","url":"https:\/\/www.campingdelmar.com\/wp-content\/uploads\/whatsapp-image-2020-09-30-at-145640-1024x768.jpeg","contentUrl":"https:\/\/www.campingdelmar.com\/wp-content\/uploads\/whatsapp-image-2020-09-30-at-145640-1024x768.jpeg"},{"@type":"BreadcrumbList","@id":"https:\/\/www.campingdelmar.com\/ca\/estades-per-a-grups\/viatge-a-mida\/#breadcrumb","itemListElement":[{"@type":"ListItem","position":1,"name":"Inici","item":"https:\/\/www.campingdelmar.com\/ca\/"},{"@type":"ListItem","position":2,"name":"Estades per a grups","item":"https:\/\/www.campingdelmar.com\/ca\/estancias-para-grupos\/"},{"@type":"ListItem","position":3,"name":"Viatge a mida"}]},{"@type":"WebSite","@id":"https:\/\/www.campingdelmar.com\/ca\/#website","url":"https:\/\/www.campingdelmar.com\/ca\/","name":"Camping del Mar","description":"Bungalow Park, Malgrat de Mar","publisher":{"@id":"https:\/\/www.campingdelmar.com\/ca\/#organization"},"potentialAction":[{"@type":"SearchAction","target":{"@type":"EntryPoint","urlTemplate":"https:\/\/www.campingdelmar.com\/ca\/?s={search_term_string}"},"query-input":{"@type":"PropertyValueSpecification","valueRequired":true,"valueName":"search_term_string"}}],"inLanguage":"ca"},{"@type":"Organization","@id":"https:\/\/www.campingdelmar.com\/ca\/#organization","name":"Camping del Mar","url":"https:\/\/www.campingdelmar.com\/ca\/","logo":{"@type":"ImageObject","inLanguage":"ca","@id":"https:\/\/www.campingdelmar.com\/ca\/#\/schema\/logo\/image\/","url":"https:\/\/www.campingdelmar.com\/wp-content\/uploads\/camping-del-mar-logo.jpg","contentUrl":"https:\/\/www.campingdelmar.com\/wp-content\/uploads\/camping-del-mar-logo.jpg","width":619,"height":697,"caption":"Camping del Mar"},"image":{"@id":"https:\/\/www.campingdelmar.com\/ca\/#\/schema\/logo\/image\/"}}]}},"_links":{"self":[{"href":"https:\/\/www.campingdelmar.com\/ca\/wp-json\/wp\/v2\/pages\/29276","targetHints":{"allow":["GET"]}}],"collection":[{"href":"https:\/\/www.campingdelmar.com\/ca\/wp-json\/wp\/v2\/pages"}],"about":[{"href":"https:\/\/www.campingdelmar.com\/ca\/wp-json\/wp\/v2\/types\/page"}],"author":[{"embeddable":true,"href":"https:\/\/www.campingdelmar.com\/ca\/wp-json\/wp\/v2\/users\/2"}],"replies":[{"embeddable":true,"href":"https:\/\/www.campingdelmar.com\/ca\/wp-json\/wp\/v2\/comments?post=29276"}],"version-history":[{"count":3,"href":"https:\/\/www.campingdelmar.com\/ca\/wp-json\/wp\/v2\/pages\/29276\/revisions"}],"predecessor-version":[{"id":29640,"href":"https:\/\/www.campingdelmar.com\/ca\/wp-json\/wp\/v2\/pages\/29276\/revisions\/29640"}],"up":[{"embeddable":true,"href":"https:\/\/www.campingdelmar.com\/ca\/wp-json\/wp\/v2\/pages\/29447"}],"wp:attachment":[{"href":"https:\/\/www.campingdelmar.com\/ca\/wp-json\/wp\/v2\/media?parent=29276"}],"curies":[{"name":"wp","href":"https:\/\/api.w.org\/{rel}","templated":true}]}}