{"id":29287,"date":"2021-02-01T12:58:37","date_gmt":"2021-02-01T11:58:37","guid":{"rendered":"https:\/\/www.campingdelmar.com\/treballa-amb-nosaltres\/"},"modified":"2021-02-08T09:34:24","modified_gmt":"2021-02-08T08:34:24","slug":"treballa-amb-nosaltres","status":"publish","type":"page","link":"https:\/\/www.campingdelmar.com\/ca\/treballa-amb-nosaltres\/","title":{"rendered":"Treballa amb nosaltres"},"content":{"rendered":"\n<h1 class=\"has-text-align-center has-blank-3-gradientblue-color has-text-color wp-block-heading\">Treballa amb nosaltres: uneix-te al nostre gran equip!<\/h1>\n\n<p class=\"has-text-align-center\">Ets dels que donen el bon dia amb un <strong>somriure<\/strong>? \u00bf<strong>Ajudes<\/strong> sense pensar-t&#8217;ho dues vegades als teus ve\u00efns? Llavors, ets dels <strong>nostres<\/strong>!<\/p>\n\n<p class=\"has-text-align-center\">Uneix-te al nostre equip i participa en els dies m\u00e9s <strong>feli\u00e7os<\/strong> de l&#8217;any d&#8217;un munt de fam\u00edlies de <strong>tota Europa<\/strong>!<\/p>\n\n<div style=\"height:29px\" aria-hidden=\"true\" class=\"wp-block-spacer\"><\/div>\n\n<p class=\"has-text-align-center\">Omple el formulari i entra a la nostra base de dades d&#8217;ocupaci\u00f3 per a les futures ofertes de treball.<\/p>\n\n<div class=\"wpcf7 no-js\" id=\"wpcf7-f29297-o1\" lang=\"ca\" dir=\"ltr\" data-wpcf7-id=\"29297\">\n<div class=\"screen-reader-response\"><p role=\"status\" aria-live=\"polite\" aria-atomic=\"true\"><\/p> <ul><\/ul><\/div>\n<form action=\"\/ca\/wp-json\/wp\/v2\/pages\/29287#wpcf7-f29297-o1\" method=\"post\" class=\"wpcf7-form init 57a981faad01 cmatic-conn cmatic-aud-24 cmatic-mapd0-0 cmatic-v0973 cmatic-sent-0 cmatic-total-0\" aria-label=\"Formulari de contacte\" enctype=\"multipart\/form-data\" novalidate=\"novalidate\" data-status=\"init\">\n<fieldset class=\"hidden-fields-container\"><input type=\"hidden\" name=\"_wpcf7\" value=\"29297\" \/><input type=\"hidden\" name=\"_wpcf7_version\" value=\"6.1.4\" \/><input type=\"hidden\" name=\"_wpcf7_locale\" value=\"ca\" \/><input type=\"hidden\" name=\"_wpcf7_unit_tag\" value=\"wpcf7-f29297-o1\" \/><input type=\"hidden\" name=\"_wpcf7_container_post\" value=\"0\" \/><input type=\"hidden\" name=\"_wpcf7_posted_data_hash\" value=\"\" \/><input type=\"hidden\" name=\"_wpcf7_recaptcha_response\" value=\"\" \/>\n<\/fieldset>\n<p><label> Quin \u00e9s el teu nom?<br \/>\n<span class=\"wpcf7-form-control-wrap\" data-name=\"your-name\"><input size=\"40\" maxlength=\"400\" class=\"wpcf7-form-control wpcf7-text wpcf7-validates-as-required\" aria-required=\"true\" aria-invalid=\"false\" value=\"\" type=\"text\" name=\"your-name\" \/><\/span> <\/label>\n<\/p>\n<p><label> Quins s\u00f3n els teus cognoms?<br \/>\n<span class=\"wpcf7-form-control-wrap\" data-name=\"your-surname\"><input size=\"40\" maxlength=\"400\" class=\"wpcf7-form-control wpcf7-text wpcf7-validates-as-required\" aria-required=\"true\" aria-invalid=\"false\" value=\"\" type=\"text\" name=\"your-surname\" \/><\/span> <\/label>\n<\/p>\n<p><label> Quin \u00e9s el teu correu electr\u00f2nic?<br \/>\n<span class=\"wpcf7-form-control-wrap\" data-name=\"your-email\"><input size=\"40\" maxlength=\"400\" class=\"wpcf7-form-control wpcf7-email wpcf7-validates-as-required wpcf7-text wpcf7-validates-as-email\" aria-required=\"true\" aria-invalid=\"false\" value=\"\" type=\"email\" name=\"your-email\" \/><\/span> <\/label>\n<\/p>\n<p><label> A quin n\u00famero de tel\u00e8fon podem trucar-te?<br \/>\n<span class=\"wpcf7-form-control-wrap\" data-name=\"your-phone\"><input size=\"40\" maxlength=\"400\" class=\"wpcf7-form-control wpcf7-text wpcf7-validates-as-required\" aria-required=\"true\" aria-invalid=\"false\" value=\"\" type=\"text\" name=\"your-phone\" \/><\/span> <\/label>\n<\/p>\n<p> Quins llocs t'interessen? Pots seleccionar diversos.\n<\/p>\n<div class=\"check-box-default\">\n\t<p><span class=\"wpcf7-form-control-wrap\" data-name=\"checkbox-447\"><span class=\"wpcf7-form-control wpcf7-checkbox wpcf7-validates-as-required\"><span class=\"wpcf7-list-item first\"><label><input type=\"checkbox\" name=\"checkbox-447[]\" value=\"Qualsevol lloc que s&#039;ajusti al meu perfil\" \/><span class=\"wpcf7-list-item-label\">Qualsevol lloc que s&#039;ajusti al meu perfil<\/span><\/label><\/span><span class=\"wpcf7-list-item\"><label><input type=\"checkbox\" name=\"checkbox-447[]\" value=\"Recepcionista\" \/><span class=\"wpcf7-list-item-label\">Recepcionista<\/span><\/label><\/span><span class=\"wpcf7-list-item\"><label><input type=\"checkbox\" name=\"checkbox-447[]\" value=\"Cambrer\/a\" \/><span class=\"wpcf7-list-item-label\">Cambrer\/a<\/span><\/label><\/span><span class=\"wpcf7-list-item\"><label><input type=\"checkbox\" name=\"checkbox-447[]\" value=\"Cuiner\/a\" \/><span class=\"wpcf7-list-item-label\">Cuiner\/a<\/span><\/label><\/span><span class=\"wpcf7-list-item\"><label><input type=\"checkbox\" name=\"checkbox-447[]\" value=\"Neteja\" \/><span class=\"wpcf7-list-item-label\">Neteja<\/span><\/label><\/span><span class=\"wpcf7-list-item\"><label><input type=\"checkbox\" name=\"checkbox-447[]\" value=\"Manteniment\" \/><span class=\"wpcf7-list-item-label\">Manteniment<\/span><\/label><\/span><span class=\"wpcf7-list-item\"><label><input type=\"checkbox\" name=\"checkbox-447[]\" value=\"Vigil\u00e0ncia de nit\" \/><span class=\"wpcf7-list-item-label\">Vigil\u00e0ncia de nit<\/span><\/label><\/span><span class=\"wpcf7-list-item\"><label><input type=\"checkbox\" name=\"checkbox-447[]\" value=\"Animaci\u00f3\" \/><span class=\"wpcf7-list-item-label\">Animaci\u00f3<\/span><\/label><\/span><span class=\"wpcf7-list-item\"><label><input type=\"checkbox\" name=\"checkbox-447[]\" value=\"Socorrista\" \/><span class=\"wpcf7-list-item-label\">Socorrista<\/span><\/label><\/span><span class=\"wpcf7-list-item\"><label><input type=\"checkbox\" name=\"checkbox-447[]\" value=\"Supermercat\" \/><span class=\"wpcf7-list-item-label\">Supermercat<\/span><\/label><\/span><span class=\"wpcf7-list-item last\"><label><input type=\"checkbox\" name=\"checkbox-447[]\" value=\"Porter\" \/><span class=\"wpcf7-list-item-label\">Porter<\/span><\/label><\/span><\/span><\/span>\n\t<\/p>\n<\/div>\n<p><label> Envia'ns el teu curr\u00edculum perqu\u00e8 puguem con\u00e8ixer-te millor!<br \/>\n<span class=\"wpcf7-form-control-wrap\" data-name=\"TuCV\"><input size=\"40\" class=\"wpcf7-form-control wpcf7-file wpcf7-validates-as-required\" accept=\".pdf,.word\" aria-required=\"true\" aria-invalid=\"false\" type=\"file\" name=\"TuCV\" \/><\/span> <\/label>\n<\/p>\n<p>Al fer clic a \"Enviar\", acceptes la <a target=\"_blank\" href=\"https:\/\/www.campingdelmar.com\/wp-content\/uploads\/clausula-de-proteccion-de-datos-cv.pdf\">normativa de protecci\u00f3 de dades<\/a> i acceptes que les teves dades siguin utilitzades amb la finalitat de seleccionar les persones que han de cobrir els llocs de treball vacants o de nova creaci\u00f3.\n<\/p>\n<p><input class=\"wpcf7-form-control wpcf7-submit has-spinner\" type=\"submit\" value=\"Enviar\" \/>\n<\/p><input type='hidden' class='wpcf7-pum' value='{\"closepopup\":false,\"closedelay\":0,\"openpopup\":false,\"openpopup_id\":0}' \/><div class=\"wpcf7-response-output\" aria-hidden=\"true\"><\/div>\n<\/form>\n<\/div>\n\n","protected":false},"excerpt":{"rendered":"<p>Treballa amb nosaltres: uneix-te al nostre gran equip! Ets dels [&hellip;]<\/p>\n","protected":false},"author":2,"featured_media":0,"parent":0,"menu_order":0,"comment_status":"closed","ping_status":"closed","template":"","meta":{"_acf_changed":false,"_monsterinsights_skip_tracking":false,"_monsterinsights_sitenote_active":false,"_monsterinsights_sitenote_note":"","_monsterinsights_sitenote_category":0,"footnotes":""},"class_list":["post-29287","page","type-page","status-publish","hentry"],"acf":[],"yoast_head":"<!-- This site is optimized with the Yoast SEO plugin v26.8 - https:\/\/yoast.com\/product\/yoast-seo-wordpress\/ -->\n<title>Treballa amb nosaltres - Camping del Mar (Malgrat de mar)<\/title>\n<meta name=\"description\" content=\"Uneix-te al nostre equip i participa en els dies m\u00e9s feli\u00e7os de l&#039;any d&#039;un munt de fam\u00edlies de tot Europa! Fes clic i envia&#039;ns el teu curr\u00edculum\" \/>\n<meta name=\"robots\" content=\"index, follow, max-snippet:-1, max-image-preview:large, max-video-preview:-1\" \/>\n<link rel=\"canonical\" href=\"https:\/\/www.campingdelmar.com\/ca\/treballa-amb-nosaltres\/\" \/>\n<meta property=\"og:locale\" content=\"ca_ES\" \/>\n<meta property=\"og:type\" content=\"article\" \/>\n<meta property=\"og:title\" content=\"Treballa amb nosaltres - Camping del Mar (Malgrat de mar)\" \/>\n<meta property=\"og:description\" content=\"Uneix-te al nostre equip i participa en els dies m\u00e9s feli\u00e7os de l&#039;any d&#039;un munt de fam\u00edlies de tot Europa! Fes clic i envia&#039;ns el teu curr\u00edculum\" \/>\n<meta property=\"og:url\" content=\"https:\/\/www.campingdelmar.com\/ca\/treballa-amb-nosaltres\/\" \/>\n<meta property=\"og:site_name\" content=\"Camping del Mar\" \/>\n<meta property=\"article:modified_time\" content=\"2021-02-08T08:34:24+00:00\" \/>\n<meta name=\"twitter:card\" content=\"summary_large_image\" \/>\n<script type=\"application\/ld+json\" class=\"yoast-schema-graph\">{\"@context\":\"https:\/\/schema.org\",\"@graph\":[{\"@type\":\"WebPage\",\"@id\":\"https:\/\/www.campingdelmar.com\/ca\/treballa-amb-nosaltres\/\",\"url\":\"https:\/\/www.campingdelmar.com\/ca\/treballa-amb-nosaltres\/\",\"name\":\"Treballa amb nosaltres - Camping del Mar (Malgrat de mar)\",\"isPartOf\":{\"@id\":\"https:\/\/www.campingdelmar.com\/ca\/#website\"},\"datePublished\":\"2021-02-01T11:58:37+00:00\",\"dateModified\":\"2021-02-08T08:34:24+00:00\",\"description\":\"Uneix-te al nostre equip i participa en els dies m\u00e9s feli\u00e7os de l'any d'un munt de fam\u00edlies de tot Europa! Fes clic i envia'ns el teu curr\u00edculum\",\"breadcrumb\":{\"@id\":\"https:\/\/www.campingdelmar.com\/ca\/treballa-amb-nosaltres\/#breadcrumb\"},\"inLanguage\":\"ca\",\"potentialAction\":[{\"@type\":\"ReadAction\",\"target\":[\"https:\/\/www.campingdelmar.com\/ca\/treballa-amb-nosaltres\/\"]}]},{\"@type\":\"BreadcrumbList\",\"@id\":\"https:\/\/www.campingdelmar.com\/ca\/treballa-amb-nosaltres\/#breadcrumb\",\"itemListElement\":[{\"@type\":\"ListItem\",\"position\":1,\"name\":\"Inici\",\"item\":\"https:\/\/www.campingdelmar.com\/ca\/\"},{\"@type\":\"ListItem\",\"position\":2,\"name\":\"Treballa amb nosaltres\"}]},{\"@type\":\"WebSite\",\"@id\":\"https:\/\/www.campingdelmar.com\/ca\/#website\",\"url\":\"https:\/\/www.campingdelmar.com\/ca\/\",\"name\":\"Camping del Mar\",\"description\":\"Bungalow Park, Malgrat de Mar\",\"publisher\":{\"@id\":\"https:\/\/www.campingdelmar.com\/ca\/#organization\"},\"potentialAction\":[{\"@type\":\"SearchAction\",\"target\":{\"@type\":\"EntryPoint\",\"urlTemplate\":\"https:\/\/www.campingdelmar.com\/ca\/?s={search_term_string}\"},\"query-input\":{\"@type\":\"PropertyValueSpecification\",\"valueRequired\":true,\"valueName\":\"search_term_string\"}}],\"inLanguage\":\"ca\"},{\"@type\":\"Organization\",\"@id\":\"https:\/\/www.campingdelmar.com\/ca\/#organization\",\"name\":\"Camping del Mar\",\"url\":\"https:\/\/www.campingdelmar.com\/ca\/\",\"logo\":{\"@type\":\"ImageObject\",\"inLanguage\":\"ca\",\"@id\":\"https:\/\/www.campingdelmar.com\/ca\/#\/schema\/logo\/image\/\",\"url\":\"https:\/\/www.campingdelmar.com\/wp-content\/uploads\/camping-del-mar-logo.jpg\",\"contentUrl\":\"https:\/\/www.campingdelmar.com\/wp-content\/uploads\/camping-del-mar-logo.jpg\",\"width\":619,\"height\":697,\"caption\":\"Camping del Mar\"},\"image\":{\"@id\":\"https:\/\/www.campingdelmar.com\/ca\/#\/schema\/logo\/image\/\"}}]}<\/script>\n<!-- \/ Yoast SEO plugin. -->","yoast_head_json":{"title":"Treballa amb nosaltres - Camping del Mar (Malgrat de mar)","description":"Uneix-te al nostre equip i participa en els dies m\u00e9s feli\u00e7os de l'any d'un munt de fam\u00edlies de tot Europa! Fes clic i envia'ns el teu curr\u00edculum","robots":{"index":"index","follow":"follow","max-snippet":"max-snippet:-1","max-image-preview":"max-image-preview:large","max-video-preview":"max-video-preview:-1"},"canonical":"https:\/\/www.campingdelmar.com\/ca\/treballa-amb-nosaltres\/","og_locale":"ca_ES","og_type":"article","og_title":"Treballa amb nosaltres - Camping del Mar (Malgrat de mar)","og_description":"Uneix-te al nostre equip i participa en els dies m\u00e9s feli\u00e7os de l'any d'un munt de fam\u00edlies de tot Europa! Fes clic i envia'ns el teu curr\u00edculum","og_url":"https:\/\/www.campingdelmar.com\/ca\/treballa-amb-nosaltres\/","og_site_name":"Camping del Mar","article_modified_time":"2021-02-08T08:34:24+00:00","twitter_card":"summary_large_image","schema":{"@context":"https:\/\/schema.org","@graph":[{"@type":"WebPage","@id":"https:\/\/www.campingdelmar.com\/ca\/treballa-amb-nosaltres\/","url":"https:\/\/www.campingdelmar.com\/ca\/treballa-amb-nosaltres\/","name":"Treballa amb nosaltres - Camping del Mar (Malgrat de mar)","isPartOf":{"@id":"https:\/\/www.campingdelmar.com\/ca\/#website"},"datePublished":"2021-02-01T11:58:37+00:00","dateModified":"2021-02-08T08:34:24+00:00","description":"Uneix-te al nostre equip i participa en els dies m\u00e9s feli\u00e7os de l'any d'un munt de fam\u00edlies de tot Europa! Fes clic i envia'ns el teu curr\u00edculum","breadcrumb":{"@id":"https:\/\/www.campingdelmar.com\/ca\/treballa-amb-nosaltres\/#breadcrumb"},"inLanguage":"ca","potentialAction":[{"@type":"ReadAction","target":["https:\/\/www.campingdelmar.com\/ca\/treballa-amb-nosaltres\/"]}]},{"@type":"BreadcrumbList","@id":"https:\/\/www.campingdelmar.com\/ca\/treballa-amb-nosaltres\/#breadcrumb","itemListElement":[{"@type":"ListItem","position":1,"name":"Inici","item":"https:\/\/www.campingdelmar.com\/ca\/"},{"@type":"ListItem","position":2,"name":"Treballa amb nosaltres"}]},{"@type":"WebSite","@id":"https:\/\/www.campingdelmar.com\/ca\/#website","url":"https:\/\/www.campingdelmar.com\/ca\/","name":"Camping del Mar","description":"Bungalow Park, Malgrat de Mar","publisher":{"@id":"https:\/\/www.campingdelmar.com\/ca\/#organization"},"potentialAction":[{"@type":"SearchAction","target":{"@type":"EntryPoint","urlTemplate":"https:\/\/www.campingdelmar.com\/ca\/?s={search_term_string}"},"query-input":{"@type":"PropertyValueSpecification","valueRequired":true,"valueName":"search_term_string"}}],"inLanguage":"ca"},{"@type":"Organization","@id":"https:\/\/www.campingdelmar.com\/ca\/#organization","name":"Camping del Mar","url":"https:\/\/www.campingdelmar.com\/ca\/","logo":{"@type":"ImageObject","inLanguage":"ca","@id":"https:\/\/www.campingdelmar.com\/ca\/#\/schema\/logo\/image\/","url":"https:\/\/www.campingdelmar.com\/wp-content\/uploads\/camping-del-mar-logo.jpg","contentUrl":"https:\/\/www.campingdelmar.com\/wp-content\/uploads\/camping-del-mar-logo.jpg","width":619,"height":697,"caption":"Camping del Mar"},"image":{"@id":"https:\/\/www.campingdelmar.com\/ca\/#\/schema\/logo\/image\/"}}]}},"_links":{"self":[{"href":"https:\/\/www.campingdelmar.com\/ca\/wp-json\/wp\/v2\/pages\/29287","targetHints":{"allow":["GET"]}}],"collection":[{"href":"https:\/\/www.campingdelmar.com\/ca\/wp-json\/wp\/v2\/pages"}],"about":[{"href":"https:\/\/www.campingdelmar.com\/ca\/wp-json\/wp\/v2\/types\/page"}],"author":[{"embeddable":true,"href":"https:\/\/www.campingdelmar.com\/ca\/wp-json\/wp\/v2\/users\/2"}],"replies":[{"embeddable":true,"href":"https:\/\/www.campingdelmar.com\/ca\/wp-json\/wp\/v2\/comments?post=29287"}],"version-history":[{"count":3,"href":"https:\/\/www.campingdelmar.com\/ca\/wp-json\/wp\/v2\/pages\/29287\/revisions"}],"predecessor-version":[{"id":29631,"href":"https:\/\/www.campingdelmar.com\/ca\/wp-json\/wp\/v2\/pages\/29287\/revisions\/29631"}],"wp:attachment":[{"href":"https:\/\/www.campingdelmar.com\/ca\/wp-json\/wp\/v2\/media?parent=29287"}],"curies":[{"name":"wp","href":"https:\/\/api.w.org\/{rel}","templated":true}]}}