{"id":29986,"date":"2021-03-09T10:09:24","date_gmt":"2021-03-09T09:09:24","guid":{"rendered":"https:\/\/www.campingdelmar.com\/normativa\/"},"modified":"2023-08-22T13:58:50","modified_gmt":"2023-08-22T11:58:50","slug":"normativa","status":"publish","type":"page","link":"https:\/\/www.campingdelmar.com\/ca\/normativa\/","title":{"rendered":"Normativa"},"content":{"rendered":"\n<h1 class=\"wp-block-heading has-text-align-center has-blank-3-darkblue-color has-text-color\">Normativa del c\u00e0mping<\/h1>\n\n<div style=\"height:7px\" aria-hidden=\"true\" class=\"wp-block-spacer\"><\/div>\n\n<p><strong>1. <\/strong><strong>Acc\u00e9s<\/strong><\/p>\n\n<ul class=\"wp-block-list\" type=\"1\">\n<li>L&#8217;acc\u00e9s al c\u00e0mping i la utilitzaci\u00f3 dels serveis est\u00e0 reservat a qui hagi contractat una estada.<\/li>\n\n\n\n<li>L&#8217;admissi\u00f3 de menors de 21 anys est\u00e0 subjecta a la pres\u00e8ncia del pare, la mare o el tutor legal durant tota l&#8217;estada.<\/li>\n\n\n\n<li>El client es compromet a complir aquesta Normativa, aix\u00ed com el R\u00e8gim Interior de C\u00e0mping de la Federaci\u00f3 Catalana de C\u00e0mpings. La Direcci\u00f3 del c\u00e0mping podr\u00e0 expulsar i reservar-se el dret d&#8217;admissi\u00f3, aix\u00ed com cancel\u00b7lar el contracte als clients que torbin la pau, manquin les normes elementals de conviv\u00e8ncia social o incompleixin les normatives esmentades.<\/li>\n<\/ul>\n\n<p><strong>2. Inscripci\u00f3<\/strong><\/p>\n\n<ul class=\"wp-block-list\">\n<li>El client, titular de l&#8217;estada, formalitzar\u00e0 la inscripci\u00f3 amb el DNI o passaport v\u00e0lid i el de tots els acompanyants.<\/li>\n\n\n\n<li>El client ha de formalitzar el contracte d&#8217;inscripci\u00f3 a la recepci\u00f3 en el moment de la seva arribada, indicant exactament el nombre de persones, vehicles i qualsevol altre element subjecte a tarifa. D&#8217;altra banda, el client t\u00e9 la possibilitat de formalitzar la inscripci\u00f3 mitjan\u00e7ant el servei de Priority Express Check-in.<\/li>\n\n\n\n<li>Tota modificaci\u00f3 als elements inscrits haur\u00e0 de ser comunicada a la recepci\u00f3 de forma immediata.<\/li>\n\n\n\n<li>El client ha de signar el contracte, acceptant tot el que s&#8217;hi indica.<\/li>\n\n\n\n<li>El titular de l&#8217;estada ser\u00e0 el responsable de tots els actes i els perjudicis que puguin ocasionar ell i\/o els seus acompanyants.<\/li>\n<\/ul>\n\n<p><strong>3. Parcel\u00b7les<\/strong><\/p>\n\n<ul class=\"wp-block-list\">\n<li>Horari d&#8217;entrada: a partir de les 16.00 h.&#13;\nHorari de sortida: abans de les 12.00 h.<\/li>\n\n\n\n<li>El nombre m\u00e0xim docupants per parcel\u00b7la \u00e9s de 6 persones (nens i nadons inclosos, de totes les edats).<\/li>\n\n\n\n<li>El client respectar\u00e0 els l\u00edmits de la parcel\u00b7la que li ha estat assignada a l&#8217;arribada, i no podr\u00e0 ocupar qualsevol altra pla\u00e7a sense autoritzaci\u00f3 pr\u00e8via de recepci\u00f3.<\/li>\n\n\n\n<li>La caravana o autocaravana s&#8217;ha d&#8217;instal\u00b7lar en posici\u00f3 paral\u00b7lela al carrer i el vehicle ha de quedar estacionat dins la parcel\u00b7la.<\/li>\n\n\n\n<li>Cada parcel\u00b7la disposa d&#8217;una \u00fanica connexi\u00f3 el\u00e8ctrica de 6 A, i queda prohibit endollar m\u00e9s d&#8217;un punt d&#8217;electricitat.<\/li>\n\n\n\n<li>Es prohibeix expressament la instal\u00b7laci\u00f3 d&#8217;elements que no corresponguin amb els d&#8217;\u00fas temporal, propi i habitual de l&#8217;estada a c\u00e0mpings, o perjudiquin la imatge de l&#8217;establiment com tanques, electrodom\u00e8stics, etc.<\/li>\n<\/ul>\n\n<p><strong>4. Alojamientos (bungalows, mobil homes y tiendas)<\/strong><\/p>\n\n<ul class=\"wp-block-list\">\n<li>Horari d&#8217;entrada: a partir de les 16.00 h.&#13;\nHorari de sortida: abans de les 10.00 h.<\/li>\n\n\n\n<li>No es podr\u00e0 superar l&#8217;ocupaci\u00f3 m\u00e0xima de l&#8217;allotjament (infants i nadons inclosos, de totes les edats).<\/li>\n\n\n\n<li>El client haur\u00e0 de deixar una fian\u00e7a de 100\u20ac en arribar.<\/li>\n\n\n\n<li>Els elements propis de l\u00b4inventari d\u00b4allotjament estan destinats a \u00fas exclusiu dins de l\u00b4allotjament.<\/li>\n\n\n\n<li>El vehicle s&#8217;haur\u00e0 d&#8217;estacionar \u00fanicament a la pla\u00e7a assignada. Est\u00e0 perm\u00e8s un vehicle per allotjament.<\/li>\n\n\n\n<li>Els gossos, i qualsevol altre animal de companyia, estan prohibits als allotjaments.<\/li>\n\n\n\n<li>A l&#8217;espai destinat a aparcament o terreny pertinent a l&#8217;allotjament no es permet la col\u00b7locaci\u00f3 de cap tipus de tenda o similar.<\/li>\n<\/ul>\n\n<p><strong>5. Pagament de l&#8217;estada<\/strong><\/p>\n\n<ul class=\"wp-block-list\">\n<li>L&#8217;estada es pagar\u00e0 totalment en el moment de la inscripci\u00f3.<\/li>\n\n\n\n<li>Els preus s&#8217;aplicaran per jornada segons el nombre de pernoctacions. Un cop sobrepassada l&#8217;hora de sortida, es meritar\u00e0 una pernoctaci\u00f3 addicional.<\/li>\n\n\n\n<li>En cas d&#8217;impagament de l&#8217;estada o abandonament de les pertinences, la Direcci\u00f3 del c\u00e0mping podr\u00e0 traslladar els elements d&#8217;acampada i\/o equipatge del client a un nou empla\u00e7ament fora de la parcel\u00b7la o allotjament, sense les condicions de seguretat que s&#8217;ofereixen al c\u00e0mping.<\/li>\n<\/ul>\n\n<p><strong>6. Visites<\/strong><\/p>\n\n<p>(Subjecte a possibles restriccions pel Covid)<\/p>\n\n<ul class=\"wp-block-list\">\n<li>S\u00b4admeten visites de persones que tinguin familiars i\/o amics allotjats.<\/li>\n\n\n\n<li>Tots els visitants s&#8217;han d&#8217;inscriure a la recepci\u00f3 abans d&#8217;entrar-hi. En el moment de la inscripci\u00f3 hauran de venir acompanyats de la persona a qui v\u00e9nen a visitar.<\/li>\n\n\n\n<li>Els visitants que estiguin m\u00e9s d&#8217;una hora dins del recinte o que en qualsevol cas facin \u00fas d&#8217;algun servei, han de pagar la tarifa de visitant.<\/li>\n\n\n\n<li>Les visites hauran d&#8217;abandonar el recinte abans de les 23:00 hores, i en cap cas no podran pernoctar, excepte pr\u00e8via autoritzaci\u00f3 i pagament de la tarifa corresponent.<\/li>\n\n\n\n<li>El titular de l&#8217;estada es compromet i es responsabilitza que els visitants respectin aquesta normativa.<\/li>\n\n\n\n<li>Les visites, en cap cas, no podran entrar el vehicle dins el recinte del c\u00e0mping.<\/li>\n<\/ul>\n\n<p><strong>7. Serveis sanitaris<\/strong><\/p>\n\n<ul class=\"wp-block-list\">\n<li>Els menors de 4 anys hauran d&#8217;anar sempre acompanyats dels pares o tutors legals<\/li>\n\n\n\n<li>Per raons sanit\u00e0ries, no es permet entrar amb gossos, rentar plats, roba o equivalents.<\/li>\n\n\n\n<li>Els blocs de sanitaris no s\u00f3n un lloc de reuni\u00f3 o de joc, i no es permet la utilitzaci\u00f3 d&#8217;altaveus.<\/li>\n<\/ul>\n\n<p><strong>8. Piscina<\/strong><\/p>\n\n<ul class=\"wp-block-list\" type=\"1\">\n<li>Tots els clients que facin \u00fas de la piscina s&#8217;obliguen a complir les normes d&#8217;\u00fas que figuren a l&#8217;entrada del recinte.<\/li>\n\n\n\n<li>Els socorristes vetllaran per la seguretat al recinte, i \u00e9s per aix\u00f2 que s&#8217;hauran de seguir en tot moment les indicacions que facin. Podran denegar l&#8217;acc\u00e9s o expulsar de la piscina qualsevol persona que incompleixi les indicacions.<\/li>\n\n\n\n<li>L\u00b4acc\u00e9s a la piscina no es permet amb roba o cal\u00e7at que no siguin exclusius per al bany.<\/li>\n\n\n\n<li>Els menors de 14 anys sempre han d&#8217;anar acompanyats d&#8217;un adult. Els pares s\u00f3n els encarregats de la seguretat dels seus fills, declinant el c\u00e0mping qualsevol responsabilitat.<\/li>\n<\/ul>\n\n<p><strong>9. Miniclub<\/strong><\/p>\n\n<ul class=\"wp-block-list\">\n<li>L&#8217;acc\u00e9s al miniclub \u00e9s lliure per a nens i nenes entre 4 i 12 anys, per\u00f2 \u00e9s important recalcar que no \u00e9s un servei de guarderia.<\/li>\n\n\n\n<li>Els nens i les nenes menors de 4 anys han d&#8217;estar sempre acompanyats per un adult.<\/li>\n\n\n\n<li>Els pares han de ser localitzables en tot moment.<\/li>\n\n\n\n<li>Els animadors no es fan responsables de l&#8217;assist\u00e8ncia o abs\u00e8ncia d&#8217;algun\/a nen\/a durant la seva participaci\u00f3 a les activitats, segons els horaris establerts al planing d&#8217;animaci\u00f3. En acabar l&#8217;activitat, els pares s\u00f3n els encarregats de la seguretat dels fills, declinant el c\u00e0mping qualsevol responsabilitat.<\/li>\n<\/ul>\n\n<p><strong>10. Parc infantil<\/strong><\/p>\n\n<ul class=\"wp-block-list\">\n<li>\u00c9s d&#8217;\u00fas exclusiu per a nens i nenes fins a 12 anys, que sempre han d&#8217;estar vigilats per un adult.<\/li>\n\n\n\n<li>Els pares s\u00f3n els encarregats de la seguretat dels seus fills, declinant el c\u00e0mping qualsevol responsabilitat.<\/li>\n\n\n\n<li>La utilitzaci\u00f3 d&#8217;altaveus i similars es condicionar\u00e0 al bon \u00fas i sempre que permeti la conviv\u00e8ncia i el descans dels ve\u00efns.<\/li>\n\n\n\n<li>En horari de silenci, no es permet l&#8217;acc\u00e9s.<\/li>\n<\/ul>\n\n<p><strong>11. Zona esportiva<\/strong><\/p>\n\n<ul class=\"wp-block-list\">\n<li>\u00c9s d&#8217;acc\u00e9s lliure per als clients del c\u00e0mping.<\/li>\n\n\n\n<li>\u00c9s obligatori fer-ne un \u00fas c\u00edvic i compartit entre tots els clients.<\/li>\n\n\n\n<li>Per a la utilitzaci\u00f3 de la pista de tennis cal fer la reserva pr\u00e8via.<\/li>\n\n\n\n<li>\u00c9s un espai no vigilat. Els nens i nenes de fins a 10 anys han d&#8217;estar sempre vigilats per un adult. Els pares s\u00f3n els encarregats de la seguretat dels seus fills, declinant el c\u00e0mping qualsevol responsabilitat.<\/li>\n\n\n\n<li>La utilitzaci\u00f3 d&#8217;altaveus i similars es condicionar\u00e0 al bon \u00fas i sempre que permeti la conviv\u00e8ncia i el descans dels ve\u00efns.<\/li>\n\n\n\n<li>La Direcci\u00f3 es reserva el dret de reservar els espais esportius per fer activitats d&#8217;animaci\u00f3 o usos privats.<\/li>\n<\/ul>\n\n<p><strong>12. Gossos i mascotes<\/strong><\/p>\n\n<ul class=\"wp-block-list\" type=\"1\">\n<li>Estan permesos a les parcel\u00b7les pr\u00e8via inscripci\u00f3, sempre que no siguin de ra\u00e7a potencialment perillosa (segons Reial Decret 287\/2002 de 22 de mar\u00e7).<\/li>\n\n\n\n<li>Hauran d&#8217;estar lligats i controlats en tot moment pel propietari, no podent deixar-los sols dins del c\u00e0mping.<\/li>\n\n\n\n<li>S&#8217;ha de disposar d&#8217;asseguran\u00e7a de responsabilitat civil, documentaci\u00f3 i certificat sanitari exigible segons la ra\u00e7a.<\/li>\n\n\n\n<li>Els propietaris s&#8217;obliguen a recollir les deposicions dels animals.<\/li>\n\n\n\n<li>Els propietaris en s\u00f3n els responsables dels perjudicis que puguin ocasionar.<\/li>\n\n\n\n<li>A cada instal\u00b7laci\u00f3 o servei s&#8217;indica el possible acc\u00e9s o prohibici\u00f3 dels animals.<\/li>\n<\/ul>\n\n<p><strong>13. Barbacoes<\/strong><\/p>\n\n<p><em>(L&#8217;\u00fas de barbacoa est\u00e0 supeditat al pla ALFA de la Generalitat de Catalunya, i es pot prohibir temporalment segons les condicions meteorol\u00f2giques)<\/em><\/p>\n\n<ul class=\"wp-block-list\">\n<li>S&#8217;utilitzar\u00e0 la barbacoa comunit\u00e0ria o individual sempre amb carb\u00f3.<\/li>\n\n\n\n<li>Est\u00e0 totalment prohibit encendre foc obert directament a terra.<\/li>\n\n\n\n<li>Est\u00e0 totalment prohibit fer \u00fas de la barbacoa dins dels allotjaments oa la terrassa\/porxo dels allotjaments.<\/li>\n<\/ul>\n\n<p><strong>14. Bugaderia<\/strong><\/p>\n\n<ul class=\"wp-block-list\">\n<li>La roba es pot rentar a les rentadores o safareigs.<\/li>\n\n\n\n<li>\u00c9s obligatori recollir la roba de les rentadores\/assecadores immediatament despr\u00e9s de la finalitzaci\u00f3 del rentat o assecat.<\/li>\n<\/ul>\n\n<p><strong>15. Renta cotxes<\/strong><\/p>\n\n<ul class=\"wp-block-list\">\n<li>Els cotxes es poden rentar a la zona destinada com a renta cotxes.<\/li>\n\n\n\n<li>Els tendals, terres, botigues o similars \u00fanicament es poden rentar a la zona destinada com a renta cotxes.<\/li>\n<\/ul>\n\n<p><strong>16. Fonts i rentaplats<\/strong><\/p>\n\n<ul class=\"wp-block-list\">\n<li>Les fonts s\u00f3n per a la recollida daigua.<\/li>\n\n\n\n<li>Les fonts no podran ser utilitzades per a higiene personal, rentat de peus, cal\u00e7at, animals, etc.<\/li>\n<\/ul>\n\n<ul class=\"wp-block-list\">\n<li>Els rentaplats s\u00f3n per a la neteja de parament de cuina.<\/li>\n\n\n\n<li>Els rentaplats no es poden fer servir per rentar roba o buidar cap tipus de subst\u00e0ncia com restes de menjar o aig\u00fces residuals.<\/li>\n<\/ul>\n\n<p><strong>17. Aig\u00fces residuals<\/strong><\/p>\n\n<ul class=\"wp-block-list\" type=\"1\">\n<li>L&#8217;evacuaci\u00f3 d&#8217;aig\u00fces residuals es fa sempre al WC qu\u00edmic. Es prohibeix l&#8217;abocament a terra, les fonts o sanitaris.<\/li>\n<\/ul>\n\n<p><strong>18. Escombraries<\/strong><\/p>\n\n<ul class=\"wp-block-list\">\n<li>El client recollir\u00e0 les escombraries i les dipositar\u00e0 als recipients i contenidors de reciclatge distribu\u00efts pel c\u00e0mping, al llarg de la seva estada i en finalitzar la seva estada.<\/li>\n\n\n\n<li>El c\u00e0mping fa recollida selectiva. Animem els nostres clients a fer una separaci\u00f3 selectiva dels seus residus i dipositar-los als contenidors corresponents.<\/li>\n\n\n\n<li>No es poden acumular escombraries a la parcel\u00b7la o allotjament. Si la Direcci\u00f3 ho creu oport\u00fa, pot exigir-ne la retirada.<\/li>\n\n\n\n<li>No es poden dipositar bosses d&#8217;escombraries a les papereres destinades a altres usos, situats als camins o zones comunes.<\/li>\n<\/ul>\n\n<p><strong>19. Vehicles<\/strong><\/p>\n\n<ul class=\"wp-block-list\">\n<li>L&#8217;acc\u00e9s i la circulaci\u00f3 interna de vehicles a l&#8217;establiment es permet de 7:00 h. a 24.00 h, amb limitaci\u00f3 d&#8217;un vehicle per parcel\u00b7la o allotjament.<\/li>\n\n\n\n<li>La circulaci\u00f3 queda suspesa durant lhorari de silenci i nom\u00e9s es permetr\u00e0 en situacions demerg\u00e8ncia pr\u00e8viament autoritzades.<\/li>\n\n\n\n<li>La velocitat m\u00e0xima permesa dins de tot el recinte \u00e9s de 10 km\/h.<\/li>\n\n\n\n<li>Els vehicles s&#8217;han d&#8217;estacionar dins els l\u00edmits de la parcel\u00b7la assignada o espai d&#8217;aparcament als allotjaments.<\/li>\n<\/ul>\n\n<p><strong>20. Bicicletes i altres vehicles no matriculables<\/strong><\/p>\n\n<ul class=\"wp-block-list\">\n<li>Horari: de 7.00 h. a 24.00 h.<\/li>\n\n\n\n<li>No es permet circular de manera perillosa o competitiva, el seu \u00fas est\u00e0 supeditat exclusivament al passeig i al despla\u00e7ament.<\/li>\n\n\n\n<li>Els usuaris han de respectar els senyals de circulaci\u00f3.<\/li>\n\n\n\n<li>Aquesta normativa \u00e9s extensiva a patinets (tradicionals i el\u00e8ctrics), aix\u00ed com hoverboards, quads, pocket-bikes i altres vehicles.<\/li>\n<\/ul>\n\n<p><strong>21. Horari de silenci<\/strong><\/p>\n\n<ul class=\"wp-block-list\">\n<li>Horari: de 24:00 h a 7:00 h.<\/li>\n\n\n\n<li>Durant aquest horari, i en benefici de tothom, hi ha d&#8217;haver silenci absolut i no es permet la circulaci\u00f3 de vehicles.<\/li>\n\n\n\n<li>De 7.00 a 24.00 h, sorolls, veus, televisors, r\u00e0dios i similars es permeten a un volum apropiat que permeti la conviv\u00e8ncia i permeti el descans als ve\u00efns. Si la Direcci\u00f3 ho creieu oport\u00fa, podeu restringir-ne l&#8217;\u00fas.<\/li>\n<\/ul>\n\n<p><strong>22. Seguretat<\/strong><\/p>\n\n<ul class=\"wp-block-list\">\n<li>El client \u00e9s coneixedor que el c\u00e0mping est\u00e0 situat prop del mar i un riu, en una plana, i assumeix els riscos que aix\u00f2 comporta, com tamb\u00e9 assumeix altres riscos meteorol\u00f2gics, sanitaris i\/o de for\u00e7a major. El c\u00e0mping declina qualsevol responsabilitat sobre aquests riscs.<\/li>\n\n\n\n<li>El client s&#8217;obliga a seguir en tot moment les indicacions del personal del c\u00e0mping en cas de produir-se situacions d&#8217;emerg\u00e8ncia o risc com ara inundacions, temporals mar\u00edtims, forts vents, fortes tempestes, incendis, situacions de risc sanitari o altres emerg\u00e8ncies de for\u00e7a major.<\/li>\n\n\n\n<li>La Direcci\u00f3 no es fa responsable dels robatoris, sostraccions, p\u00e8rdues o danys de qualsevol tipus incorreguts durant la seva estada al c\u00e0mping. Recomanem no deixar objectes de valor a la vista i tancar porta i finestres del vostre allotjament.<\/li>\n\n\n\n<li>La Direcci\u00f3 no respon dels danys causats per incendis ocasionats pels mateixos campistes o les seves pertinences.<\/li>\n<\/ul>\n\n<p><strong>23. Horaris<\/strong><\/p>\n\n<ul class=\"wp-block-list\">\n<li>A cada espai o servei est\u00e0 indicat l&#8217;horari de prestaci\u00f3 del servei. La Direcci\u00f3 es reserva el dret de modificar-los.<\/li>\n\n\n\n<li>Qualsevol servei que presti el c\u00e0mping, sense que ho exigeixi la Normativa Tur\u00edstica vigent t\u00e9 car\u00e0cter d&#8217;absoluta voluntarietat, per la qual cosa es podr\u00e0 suspendre la seva prestaci\u00f3, totalment o parcialment.<\/li>\n<\/ul>\n","protected":false},"excerpt":{"rendered":"<p>Normativa del c\u00e0mping 1. Acc\u00e9s 2. Inscripci\u00f3 3. Parcel\u00b7les 4. [&hellip;]<\/p>\n","protected":false},"author":2,"featured_media":0,"parent":0,"menu_order":0,"comment_status":"closed","ping_status":"closed","template":"","meta":{"_acf_changed":false,"_monsterinsights_skip_tracking":false,"_monsterinsights_sitenote_active":false,"_monsterinsights_sitenote_note":"","_monsterinsights_sitenote_category":0,"footnotes":""},"class_list":["post-29986","page","type-page","status-publish","hentry"],"acf":[],"yoast_head":"<!-- This site is optimized with the Yoast SEO plugin v26.8 - https:\/\/yoast.com\/product\/yoast-seo-wordpress\/ -->\n<title>Normativa - Camping del Mar<\/title>\n<meta name=\"description\" content=\"Normativa del c\u00e0mping 1. Acc\u00e9s L&#039;acc\u00e9s al c\u00e0mping i la utilitzaci\u00f3 dels serveis est\u00e0 reservat a qui hagi contractat una estada. L&#039;admissi\u00f3 de menors de 21\" \/>\n<meta name=\"robots\" content=\"index, follow, max-snippet:-1, max-image-preview:large, max-video-preview:-1\" \/>\n<link rel=\"canonical\" href=\"https:\/\/www.campingdelmar.com\/ca\/normativa\/\" \/>\n<meta property=\"og:locale\" content=\"ca_ES\" \/>\n<meta property=\"og:type\" content=\"article\" \/>\n<meta property=\"og:title\" content=\"Normativa - Camping del Mar\" \/>\n<meta property=\"og:description\" content=\"Normativa del c\u00e0mping 1. Acc\u00e9s L&#039;acc\u00e9s al c\u00e0mping i la utilitzaci\u00f3 dels serveis est\u00e0 reservat a qui hagi contractat una estada. L&#039;admissi\u00f3 de menors de 21\" \/>\n<meta property=\"og:url\" content=\"https:\/\/www.campingdelmar.com\/ca\/normativa\/\" \/>\n<meta property=\"og:site_name\" content=\"Camping del Mar\" \/>\n<meta property=\"article:modified_time\" content=\"2023-08-22T11:58:50+00:00\" \/>\n<meta name=\"twitter:card\" content=\"summary_large_image\" \/>\n<meta name=\"twitter:label1\" content=\"Temps estimat de lectura\" \/>\n\t<meta name=\"twitter:data1\" content=\"9 minuts\" \/>\n<script type=\"application\/ld+json\" class=\"yoast-schema-graph\">{\"@context\":\"https:\/\/schema.org\",\"@graph\":[{\"@type\":\"WebPage\",\"@id\":\"https:\/\/www.campingdelmar.com\/ca\/normativa\/\",\"url\":\"https:\/\/www.campingdelmar.com\/ca\/normativa\/\",\"name\":\"Normativa - Camping del Mar\",\"isPartOf\":{\"@id\":\"https:\/\/www.campingdelmar.com\/ca\/#website\"},\"datePublished\":\"2021-03-09T09:09:24+00:00\",\"dateModified\":\"2023-08-22T11:58:50+00:00\",\"description\":\"Normativa del c\u00e0mping 1. Acc\u00e9s L'acc\u00e9s al c\u00e0mping i la utilitzaci\u00f3 dels serveis est\u00e0 reservat a qui hagi contractat una estada. L'admissi\u00f3 de menors de 21\",\"breadcrumb\":{\"@id\":\"https:\/\/www.campingdelmar.com\/ca\/normativa\/#breadcrumb\"},\"inLanguage\":\"ca\",\"potentialAction\":[{\"@type\":\"ReadAction\",\"target\":[\"https:\/\/www.campingdelmar.com\/ca\/normativa\/\"]}]},{\"@type\":\"BreadcrumbList\",\"@id\":\"https:\/\/www.campingdelmar.com\/ca\/normativa\/#breadcrumb\",\"itemListElement\":[{\"@type\":\"ListItem\",\"position\":1,\"name\":\"Inici\",\"item\":\"https:\/\/www.campingdelmar.com\/ca\/\"},{\"@type\":\"ListItem\",\"position\":2,\"name\":\"Normativa\"}]},{\"@type\":\"WebSite\",\"@id\":\"https:\/\/www.campingdelmar.com\/ca\/#website\",\"url\":\"https:\/\/www.campingdelmar.com\/ca\/\",\"name\":\"Camping del Mar\",\"description\":\"Bungalow Park, Malgrat de Mar\",\"publisher\":{\"@id\":\"https:\/\/www.campingdelmar.com\/ca\/#organization\"},\"potentialAction\":[{\"@type\":\"SearchAction\",\"target\":{\"@type\":\"EntryPoint\",\"urlTemplate\":\"https:\/\/www.campingdelmar.com\/ca\/?s={search_term_string}\"},\"query-input\":{\"@type\":\"PropertyValueSpecification\",\"valueRequired\":true,\"valueName\":\"search_term_string\"}}],\"inLanguage\":\"ca\"},{\"@type\":\"Organization\",\"@id\":\"https:\/\/www.campingdelmar.com\/ca\/#organization\",\"name\":\"Camping del Mar\",\"url\":\"https:\/\/www.campingdelmar.com\/ca\/\",\"logo\":{\"@type\":\"ImageObject\",\"inLanguage\":\"ca\",\"@id\":\"https:\/\/www.campingdelmar.com\/ca\/#\/schema\/logo\/image\/\",\"url\":\"https:\/\/www.campingdelmar.com\/wp-content\/uploads\/camping-del-mar-logo.jpg\",\"contentUrl\":\"https:\/\/www.campingdelmar.com\/wp-content\/uploads\/camping-del-mar-logo.jpg\",\"width\":619,\"height\":697,\"caption\":\"Camping del Mar\"},\"image\":{\"@id\":\"https:\/\/www.campingdelmar.com\/ca\/#\/schema\/logo\/image\/\"}}]}<\/script>\n<!-- \/ Yoast SEO plugin. -->","yoast_head_json":{"title":"Normativa - Camping del Mar","description":"Normativa del c\u00e0mping 1. Acc\u00e9s L'acc\u00e9s al c\u00e0mping i la utilitzaci\u00f3 dels serveis est\u00e0 reservat a qui hagi contractat una estada. L'admissi\u00f3 de menors de 21","robots":{"index":"index","follow":"follow","max-snippet":"max-snippet:-1","max-image-preview":"max-image-preview:large","max-video-preview":"max-video-preview:-1"},"canonical":"https:\/\/www.campingdelmar.com\/ca\/normativa\/","og_locale":"ca_ES","og_type":"article","og_title":"Normativa - Camping del Mar","og_description":"Normativa del c\u00e0mping 1. Acc\u00e9s L'acc\u00e9s al c\u00e0mping i la utilitzaci\u00f3 dels serveis est\u00e0 reservat a qui hagi contractat una estada. L'admissi\u00f3 de menors de 21","og_url":"https:\/\/www.campingdelmar.com\/ca\/normativa\/","og_site_name":"Camping del Mar","article_modified_time":"2023-08-22T11:58:50+00:00","twitter_card":"summary_large_image","twitter_misc":{"Temps estimat de lectura":"9 minuts"},"schema":{"@context":"https:\/\/schema.org","@graph":[{"@type":"WebPage","@id":"https:\/\/www.campingdelmar.com\/ca\/normativa\/","url":"https:\/\/www.campingdelmar.com\/ca\/normativa\/","name":"Normativa - Camping del Mar","isPartOf":{"@id":"https:\/\/www.campingdelmar.com\/ca\/#website"},"datePublished":"2021-03-09T09:09:24+00:00","dateModified":"2023-08-22T11:58:50+00:00","description":"Normativa del c\u00e0mping 1. Acc\u00e9s L'acc\u00e9s al c\u00e0mping i la utilitzaci\u00f3 dels serveis est\u00e0 reservat a qui hagi contractat una estada. L'admissi\u00f3 de menors de 21","breadcrumb":{"@id":"https:\/\/www.campingdelmar.com\/ca\/normativa\/#breadcrumb"},"inLanguage":"ca","potentialAction":[{"@type":"ReadAction","target":["https:\/\/www.campingdelmar.com\/ca\/normativa\/"]}]},{"@type":"BreadcrumbList","@id":"https:\/\/www.campingdelmar.com\/ca\/normativa\/#breadcrumb","itemListElement":[{"@type":"ListItem","position":1,"name":"Inici","item":"https:\/\/www.campingdelmar.com\/ca\/"},{"@type":"ListItem","position":2,"name":"Normativa"}]},{"@type":"WebSite","@id":"https:\/\/www.campingdelmar.com\/ca\/#website","url":"https:\/\/www.campingdelmar.com\/ca\/","name":"Camping del Mar","description":"Bungalow Park, Malgrat de Mar","publisher":{"@id":"https:\/\/www.campingdelmar.com\/ca\/#organization"},"potentialAction":[{"@type":"SearchAction","target":{"@type":"EntryPoint","urlTemplate":"https:\/\/www.campingdelmar.com\/ca\/?s={search_term_string}"},"query-input":{"@type":"PropertyValueSpecification","valueRequired":true,"valueName":"search_term_string"}}],"inLanguage":"ca"},{"@type":"Organization","@id":"https:\/\/www.campingdelmar.com\/ca\/#organization","name":"Camping del Mar","url":"https:\/\/www.campingdelmar.com\/ca\/","logo":{"@type":"ImageObject","inLanguage":"ca","@id":"https:\/\/www.campingdelmar.com\/ca\/#\/schema\/logo\/image\/","url":"https:\/\/www.campingdelmar.com\/wp-content\/uploads\/camping-del-mar-logo.jpg","contentUrl":"https:\/\/www.campingdelmar.com\/wp-content\/uploads\/camping-del-mar-logo.jpg","width":619,"height":697,"caption":"Camping del Mar"},"image":{"@id":"https:\/\/www.campingdelmar.com\/ca\/#\/schema\/logo\/image\/"}}]}},"_links":{"self":[{"href":"https:\/\/www.campingdelmar.com\/ca\/wp-json\/wp\/v2\/pages\/29986","targetHints":{"allow":["GET"]}}],"collection":[{"href":"https:\/\/www.campingdelmar.com\/ca\/wp-json\/wp\/v2\/pages"}],"about":[{"href":"https:\/\/www.campingdelmar.com\/ca\/wp-json\/wp\/v2\/types\/page"}],"author":[{"embeddable":true,"href":"https:\/\/www.campingdelmar.com\/ca\/wp-json\/wp\/v2\/users\/2"}],"replies":[{"embeddable":true,"href":"https:\/\/www.campingdelmar.com\/ca\/wp-json\/wp\/v2\/comments?post=29986"}],"version-history":[{"count":4,"href":"https:\/\/www.campingdelmar.com\/ca\/wp-json\/wp\/v2\/pages\/29986\/revisions"}],"predecessor-version":[{"id":50656,"href":"https:\/\/www.campingdelmar.com\/ca\/wp-json\/wp\/v2\/pages\/29986\/revisions\/50656"}],"wp:attachment":[{"href":"https:\/\/www.campingdelmar.com\/ca\/wp-json\/wp\/v2\/media?parent=29986"}],"curies":[{"name":"wp","href":"https:\/\/api.w.org\/{rel}","templated":true}]}}