{"id":35025,"date":"2022-07-29T16:02:56","date_gmt":"2022-07-29T14:02:56","guid":{"rendered":"https:\/\/www.campingdelmar.com\/accessibilitat\/"},"modified":"2022-07-29T16:28:15","modified_gmt":"2022-07-29T14:28:15","slug":"accessibilitat","status":"publish","type":"page","link":"https:\/\/www.campingdelmar.com\/ca\/accessibilitat\/","title":{"rendered":"Accessibilitat"},"content":{"rendered":"\n<div class=\"wp-block-cover alignfull is-light\"><span aria-hidden=\"true\" class=\"wp-block-cover__background has-background-dim\"><\/span><img decoding=\"async\" width=\"2048\" height=\"1536\" class=\"wp-block-cover__image-background wp-image-34902 lazyload\" alt=\"\" data-src=\"https:\/\/www.campingdelmar.com\/wp-content\/uploads\/2-2.jpg\" data-object-fit=\"cover\" data-srcset=\"https:\/\/www.campingdelmar.com\/wp-content\/uploads\/2-2.jpg 2048w, https:\/\/www.campingdelmar.com\/wp-content\/uploads\/2-2-300x225.jpg 300w, https:\/\/www.campingdelmar.com\/wp-content\/uploads\/2-2-1024x768.jpg 1024w, https:\/\/www.campingdelmar.com\/wp-content\/uploads\/2-2-1536x1152.jpg 1536w, https:\/\/www.campingdelmar.com\/wp-content\/uploads\/2-2-320x240.jpg 320w, https:\/\/www.campingdelmar.com\/wp-content\/uploads\/2-2-240x180.jpg 240w, https:\/\/www.campingdelmar.com\/wp-content\/uploads\/2-2-1800x1350.jpg 1800w\" data-sizes=\"(max-width: 2048px) 100vw, 2048px\" src=\"data:image\/svg+xml;base64,PHN2ZyB3aWR0aD0iMSIgaGVpZ2h0PSIxIiB4bWxucz0iaHR0cDovL3d3dy53My5vcmcvMjAwMC9zdmciPjwvc3ZnPg==\" style=\"--smush-placeholder-width: 2048px; --smush-placeholder-aspect-ratio: 2048\/1536;\" \/><div class=\"wp-block-cover__inner-container is-layout-flow wp-block-cover-is-layout-flow\">\n<blockquote class=\"wp-block-quote has-text-align-center has-blank-3-white-color has-text-color is-layout-flow wp-block-quote-is-layout-flow\"><p>\u00a1NOVETAT!<\/p><\/blockquote>\n\n\n\n<div style=\"height:28px\" aria-hidden=\"true\" class=\"wp-block-spacer\"><\/div>\n\n\n\n<h2 class=\"has-text-align-center has-blank-3-white-color has-text-color wp-block-heading\">Bun<\/h2>\n\n\n\n<h3 class=\"has-text-align-center wp-block-heading\"><\/h3>\n<\/div><\/div>\n\n<p><\/p>\n\n<p><\/p>\n\n<ul class=\"wp-block-list\"><li>Al C\u00e0mping del Mar ens esforcem cada dia m\u00e9s perqu\u00e8 sigui <strong>accessible<\/strong> i tothom pugui gaudir d&#8217;unes vacances inoblidables.<\/li><li>Disposem d&#8217;un <strong>Bungalow Premium<\/strong> totalment <strong>accessible<\/strong> i rampes per poder accedir a totes les instal\u00b7lacions.<\/li><li>Vols reservar el Bungalow Premium Accessible? <a href=\"https:\/\/booking.campingdelmar.com\/search?lang=ca\">Reserva aqu\u00ed<\/a>.<\/li><\/ul>\n<p><\/p>\n\n<p><\/p>\n\n<figure class=\"wp-block-embed is-type-video is-provider-youtube wp-block-embed-youtube wp-embed-aspect-16-9 wp-has-aspect-ratio\">\r\n<div class=\"wp-block-embed__wrapper\">https:\/\/youtube.com\/shorts\/jusL3FCTOz0<\/div><\/figure>\n","protected":false},"excerpt":{"rendered":"<p>Al C\u00e0mping del Mar ens esforcem cada dia m\u00e9s perqu\u00e8 [&hellip;]<\/p>\n","protected":false},"author":2,"featured_media":0,"parent":0,"menu_order":0,"comment_status":"closed","ping_status":"closed","template":"","meta":{"_acf_changed":false,"_monsterinsights_skip_tracking":false,"_monsterinsights_sitenote_active":false,"_monsterinsights_sitenote_note":"","_monsterinsights_sitenote_category":0,"footnotes":""},"class_list":["post-35025","page","type-page","status-publish","hentry"],"acf":[],"yoast_head":"<!-- This site is optimized with the Yoast SEO plugin v26.8 - https:\/\/yoast.com\/product\/yoast-seo-wordpress\/ -->\n<title>Accessibilitat - Camping del Mar<\/title>\n<meta name=\"description\" content=\"\u00a1NOVETAT! Bun Al C\u00e0mping del Mar ens esforcem cada dia m\u00e9s perqu\u00e8 sigui accessible i tothom pugui gaudir d&#039;unes vacances inoblidables.Disposem d&#039;un\" \/>\n<meta name=\"robots\" content=\"index, follow, max-snippet:-1, max-image-preview:large, max-video-preview:-1\" \/>\n<link rel=\"canonical\" href=\"https:\/\/www.campingdelmar.com\/ca\/accessibilitat\/\" \/>\n<meta property=\"og:locale\" content=\"ca_ES\" \/>\n<meta property=\"og:type\" content=\"article\" \/>\n<meta property=\"og:title\" content=\"Accessibilitat - Camping del Mar\" \/>\n<meta property=\"og:description\" content=\"\u00a1NOVETAT! Bun Al C\u00e0mping del Mar ens esforcem cada dia m\u00e9s perqu\u00e8 sigui accessible i tothom pugui gaudir d&#039;unes vacances inoblidables.Disposem d&#039;un\" \/>\n<meta property=\"og:url\" content=\"https:\/\/www.campingdelmar.com\/ca\/accessibilitat\/\" \/>\n<meta property=\"og:site_name\" content=\"Camping del Mar\" \/>\n<meta property=\"article:modified_time\" content=\"2022-07-29T14:28:15+00:00\" \/>\n<meta property=\"og:image\" content=\"https:\/\/www.campingdelmar.com\/wp-content\/uploads\/2-2.jpg\" \/>\n<meta name=\"twitter:card\" content=\"summary_large_image\" \/>\n<script type=\"application\/ld+json\" class=\"yoast-schema-graph\">{\"@context\":\"https:\/\/schema.org\",\"@graph\":[{\"@type\":\"WebPage\",\"@id\":\"https:\/\/www.campingdelmar.com\/ca\/accessibilitat\/\",\"url\":\"https:\/\/www.campingdelmar.com\/ca\/accessibilitat\/\",\"name\":\"Accessibilitat - Camping del Mar\",\"isPartOf\":{\"@id\":\"https:\/\/www.campingdelmar.com\/ca\/#website\"},\"primaryImageOfPage\":{\"@id\":\"https:\/\/www.campingdelmar.com\/ca\/accessibilitat\/#primaryimage\"},\"image\":{\"@id\":\"https:\/\/www.campingdelmar.com\/ca\/accessibilitat\/#primaryimage\"},\"thumbnailUrl\":\"https:\/\/www.campingdelmar.com\/wp-content\/uploads\/2-2.jpg\",\"datePublished\":\"2022-07-29T14:02:56+00:00\",\"dateModified\":\"2022-07-29T14:28:15+00:00\",\"description\":\"\u00a1NOVETAT! Bun Al C\u00e0mping del Mar ens esforcem cada dia m\u00e9s perqu\u00e8 sigui accessible i tothom pugui gaudir d'unes vacances inoblidables.Disposem d'un\",\"breadcrumb\":{\"@id\":\"https:\/\/www.campingdelmar.com\/ca\/accessibilitat\/#breadcrumb\"},\"inLanguage\":\"ca\",\"potentialAction\":[{\"@type\":\"ReadAction\",\"target\":[\"https:\/\/www.campingdelmar.com\/ca\/accessibilitat\/\"]}]},{\"@type\":\"ImageObject\",\"inLanguage\":\"ca\",\"@id\":\"https:\/\/www.campingdelmar.com\/ca\/accessibilitat\/#primaryimage\",\"url\":\"https:\/\/www.campingdelmar.com\/wp-content\/uploads\/2-2.jpg\",\"contentUrl\":\"https:\/\/www.campingdelmar.com\/wp-content\/uploads\/2-2.jpg\"},{\"@type\":\"BreadcrumbList\",\"@id\":\"https:\/\/www.campingdelmar.com\/ca\/accessibilitat\/#breadcrumb\",\"itemListElement\":[{\"@type\":\"ListItem\",\"position\":1,\"name\":\"Inici\",\"item\":\"https:\/\/www.campingdelmar.com\/ca\/\"},{\"@type\":\"ListItem\",\"position\":2,\"name\":\"Accessibilitat\"}]},{\"@type\":\"WebSite\",\"@id\":\"https:\/\/www.campingdelmar.com\/ca\/#website\",\"url\":\"https:\/\/www.campingdelmar.com\/ca\/\",\"name\":\"Camping del Mar\",\"description\":\"Bungalow Park, Malgrat de Mar\",\"publisher\":{\"@id\":\"https:\/\/www.campingdelmar.com\/ca\/#organization\"},\"potentialAction\":[{\"@type\":\"SearchAction\",\"target\":{\"@type\":\"EntryPoint\",\"urlTemplate\":\"https:\/\/www.campingdelmar.com\/ca\/?s={search_term_string}\"},\"query-input\":{\"@type\":\"PropertyValueSpecification\",\"valueRequired\":true,\"valueName\":\"search_term_string\"}}],\"inLanguage\":\"ca\"},{\"@type\":\"Organization\",\"@id\":\"https:\/\/www.campingdelmar.com\/ca\/#organization\",\"name\":\"Camping del Mar\",\"url\":\"https:\/\/www.campingdelmar.com\/ca\/\",\"logo\":{\"@type\":\"ImageObject\",\"inLanguage\":\"ca\",\"@id\":\"https:\/\/www.campingdelmar.com\/ca\/#\/schema\/logo\/image\/\",\"url\":\"https:\/\/www.campingdelmar.com\/wp-content\/uploads\/camping-del-mar-logo.jpg\",\"contentUrl\":\"https:\/\/www.campingdelmar.com\/wp-content\/uploads\/camping-del-mar-logo.jpg\",\"width\":619,\"height\":697,\"caption\":\"Camping del Mar\"},\"image\":{\"@id\":\"https:\/\/www.campingdelmar.com\/ca\/#\/schema\/logo\/image\/\"}}]}<\/script>\n<!-- \/ Yoast SEO plugin. -->","yoast_head_json":{"title":"Accessibilitat - Camping del Mar","description":"\u00a1NOVETAT! Bun Al C\u00e0mping del Mar ens esforcem cada dia m\u00e9s perqu\u00e8 sigui accessible i tothom pugui gaudir d'unes vacances inoblidables.Disposem d'un","robots":{"index":"index","follow":"follow","max-snippet":"max-snippet:-1","max-image-preview":"max-image-preview:large","max-video-preview":"max-video-preview:-1"},"canonical":"https:\/\/www.campingdelmar.com\/ca\/accessibilitat\/","og_locale":"ca_ES","og_type":"article","og_title":"Accessibilitat - Camping del Mar","og_description":"\u00a1NOVETAT! Bun Al C\u00e0mping del Mar ens esforcem cada dia m\u00e9s perqu\u00e8 sigui accessible i tothom pugui gaudir d'unes vacances inoblidables.Disposem d'un","og_url":"https:\/\/www.campingdelmar.com\/ca\/accessibilitat\/","og_site_name":"Camping del Mar","article_modified_time":"2022-07-29T14:28:15+00:00","og_image":[{"url":"https:\/\/www.campingdelmar.com\/wp-content\/uploads\/2-2.jpg","type":"","width":"","height":""}],"twitter_card":"summary_large_image","schema":{"@context":"https:\/\/schema.org","@graph":[{"@type":"WebPage","@id":"https:\/\/www.campingdelmar.com\/ca\/accessibilitat\/","url":"https:\/\/www.campingdelmar.com\/ca\/accessibilitat\/","name":"Accessibilitat - Camping del Mar","isPartOf":{"@id":"https:\/\/www.campingdelmar.com\/ca\/#website"},"primaryImageOfPage":{"@id":"https:\/\/www.campingdelmar.com\/ca\/accessibilitat\/#primaryimage"},"image":{"@id":"https:\/\/www.campingdelmar.com\/ca\/accessibilitat\/#primaryimage"},"thumbnailUrl":"https:\/\/www.campingdelmar.com\/wp-content\/uploads\/2-2.jpg","datePublished":"2022-07-29T14:02:56+00:00","dateModified":"2022-07-29T14:28:15+00:00","description":"\u00a1NOVETAT! Bun Al C\u00e0mping del Mar ens esforcem cada dia m\u00e9s perqu\u00e8 sigui accessible i tothom pugui gaudir d'unes vacances inoblidables.Disposem d'un","breadcrumb":{"@id":"https:\/\/www.campingdelmar.com\/ca\/accessibilitat\/#breadcrumb"},"inLanguage":"ca","potentialAction":[{"@type":"ReadAction","target":["https:\/\/www.campingdelmar.com\/ca\/accessibilitat\/"]}]},{"@type":"ImageObject","inLanguage":"ca","@id":"https:\/\/www.campingdelmar.com\/ca\/accessibilitat\/#primaryimage","url":"https:\/\/www.campingdelmar.com\/wp-content\/uploads\/2-2.jpg","contentUrl":"https:\/\/www.campingdelmar.com\/wp-content\/uploads\/2-2.jpg"},{"@type":"BreadcrumbList","@id":"https:\/\/www.campingdelmar.com\/ca\/accessibilitat\/#breadcrumb","itemListElement":[{"@type":"ListItem","position":1,"name":"Inici","item":"https:\/\/www.campingdelmar.com\/ca\/"},{"@type":"ListItem","position":2,"name":"Accessibilitat"}]},{"@type":"WebSite","@id":"https:\/\/www.campingdelmar.com\/ca\/#website","url":"https:\/\/www.campingdelmar.com\/ca\/","name":"Camping del Mar","description":"Bungalow Park, Malgrat de Mar","publisher":{"@id":"https:\/\/www.campingdelmar.com\/ca\/#organization"},"potentialAction":[{"@type":"SearchAction","target":{"@type":"EntryPoint","urlTemplate":"https:\/\/www.campingdelmar.com\/ca\/?s={search_term_string}"},"query-input":{"@type":"PropertyValueSpecification","valueRequired":true,"valueName":"search_term_string"}}],"inLanguage":"ca"},{"@type":"Organization","@id":"https:\/\/www.campingdelmar.com\/ca\/#organization","name":"Camping del Mar","url":"https:\/\/www.campingdelmar.com\/ca\/","logo":{"@type":"ImageObject","inLanguage":"ca","@id":"https:\/\/www.campingdelmar.com\/ca\/#\/schema\/logo\/image\/","url":"https:\/\/www.campingdelmar.com\/wp-content\/uploads\/camping-del-mar-logo.jpg","contentUrl":"https:\/\/www.campingdelmar.com\/wp-content\/uploads\/camping-del-mar-logo.jpg","width":619,"height":697,"caption":"Camping del Mar"},"image":{"@id":"https:\/\/www.campingdelmar.com\/ca\/#\/schema\/logo\/image\/"}}]}},"_links":{"self":[{"href":"https:\/\/www.campingdelmar.com\/ca\/wp-json\/wp\/v2\/pages\/35025","targetHints":{"allow":["GET"]}}],"collection":[{"href":"https:\/\/www.campingdelmar.com\/ca\/wp-json\/wp\/v2\/pages"}],"about":[{"href":"https:\/\/www.campingdelmar.com\/ca\/wp-json\/wp\/v2\/types\/page"}],"author":[{"embeddable":true,"href":"https:\/\/www.campingdelmar.com\/ca\/wp-json\/wp\/v2\/users\/2"}],"replies":[{"embeddable":true,"href":"https:\/\/www.campingdelmar.com\/ca\/wp-json\/wp\/v2\/comments?post=35025"}],"version-history":[{"count":3,"href":"https:\/\/www.campingdelmar.com\/ca\/wp-json\/wp\/v2\/pages\/35025\/revisions"}],"predecessor-version":[{"id":35036,"href":"https:\/\/www.campingdelmar.com\/ca\/wp-json\/wp\/v2\/pages\/35025\/revisions\/35036"}],"wp:attachment":[{"href":"https:\/\/www.campingdelmar.com\/ca\/wp-json\/wp\/v2\/media?parent=35025"}],"curies":[{"name":"wp","href":"https:\/\/api.w.org\/{rel}","templated":true}]}}