{"id":26506,"date":"2020-06-29T11:45:59","date_gmt":"2020-06-29T09:45:59","guid":{"rendered":"https:\/\/www.campingdelmar.com\/camping-del-mar-restaurant\/"},"modified":"2025-12-18T15:54:15","modified_gmt":"2025-12-18T14:54:15","slug":"camping-del-mar-restaurant","status":"publish","type":"page","link":"https:\/\/www.campingdelmar.com\/de\/camping-del-mar-restaurant\/","title":{"rendered":"C\u00e0mping del Mar Restaurant"},"content":{"rendered":"\n<div class=\"wp-block-cover alignfull is-light\"><img decoding=\"async\" width=\"2048\" height=\"1366\" class=\"wp-block-cover__image-background wp-image-36511 lazyload\" alt=\"\" data-src=\"https:\/\/www.campingdelmar.com\/wp-content\/uploads\/220801-estudio-fragil-camping-del-mar-1042.jpg\" data-object-fit=\"cover\" data-srcset=\"https:\/\/www.campingdelmar.com\/wp-content\/uploads\/220801-estudio-fragil-camping-del-mar-1042.jpg 2048w, https:\/\/www.campingdelmar.com\/wp-content\/uploads\/220801-estudio-fragil-camping-del-mar-1042-300x200.jpg 300w, https:\/\/www.campingdelmar.com\/wp-content\/uploads\/220801-estudio-fragil-camping-del-mar-1042-1024x683.jpg 1024w, https:\/\/www.campingdelmar.com\/wp-content\/uploads\/220801-estudio-fragil-camping-del-mar-1042-1536x1025.jpg 1536w, https:\/\/www.campingdelmar.com\/wp-content\/uploads\/220801-estudio-fragil-camping-del-mar-1042-900x600.jpg 900w, https:\/\/www.campingdelmar.com\/wp-content\/uploads\/220801-estudio-fragil-camping-del-mar-1042-90x60.jpg 90w, https:\/\/www.campingdelmar.com\/wp-content\/uploads\/220801-estudio-fragil-camping-del-mar-1042-240x160.jpg 240w, https:\/\/www.campingdelmar.com\/wp-content\/uploads\/220801-estudio-fragil-camping-del-mar-1042-1800x1201.jpg 1800w\" data-sizes=\"(max-width: 2048px) 100vw, 2048px\" src=\"data:image\/svg+xml;base64,PHN2ZyB3aWR0aD0iMSIgaGVpZ2h0PSIxIiB4bWxucz0iaHR0cDovL3d3dy53My5vcmcvMjAwMC9zdmciPjwvc3ZnPg==\" style=\"--smush-placeholder-width: 2048px; --smush-placeholder-aspect-ratio: 2048\/1366;\" \/><span aria-hidden=\"true\" class=\"wp-block-cover__background has-background-dim\"><\/span><div class=\"wp-block-cover__inner-container is-layout-flow wp-block-cover-is-layout-flow\">\n<h3 class=\"wp-block-heading has-text-align-center has-blank-3-white-color has-text-color\"><\/h3>\n\n\n\n<div style=\"height:28px\" aria-hidden=\"true\" class=\"wp-block-spacer\"><\/div>\n\n\n\n<h3 class=\"wp-block-heading has-text-align-center has-blank-3-white-color has-text-color\"><\/h3>\n<\/div><\/div>\n\n\n\n<p>Laden Sie das Men\u00fc mit <strong>Tapas, Gerichten und Desserts<\/strong> aus dem Restaurant C\u00e0mping del Mar herunter.<\/p>\n\n\n\n<p>Wenn Sie bereit sind zu bestellen, lassen Sie es den Kellner wissen und wir werden uns an die Arbeit machen, um Sie schnell am Tisch zu bedienen.<\/p>\n\n\n\n<p>M\u00f6chten Sie es in Ihrer Unterkunft essen? Alle unsere Men\u00fcs k\u00f6nnen mitgenommen werden, sodass wir sie auch zum Mitnehmen vorbereiten und sie in Ihrer Unterkunft friedlich essen k\u00f6nnen!<\/p>\n\n\n\n<p>Ich habe schon hungrig! Ach nein?<\/p>\n\n\n\n<div class=\"wp-block-buttons is-content-justification-center is-layout-flex wp-container-core-buttons-is-layout-16018d1d wp-block-buttons-is-layout-flex\">\n<div class=\"wp-block-button\"><a class=\"wp-block-button__link has-background wp-element-button\" href=\"https:\/\/www.campingdelmar.com\/wp-content\/uploads\/camping-del-mar-carta-tapes-2024.pdf\" style=\"background-color:#82a4d5\" target=\"_blank\" rel=\"noreferrer noopener\">Tapas<\/a><\/div>\n\n\n\n<div class=\"wp-block-button\"><a class=\"wp-block-button__link has-background wp-element-button\" href=\"https:\/\/www.campingdelmar.com\/wp-content\/uploads\/camping-del-mar-carta-menu-general-2024.pdf\" style=\"background-color:#82a4d5\" target=\"_blank\" rel=\"noreferrer noopener\">Speisekarte<\/a><\/div>\n\n\n\n<div class=\"wp-block-button\"><a class=\"wp-block-button__link has-background wp-element-button\" href=\"https:\/\/www.campingdelmar.com\/wp-content\/uploads\/camping-del-mar-carta-entrepans-2024.pdf\" style=\"background-color:#82a4d5\" target=\"_blank\" rel=\"noreferrer noopener\">Sandwiches<\/a><\/div>\n\n\n\n<div class=\"wp-block-button\"><a class=\"wp-block-button__link has-blank-3-white-color has-text-color has-background wp-element-button\" href=\"https:\/\/www.campingdelmar.com\/wp-content\/uploads\/campping-del-mar-carta-postres-2024.pdf\" style=\"background-color:#82a4d5\" target=\"_blank\" rel=\"noreferrer noopener\">Desserts<\/a><\/div>\n<\/div>\n\n\n\n<figure class=\"wp-block-image size-large is-resized\"><img decoding=\"async\" width=\"1024\" height=\"1024\" data-src=\"https:\/\/www.campingdelmar.com\/wp-content\/uploads\/distintiu-restauracio-2026-7-1024x1024.png\" alt=\"\" class=\"wp-image-54690 lazyload\" style=\"--smush-placeholder-width: 1024px; --smush-placeholder-aspect-ratio: 1024\/1024;width:299px;height:auto\" data-srcset=\"https:\/\/www.campingdelmar.com\/wp-content\/uploads\/distintiu-restauracio-2026-7-1024x1024.png 1024w, https:\/\/www.campingdelmar.com\/wp-content\/uploads\/distintiu-restauracio-2026-7-300x300.png 300w, https:\/\/www.campingdelmar.com\/wp-content\/uploads\/distintiu-restauracio-2026-7-150x150.png 150w, https:\/\/www.campingdelmar.com\/wp-content\/uploads\/distintiu-restauracio-2026-7-1536x1536.png 1536w, https:\/\/www.campingdelmar.com\/wp-content\/uploads\/distintiu-restauracio-2026-7-2048x2048.png 2048w, https:\/\/www.campingdelmar.com\/wp-content\/uploads\/distintiu-restauracio-2026-7-240x240.png 240w, https:\/\/www.campingdelmar.com\/wp-content\/uploads\/distintiu-restauracio-2026-7-1800x1800.png 1800w\" data-sizes=\"(max-width: 1024px) 100vw, 1024px\" src=\"data:image\/svg+xml;base64,PHN2ZyB3aWR0aD0iMSIgaGVpZ2h0PSIxIiB4bWxucz0iaHR0cDovL3d3dy53My5vcmcvMjAwMC9zdmciPjwvc3ZnPg==\" \/><\/figure>\n\n\n\n<p>Dar\u00fcber hinaus ber\u00fccksichtigen wir die Auswahl der Rohstoffe, deren Handhabung, Kreuzkontaminationen usw. Seit 2022 verf\u00fcgen wir \u00fcber die Zertifizierung der Associaci\u00f3 Cel\u00edacs de Catalunya (Z\u00f6liakieverband Kataloniens), die das Restaurant des Camping del Mar als f\u00fcr Z\u00f6liakiebetroffene und Menschen mit Unvertr\u00e4glichkeiten geeignetes Lokal ausweist.<\/p>\n\n\n\n<p>Wir bitten Sie, uns im Falle einer Unvertr\u00e4glichkeit, Allergie usw. vor Ihrem Aufenthalt und bei Ihrer Ankunft im Campingplatz zu informieren, damit wir bestm\u00f6glich darauf eingehen k\u00f6nnen und Sie einen unvergesslichen glutenfreien Urlaub genie\u00dfen k\u00f6nnen!<br><\/p>\n\n\n\n<p><\/p>\n","protected":false},"excerpt":{"rendered":"<p>Laden Sie das Men\u00fc mit Tapas, Gerichten und Desserts aus [&hellip;]<\/p>\n","protected":false},"author":2,"featured_media":38231,"parent":0,"menu_order":0,"comment_status":"closed","ping_status":"closed","template":"","meta":{"_acf_changed":false,"_monsterinsights_skip_tracking":false,"_monsterinsights_sitenote_active":false,"_monsterinsights_sitenote_note":"","_monsterinsights_sitenote_category":0,"footnotes":""},"class_list":["post-26506","page","type-page","status-publish","has-post-thumbnail","hentry"],"acf":[],"yoast_head":"<!-- This site is optimized with the Yoast SEO plugin v26.8 - https:\/\/yoast.com\/product\/yoast-seo-wordpress\/ -->\n<title>C\u00e0mping del Mar Restaurant - Camping del Mar<\/title>\n<meta name=\"description\" content=\"Laden Sie das Men\u00fc mit Tapas, Gerichten und Desserts aus dem Restaurant C\u00e0mping del Mar herunter. Wenn Sie bereit sind zu bestellen, lassen Sie es den\" \/>\n<meta name=\"robots\" content=\"index, follow, max-snippet:-1, max-image-preview:large, max-video-preview:-1\" \/>\n<link rel=\"canonical\" href=\"https:\/\/www.campingdelmar.com\/de\/camping-del-mar-restaurant\/\" \/>\n<meta property=\"og:locale\" content=\"de_DE\" \/>\n<meta property=\"og:type\" content=\"article\" \/>\n<meta property=\"og:title\" content=\"C\u00e0mping del Mar Restaurant - Camping del Mar\" \/>\n<meta property=\"og:description\" content=\"Laden Sie das Men\u00fc mit Tapas, Gerichten und Desserts aus dem Restaurant C\u00e0mping del Mar herunter. Wenn Sie bereit sind zu bestellen, lassen Sie es den\" \/>\n<meta property=\"og:url\" content=\"https:\/\/www.campingdelmar.com\/de\/camping-del-mar-restaurant\/\" \/>\n<meta property=\"og:site_name\" content=\"Camping del Mar\" \/>\n<meta property=\"article:modified_time\" content=\"2025-12-18T14:54:15+00:00\" \/>\n<meta property=\"og:image\" content=\"https:\/\/www.campingdelmar.com\/wp-content\/uploads\/bar18-scaled.jpg\" \/>\n\t<meta property=\"og:image:width\" content=\"2560\" \/>\n\t<meta property=\"og:image:height\" content=\"1708\" \/>\n\t<meta property=\"og:image:type\" content=\"image\/jpeg\" \/>\n<meta name=\"twitter:card\" content=\"summary_large_image\" \/>\n<meta name=\"twitter:label1\" content=\"Gesch\u00e4tzte Lesezeit\" \/>\n\t<meta name=\"twitter:data1\" content=\"2\u00a0Minuten\" \/>\n<script type=\"application\/ld+json\" class=\"yoast-schema-graph\">{\"@context\":\"https:\/\/schema.org\",\"@graph\":[{\"@type\":\"WebPage\",\"@id\":\"https:\/\/www.campingdelmar.com\/de\/camping-del-mar-restaurant\/\",\"url\":\"https:\/\/www.campingdelmar.com\/de\/camping-del-mar-restaurant\/\",\"name\":\"C\u00e0mping del Mar Restaurant - Camping del Mar\",\"isPartOf\":{\"@id\":\"https:\/\/www.campingdelmar.com\/de\/#website\"},\"primaryImageOfPage\":{\"@id\":\"https:\/\/www.campingdelmar.com\/de\/camping-del-mar-restaurant\/#primaryimage\"},\"image\":{\"@id\":\"https:\/\/www.campingdelmar.com\/de\/camping-del-mar-restaurant\/#primaryimage\"},\"thumbnailUrl\":\"https:\/\/www.campingdelmar.com\/wp-content\/uploads\/bar18-scaled.jpg\",\"datePublished\":\"2020-06-29T09:45:59+00:00\",\"dateModified\":\"2025-12-18T14:54:15+00:00\",\"description\":\"Laden Sie das Men\u00fc mit Tapas, Gerichten und Desserts aus dem Restaurant C\u00e0mping del Mar herunter. Wenn Sie bereit sind zu bestellen, lassen Sie es den\",\"breadcrumb\":{\"@id\":\"https:\/\/www.campingdelmar.com\/de\/camping-del-mar-restaurant\/#breadcrumb\"},\"inLanguage\":\"de\",\"potentialAction\":[{\"@type\":\"ReadAction\",\"target\":[\"https:\/\/www.campingdelmar.com\/de\/camping-del-mar-restaurant\/\"]}]},{\"@type\":\"ImageObject\",\"inLanguage\":\"de\",\"@id\":\"https:\/\/www.campingdelmar.com\/de\/camping-del-mar-restaurant\/#primaryimage\",\"url\":\"https:\/\/www.campingdelmar.com\/wp-content\/uploads\/bar18-scaled.jpg\",\"contentUrl\":\"https:\/\/www.campingdelmar.com\/wp-content\/uploads\/bar18-scaled.jpg\",\"width\":2560,\"height\":1708},{\"@type\":\"BreadcrumbList\",\"@id\":\"https:\/\/www.campingdelmar.com\/de\/camping-del-mar-restaurant\/#breadcrumb\",\"itemListElement\":[{\"@type\":\"ListItem\",\"position\":1,\"name\":\"Der Beginn\",\"item\":\"https:\/\/www.campingdelmar.com\/de\/\"},{\"@type\":\"ListItem\",\"position\":2,\"name\":\"C\u00e0mping del Mar Restaurant\"}]},{\"@type\":\"WebSite\",\"@id\":\"https:\/\/www.campingdelmar.com\/de\/#website\",\"url\":\"https:\/\/www.campingdelmar.com\/de\/\",\"name\":\"Camping del Mar\",\"description\":\"Bungalow Park, Malgrat de Mar\",\"publisher\":{\"@id\":\"https:\/\/www.campingdelmar.com\/de\/#organization\"},\"potentialAction\":[{\"@type\":\"SearchAction\",\"target\":{\"@type\":\"EntryPoint\",\"urlTemplate\":\"https:\/\/www.campingdelmar.com\/de\/?s={search_term_string}\"},\"query-input\":{\"@type\":\"PropertyValueSpecification\",\"valueRequired\":true,\"valueName\":\"search_term_string\"}}],\"inLanguage\":\"de\"},{\"@type\":\"Organization\",\"@id\":\"https:\/\/www.campingdelmar.com\/de\/#organization\",\"name\":\"Camping del Mar\",\"url\":\"https:\/\/www.campingdelmar.com\/de\/\",\"logo\":{\"@type\":\"ImageObject\",\"inLanguage\":\"de\",\"@id\":\"https:\/\/www.campingdelmar.com\/de\/#\/schema\/logo\/image\/\",\"url\":\"https:\/\/www.campingdelmar.com\/wp-content\/uploads\/camping-del-mar-logo.jpg\",\"contentUrl\":\"https:\/\/www.campingdelmar.com\/wp-content\/uploads\/camping-del-mar-logo.jpg\",\"width\":619,\"height\":697,\"caption\":\"Camping del Mar\"},\"image\":{\"@id\":\"https:\/\/www.campingdelmar.com\/de\/#\/schema\/logo\/image\/\"}}]}<\/script>\n<!-- \/ Yoast SEO plugin. -->","yoast_head_json":{"title":"C\u00e0mping del Mar Restaurant - Camping del Mar","description":"Laden Sie das Men\u00fc mit Tapas, Gerichten und Desserts aus dem Restaurant C\u00e0mping del Mar herunter. Wenn Sie bereit sind zu bestellen, lassen Sie es den","robots":{"index":"index","follow":"follow","max-snippet":"max-snippet:-1","max-image-preview":"max-image-preview:large","max-video-preview":"max-video-preview:-1"},"canonical":"https:\/\/www.campingdelmar.com\/de\/camping-del-mar-restaurant\/","og_locale":"de_DE","og_type":"article","og_title":"C\u00e0mping del Mar Restaurant - Camping del Mar","og_description":"Laden Sie das Men\u00fc mit Tapas, Gerichten und Desserts aus dem Restaurant C\u00e0mping del Mar herunter. Wenn Sie bereit sind zu bestellen, lassen Sie es den","og_url":"https:\/\/www.campingdelmar.com\/de\/camping-del-mar-restaurant\/","og_site_name":"Camping del Mar","article_modified_time":"2025-12-18T14:54:15+00:00","og_image":[{"width":2560,"height":1708,"url":"https:\/\/www.campingdelmar.com\/wp-content\/uploads\/bar18-scaled.jpg","type":"image\/jpeg"}],"twitter_card":"summary_large_image","twitter_misc":{"Gesch\u00e4tzte Lesezeit":"2\u00a0Minuten"},"schema":{"@context":"https:\/\/schema.org","@graph":[{"@type":"WebPage","@id":"https:\/\/www.campingdelmar.com\/de\/camping-del-mar-restaurant\/","url":"https:\/\/www.campingdelmar.com\/de\/camping-del-mar-restaurant\/","name":"C\u00e0mping del Mar Restaurant - Camping del Mar","isPartOf":{"@id":"https:\/\/www.campingdelmar.com\/de\/#website"},"primaryImageOfPage":{"@id":"https:\/\/www.campingdelmar.com\/de\/camping-del-mar-restaurant\/#primaryimage"},"image":{"@id":"https:\/\/www.campingdelmar.com\/de\/camping-del-mar-restaurant\/#primaryimage"},"thumbnailUrl":"https:\/\/www.campingdelmar.com\/wp-content\/uploads\/bar18-scaled.jpg","datePublished":"2020-06-29T09:45:59+00:00","dateModified":"2025-12-18T14:54:15+00:00","description":"Laden Sie das Men\u00fc mit Tapas, Gerichten und Desserts aus dem Restaurant C\u00e0mping del Mar herunter. Wenn Sie bereit sind zu bestellen, lassen Sie es den","breadcrumb":{"@id":"https:\/\/www.campingdelmar.com\/de\/camping-del-mar-restaurant\/#breadcrumb"},"inLanguage":"de","potentialAction":[{"@type":"ReadAction","target":["https:\/\/www.campingdelmar.com\/de\/camping-del-mar-restaurant\/"]}]},{"@type":"ImageObject","inLanguage":"de","@id":"https:\/\/www.campingdelmar.com\/de\/camping-del-mar-restaurant\/#primaryimage","url":"https:\/\/www.campingdelmar.com\/wp-content\/uploads\/bar18-scaled.jpg","contentUrl":"https:\/\/www.campingdelmar.com\/wp-content\/uploads\/bar18-scaled.jpg","width":2560,"height":1708},{"@type":"BreadcrumbList","@id":"https:\/\/www.campingdelmar.com\/de\/camping-del-mar-restaurant\/#breadcrumb","itemListElement":[{"@type":"ListItem","position":1,"name":"Der Beginn","item":"https:\/\/www.campingdelmar.com\/de\/"},{"@type":"ListItem","position":2,"name":"C\u00e0mping del Mar Restaurant"}]},{"@type":"WebSite","@id":"https:\/\/www.campingdelmar.com\/de\/#website","url":"https:\/\/www.campingdelmar.com\/de\/","name":"Camping del Mar","description":"Bungalow Park, Malgrat de Mar","publisher":{"@id":"https:\/\/www.campingdelmar.com\/de\/#organization"},"potentialAction":[{"@type":"SearchAction","target":{"@type":"EntryPoint","urlTemplate":"https:\/\/www.campingdelmar.com\/de\/?s={search_term_string}"},"query-input":{"@type":"PropertyValueSpecification","valueRequired":true,"valueName":"search_term_string"}}],"inLanguage":"de"},{"@type":"Organization","@id":"https:\/\/www.campingdelmar.com\/de\/#organization","name":"Camping del Mar","url":"https:\/\/www.campingdelmar.com\/de\/","logo":{"@type":"ImageObject","inLanguage":"de","@id":"https:\/\/www.campingdelmar.com\/de\/#\/schema\/logo\/image\/","url":"https:\/\/www.campingdelmar.com\/wp-content\/uploads\/camping-del-mar-logo.jpg","contentUrl":"https:\/\/www.campingdelmar.com\/wp-content\/uploads\/camping-del-mar-logo.jpg","width":619,"height":697,"caption":"Camping del Mar"},"image":{"@id":"https:\/\/www.campingdelmar.com\/de\/#\/schema\/logo\/image\/"}}]}},"_links":{"self":[{"href":"https:\/\/www.campingdelmar.com\/de\/wp-json\/wp\/v2\/pages\/26506","targetHints":{"allow":["GET"]}}],"collection":[{"href":"https:\/\/www.campingdelmar.com\/de\/wp-json\/wp\/v2\/pages"}],"about":[{"href":"https:\/\/www.campingdelmar.com\/de\/wp-json\/wp\/v2\/types\/page"}],"author":[{"embeddable":true,"href":"https:\/\/www.campingdelmar.com\/de\/wp-json\/wp\/v2\/users\/2"}],"replies":[{"embeddable":true,"href":"https:\/\/www.campingdelmar.com\/de\/wp-json\/wp\/v2\/comments?post=26506"}],"version-history":[{"count":6,"href":"https:\/\/www.campingdelmar.com\/de\/wp-json\/wp\/v2\/pages\/26506\/revisions"}],"predecessor-version":[{"id":54698,"href":"https:\/\/www.campingdelmar.com\/de\/wp-json\/wp\/v2\/pages\/26506\/revisions\/54698"}],"wp:featuredmedia":[{"embeddable":true,"href":"https:\/\/www.campingdelmar.com\/de\/wp-json\/wp\/v2\/media\/38231"}],"wp:attachment":[{"href":"https:\/\/www.campingdelmar.com\/de\/wp-json\/wp\/v2\/media?parent=26506"}],"curies":[{"name":"wp","href":"https:\/\/api.w.org\/{rel}","templated":true}]}}