{"id":29271,"date":"2021-01-29T12:21:19","date_gmt":"2021-01-29T11:21:19","guid":{"rendered":"https:\/\/www.campingdelmar.com\/schulausflug\/"},"modified":"2021-02-11T12:09:33","modified_gmt":"2021-02-11T11:09:33","slug":"schulausflug","status":"publish","type":"page","link":"https:\/\/www.campingdelmar.com\/de\/gruppenaufenthalte\/schulausflug\/","title":{"rendered":"Schulausflug"},"content":{"rendered":"\n<h1 class=\"has-text-align-center has-blank-3-gradientblue-color has-text-color wp-block-heading\">Schulausflug<\/h1>\n\n<div style=\"height:45px\" aria-hidden=\"true\" class=\"wp-block-spacer\"><\/div>\n\n<div class=\"wp-block-columns alignwide are-vertically-aligned-center is-layout-flex wp-container-core-columns-is-layout-9d6595d7 wp-block-columns-is-layout-flex\">\n<div class=\"wp-block-column is-vertically-aligned-center is-layout-flow wp-block-column-is-layout-flow\">\n<h2 class=\"has-blank-3-darkblue-color has-text-color wp-block-heading\">Unsere einrichtungen<\/h2>\n\n\n\n<p>Camping del Mar befindet sich in Malgrat de Mar, einer Stadt zwischen der Costa de Barcelona und der Costa Brava. Hier k\u00f6nnen Sie eine ruhige und sichere Umgebung f\u00fcr die Kolonien Ihres Bildungszentrums genie\u00dfen.<\/p>\n\n\n\n<p>Der Campingplatz verf\u00fcgt \u00fcber gute Einrichtungen, um viele Aktivit\u00e4ten w\u00e4hrend Ihrer Reise zu organisieren.<\/p>\n\n\n\n<ul class=\"wp-block-list\"><li>Pools (1 Kinderbecken und 1 Erwachsenenbecken)<\/li><li>Minigolf<\/li><li>Fu\u00dfballfeld<\/li><li>Tennisplatz<\/li><li>Basketball Platz<\/li><li>Aqua Splash (Wasserfont\u00e4nen)<\/li><li>Ruhiger Strand vor dem Campingplatz mit nautischer Basis<\/li><li>Gro\u00dfer Raum<\/li><\/ul><\/div>\n\n\n\n<div class=\"wp-block-column is-vertically-aligned-center is-layout-flow wp-block-column-is-layout-flow\">\n\n\n                    <style>\n\n\n        <\/style>\n        <article id=\"custom-gallery-block_600552b37c4ab\" class=\"custom-gallery   is-style-rounded\" >\n                        \n            <script>\n            $(window).load(function() {\n\n\n                var slider = tns({\n                    nav: false,\n                    controls: true,\n                    container: '.id-gal651',\n                    items: 1,\n                    autoWidth: false,\n                    autoplay: true,\n                    mouseDrag: true,\n                    responsive: {\n                      0: {\n                        edgePadding: 0,\n                        items: 1\n                      },\n                      400: {\n                        edgePadding: 0,\n                        items: 1\n                      },\n\n                      600: {\n                        edgePadding: 0,\n                        items: 1\n                      },\n                      900: {\n                        edgePadding: 0,\n                        items: 1,\n                        gutter: 0,\n                      }\n                    }\n                  });\n                });\n\n            <\/script><div class=\"galeria clearfix galeria-carousel id-gal651\"><div class=\"item-slider cover\"><a href=\"https:\/\/www.campingdelmar.com\/wp-content\/uploads\/img-20190613-wa0020-1.jpg\" id=\"thumb-28476\" class=\"image-link\"><div class=\"inner-image cover lazyload\" style=\"background-image:inherit\" data-bg-image=\"url(https:\/\/www.campingdelmar.com\/wp-content\/uploads\/img-20190613-wa0020-1-900x600.jpg)\"><\/div><\/a><\/div><div class=\"item-slider cover\"><a href=\"https:\/\/www.campingdelmar.com\/wp-content\/uploads\/img-8612-1-1350x1800.jpg\" id=\"thumb-23039\" class=\"image-link\"><div class=\"inner-image cover lazyload\" style=\"background-image:inherit\" data-bg-image=\"url(https:\/\/www.campingdelmar.com\/wp-content\/uploads\/img-8612-1-900x600.jpg)\"><\/div><\/a><\/div><div class=\"item-slider cover\"><a href=\"https:\/\/www.campingdelmar.com\/wp-content\/uploads\/img-20190509-105739-1800x1013.jpg\" id=\"thumb-22720\" class=\"image-link\"><div class=\"inner-image cover lazyload\" style=\"background-image:inherit\" data-bg-image=\"url(https:\/\/www.campingdelmar.com\/wp-content\/uploads\/img-20190509-105739-900x600.jpg)\"><\/div><\/a><\/div><div class=\"item-slider cover\"><a href=\"https:\/\/www.campingdelmar.com\/wp-content\/uploads\/img-20190613-wa0025.jpg\" id=\"thumb-22209\" class=\"image-link\"><div class=\"inner-image cover lazyload\" style=\"background-image:inherit\" data-bg-image=\"url(https:\/\/www.campingdelmar.com\/wp-content\/uploads\/img-20190613-wa0025-900x600.jpg)\"><\/div><\/a><\/div><div class=\"item-slider cover\"><a href=\"https:\/\/www.campingdelmar.com\/wp-content\/uploads\/retocades-1800x1198.jpg\" id=\"thumb-20104\" class=\"image-link\"><div class=\"inner-image cover lazyload\" style=\"background-image:inherit\" data-bg-image=\"url(https:\/\/www.campingdelmar.com\/wp-content\/uploads\/retocades-900x600.jpg)\"><\/div><\/a><\/div><div class=\"item-slider cover\"><a href=\"https:\/\/www.campingdelmar.com\/wp-content\/uploads\/futbol.jpg\" id=\"thumb-20120\" class=\"image-link\"><div class=\"inner-image cover lazyload\" style=\"background-image:inherit\" data-bg-image=\"url(https:\/\/www.campingdelmar.com\/wp-content\/uploads\/futbol-900x600.jpg)\"><\/div><\/a><\/div><div class=\"item-slider cover\"><a href=\"https:\/\/www.campingdelmar.com\/wp-content\/uploads\/piscina-1800x1198.jpg\" id=\"thumb-19315\" class=\"image-link\"><div class=\"inner-image cover lazyload\" style=\"background-image:inherit\" data-bg-image=\"url(https:\/\/www.campingdelmar.com\/wp-content\/uploads\/piscina-900x600.jpg)\"><\/div><\/a><\/div><div class=\"item-slider cover\"><a href=\"https:\/\/www.campingdelmar.com\/wp-content\/uploads\/26062020.jpg\" id=\"thumb-26620\" class=\"image-link\"><div class=\"inner-image cover lazyload\" style=\"background-image:inherit\" data-bg-image=\"url(https:\/\/www.campingdelmar.com\/wp-content\/uploads\/26062020-900x600.jpg)\"><\/div><\/a><\/div><div class=\"item-slider cover\"><a href=\"https:\/\/www.campingdelmar.com\/wp-content\/uploads\/img-20190608-171422-1800x1013.jpg\" id=\"thumb-22483\" class=\"image-link\"><div class=\"inner-image cover lazyload\" style=\"background-image:inherit\" data-bg-image=\"url(https:\/\/www.campingdelmar.com\/wp-content\/uploads\/img-20190608-171422-900x600.jpg)\"><\/div><\/a><\/div><div class=\"item-slider cover\"><a href=\"https:\/\/www.campingdelmar.com\/wp-content\/uploads\/crc9954-1800x1198.jpg\" id=\"thumb-20110\" class=\"image-link\"><div class=\"inner-image cover lazyload\" style=\"background-image:inherit\" data-bg-image=\"url(https:\/\/www.campingdelmar.com\/wp-content\/uploads\/crc9954-900x600.jpg)\"><\/div><\/a><\/div><\/div>        <\/article>\n\n\n\n    \n\n\n<\/div>\n<\/div>\n\n<div style=\"height:19px\" aria-hidden=\"true\" class=\"wp-block-spacer\"><\/div>\n\n<hr class=\"wp-block-separator has-text-color has-background has-blank-3-darkblue-background-color has-blank-3-darkblue-color is-style-wide\"\/>\n\n<div style=\"height:28px\" aria-hidden=\"true\" class=\"wp-block-spacer\"><\/div>\n\n<div class=\"wp-block-columns alignwide are-vertically-aligned-center is-layout-flex wp-container-core-columns-is-layout-9d6595d7 wp-block-columns-is-layout-flex\">\n<div class=\"wp-block-column is-vertically-aligned-center is-layout-flow wp-block-column-is-layout-flow\">\n\n\n                    <style>\n\n\n        <\/style>\n        <article id=\"custom-gallery-block_6005547e7c4b8\" class=\"custom-gallery   is-style-rounded\" >\n                        \n            <script>\n            $(window).load(function() {\n\n\n                var slider = tns({\n                    nav: false,\n                    controls: true,\n                    container: '.id-gal640',\n                    items: 1,\n                    autoWidth: false,\n                    autoplay: true,\n                    mouseDrag: true,\n                    responsive: {\n                      0: {\n                        edgePadding: 0,\n                        items: 1\n                      },\n                      400: {\n                        edgePadding: 0,\n                        items: 1\n                      },\n\n                      600: {\n                        edgePadding: 0,\n                        items: 1\n                      },\n                      900: {\n                        edgePadding: 0,\n                        items: 1,\n                        gutter: 0,\n                      }\n                    }\n                  });\n                });\n\n            <\/script><div class=\"galeria clearfix galeria-carousel id-gal640\"><div class=\"item-slider cover\"><a href=\"https:\/\/www.campingdelmar.com\/wp-content\/uploads\/crc1086-1-1800x1198.jpg\" id=\"thumb-28483\" class=\"image-link\"><div class=\"inner-image cover lazyload\" style=\"background-image:inherit\" data-bg-image=\"url(https:\/\/www.campingdelmar.com\/wp-content\/uploads\/crc1086-1-900x600.jpg)\"><\/div><\/a><\/div><div class=\"item-slider cover\"><a href=\"https:\/\/www.campingdelmar.com\/wp-content\/uploads\/crc1036-1800x1198.jpg\" id=\"thumb-20890\" class=\"image-link\"><div class=\"inner-image cover lazyload\" style=\"background-image:inherit\" data-bg-image=\"url(https:\/\/www.campingdelmar.com\/wp-content\/uploads\/crc1036-900x600.jpg)\"><\/div><\/a><\/div><div class=\"item-slider cover\"><a href=\"https:\/\/www.campingdelmar.com\/wp-content\/uploads\/crc1066-1800x1198.jpg\" id=\"thumb-20911\" class=\"image-link\"><div class=\"inner-image cover lazyload\" style=\"background-image:inherit\" data-bg-image=\"url(https:\/\/www.campingdelmar.com\/wp-content\/uploads\/crc1066-900x600.jpg)\"><\/div><\/a><\/div><div class=\"item-slider cover\"><a href=\"https:\/\/www.campingdelmar.com\/wp-content\/uploads\/img-20190910-wa0004.jpg\" id=\"thumb-28497\" class=\"image-link\"><div class=\"inner-image cover lazyload\" style=\"background-image:inherit\" data-bg-image=\"url(https:\/\/www.campingdelmar.com\/wp-content\/uploads\/img-20190910-wa0004-900x600.jpg)\"><\/div><\/a><\/div><div class=\"item-slider cover\"><a href=\"https:\/\/www.campingdelmar.com\/wp-content\/uploads\/20190505-074920-1800x1350.jpg\" id=\"thumb-28504\" class=\"image-link\"><div class=\"inner-image cover lazyload\" style=\"background-image:inherit\" data-bg-image=\"url(https:\/\/www.campingdelmar.com\/wp-content\/uploads\/20190505-074920-900x600.jpg)\"><\/div><\/a><\/div><div class=\"item-slider cover\"><a href=\"https:\/\/www.campingdelmar.com\/wp-content\/uploads\/instalaciones-1800x924.jpg\" id=\"thumb-19828\" class=\"image-link\"><div class=\"inner-image cover lazyload\" style=\"background-image:inherit\" data-bg-image=\"url(https:\/\/www.campingdelmar.com\/wp-content\/uploads\/instalaciones-900x600.jpg)\"><\/div><\/a><\/div><div class=\"item-slider cover\"><a href=\"https:\/\/www.campingdelmar.com\/wp-content\/uploads\/19062019-1800x1221.jpg\" id=\"thumb-28512\" class=\"image-link\"><div class=\"inner-image cover lazyload\" style=\"background-image:inherit\" data-bg-image=\"url(https:\/\/www.campingdelmar.com\/wp-content\/uploads\/19062019-900x600.jpg)\"><\/div><\/a><\/div><div class=\"item-slider cover\"><a href=\"https:\/\/www.campingdelmar.com\/wp-content\/uploads\/img-20190613-wa0020-1.jpg\" id=\"thumb-28476\" class=\"image-link\"><div class=\"inner-image cover lazyload\" style=\"background-image:inherit\" data-bg-image=\"url(https:\/\/www.campingdelmar.com\/wp-content\/uploads\/img-20190613-wa0020-1-900x600.jpg)\"><\/div><\/a><\/div><\/div>        <\/article>\n\n\n\n    \n\n\n<\/div>\n\n\n\n<div class=\"wp-block-column is-vertically-aligned-center is-layout-flow wp-block-column-is-layout-flow\">\n<h2 class=\"has-blank-3-darkblue-color has-text-color wp-block-heading\">Dienstleistungen<\/h2>\n\n\n\n<p>Wir passen uns allen Ihren Bed\u00fcrfnissen an und schlagen verschiedene Optionen f\u00fcr die Kolonien vor, die auf dem Campingplatz bleiben:<\/p>\n\n\n\n<ul class=\"wp-block-list\"><li>Nur Unterkunft<\/li><li>Halbpension oder Vollpension in unserem Restaurant (M\u00f6glichkeit, das Men\u00fc an alle Arten von Di\u00e4ten, Unvertr\u00e4glichkeiten und Allergien anzupassen)<\/li><li>M\u00f6glichkeit der Einstellung von Aktivit\u00e4ten und Animateuren<\/li><\/ul>\n\n\n<p>Wir haben Holzbungalows, Mobilheime und Stellpl\u00e4tze mit Zelten. Die maximale Kapazit\u00e4t jeder Unterkunft betr\u00e4gt 6 Personen.<\/p>\n\n\n\n<ul class=\"wp-block-list\"><li>Eingeschr\u00e4nkter Bungalowbereich f\u00fcr die Schule<\/li><li>Kein Fahrzeugumlauf<\/li><\/ul>\n\n\n<p>Ohne Zweifel werden unsere nautische Basis und unsere Animatoren daran teilnehmen, unvergessliche Erinnerungen f\u00fcr die Kinder Ihrer Schule zu schaffen.<\/p>\n<\/div>\n<\/div>\n\n<div style=\"height:20px\" aria-hidden=\"true\" class=\"wp-block-spacer\"><\/div>\n\n<hr class=\"wp-block-separator has-text-color has-background has-blank-3-darkblue-background-color has-blank-3-darkblue-color is-style-wide\"\/>\n\n<div style=\"height:29px\" aria-hidden=\"true\" class=\"wp-block-spacer\"><\/div>\n\n<div class=\"wp-block-columns alignwide is-layout-flex wp-container-core-columns-is-layout-9d6595d7 wp-block-columns-is-layout-flex\">\n<div class=\"wp-block-column is-layout-flow wp-block-column-is-layout-flow\">\n<h2 class=\"has-blank-3-darkblue-color has-text-color wp-block-heading\">Umgebung<\/h2>\n\n\n\n<p>Der Campingplatz befindet sich in einer ruhigen Gegend von Malgrat de Mar, ideal, um die Natur und die N\u00e4he zum Meer in vollen Z\u00fcgen zu genie\u00dfen. Die Stadt ist v\u00f6llig flach, so dass man sehr leicht Rad fahren oder laufen kann.<\/p>\n\n\n\n<p>Malgrat de Mar bietet viele Aktivit\u00e4ten f\u00fcr Kinder jeden Alters:<\/p>\n\n\n\n<ul class=\"wp-block-list\"><li>Strandaktivit\u00e4ten<\/li><li>Parks und G\u00e4rten<\/li><li>Historisches Zentrum und Schloss<\/li><li>Routen im Park Montnegre i Corredor<\/li><li>Tordera river delta<\/li><li>Wasserparks<\/li><\/ul><\/div>\n\n\n\n<div class=\"wp-block-column is-layout-flow wp-block-column-is-layout-flow\">\n\n\n                    <style>\n\n\n        <\/style>\n        <article id=\"custom-gallery-block_6005514f7c4a2\" class=\"custom-gallery   is-style-rounded\" >\n                        \n            <script>\n            $(window).load(function() {\n\n\n                var slider = tns({\n                    nav: false,\n                    controls: true,\n                    container: '.id-gal899',\n                    items: 1,\n                    autoWidth: false,\n                    autoplay: true,\n                    mouseDrag: true,\n                    responsive: {\n                      0: {\n                        edgePadding: 0,\n                        items: 1\n                      },\n                      400: {\n                        edgePadding: 0,\n                        items: 1\n                      },\n\n                      600: {\n                        edgePadding: 0,\n                        items: 1\n                      },\n                      900: {\n                        edgePadding: 0,\n                        items: 1,\n                        gutter: 0,\n                      }\n                    }\n                  });\n                });\n\n            <\/script><div class=\"galeria clearfix galeria-carousel id-gal899\"><div class=\"item-slider cover\"><a href=\"https:\/\/www.campingdelmar.com\/wp-content\/uploads\/parque-infantil-1380x700-1380x700-c.jpg\" id=\"thumb-23985\" class=\"image-link\"><div class=\"inner-image cover lazyload\" style=\"background-image:inherit\" data-bg-image=\"url(https:\/\/www.campingdelmar.com\/wp-content\/uploads\/parque-infantil-1380x700-1380x700-c-900x600.jpg)\"><\/div><\/a><\/div><div class=\"item-slider cover\"><a href=\"https:\/\/www.campingdelmar.com\/wp-content\/uploads\/box7malgrat.jpg\" id=\"thumb-23992\" class=\"image-link\"><div class=\"inner-image cover lazyload\" style=\"background-image:inherit\" data-bg-image=\"url(https:\/\/www.campingdelmar.com\/wp-content\/uploads\/box7malgrat.jpg)\"><\/div><\/a><\/div><div class=\"item-slider cover\"><a href=\"https:\/\/www.campingdelmar.com\/wp-content\/uploads\/dd4d1540-c8e9-480e-b741-1b69b16cdc15.jpg\" id=\"thumb-23600\" class=\"image-link\"><div class=\"inner-image cover lazyload\" style=\"background-image:inherit\" data-bg-image=\"url(https:\/\/www.campingdelmar.com\/wp-content\/uploads\/dd4d1540-c8e9-480e-b741-1b69b16cdc15.jpg)\"><\/div><\/a><\/div><div class=\"item-slider cover\"><a href=\"https:\/\/www.campingdelmar.com\/wp-content\/uploads\/cami-ronda-18.jpg\" id=\"thumb-23550\" class=\"image-link\"><div class=\"inner-image cover lazyload\" style=\"background-image:inherit\" data-bg-image=\"url(https:\/\/www.campingdelmar.com\/wp-content\/uploads\/cami-ronda-18.jpg)\"><\/div><\/a><\/div><div class=\"item-slider cover\"><a href=\"https:\/\/www.campingdelmar.com\/wp-content\/uploads\/natura-malgrat1.jpg\" id=\"thumb-23148\" class=\"image-link\"><div class=\"inner-image cover lazyload\" style=\"background-image:inherit\" data-bg-image=\"url(https:\/\/www.campingdelmar.com\/wp-content\/uploads\/natura-malgrat1.jpg)\"><\/div><\/a><\/div><div class=\"item-slider cover\"><a href=\"https:\/\/www.campingdelmar.com\/wp-content\/uploads\/parc-malgrat-de-mar-2.jpg\" id=\"thumb-23978\" class=\"image-link\"><div class=\"inner-image cover lazyload\" style=\"background-image:inherit\" data-bg-image=\"url(https:\/\/www.campingdelmar.com\/wp-content\/uploads\/parc-malgrat-de-mar-2.jpg)\"><\/div><\/a><\/div><\/div>        <\/article>\n\n\n\n    \n\n\n<\/div>\n<\/div>\n\n<div style=\"height:35px\" aria-hidden=\"true\" class=\"wp-block-spacer\"><\/div>\n\n<div class=\"wp-block-buttons aligncenter is-layout-flex wp-block-buttons-is-layout-flex\">\n<div class=\"wp-block-button\"><a class=\"wp-block-button__link has-blank-3-white-color has-blank-3-darkblue-background-color has-text-color has-background\" href=\"https:\/\/www.campingdelmar.com\/wp-content\/uploads\/dossier-colonias-eng.pdf\" style=\"border-radius:2px\">Dossier herunterladen<\/a><\/div>\n\n\n\n<div class=\"wp-block-button is-style-outline is-style-outline--1\"><a class=\"wp-block-button__link has-blank-3-darkblue-color has-text-color\" href=\"mailto:info@campingdelmar.com\" style=\"border-radius:2px\">Kontaktiere uns<\/a><\/div>\n<\/div>\n","protected":false},"excerpt":{"rendered":"<p>Schulausflug Unsere einrichtungen Camping del Mar befindet sich in Malgrat [&hellip;]<\/p>\n","protected":false},"author":2,"featured_media":0,"parent":29460,"menu_order":17,"comment_status":"closed","ping_status":"closed","template":"","meta":{"_acf_changed":false,"_monsterinsights_skip_tracking":false,"_monsterinsights_sitenote_active":false,"_monsterinsights_sitenote_note":"","_monsterinsights_sitenote_category":0,"footnotes":""},"class_list":["post-29271","page","type-page","status-publish","hentry"],"acf":[],"yoast_head":"<!-- This site is optimized with the Yoast SEO plugin v26.8 - https:\/\/yoast.com\/product\/yoast-seo-wordpress\/ -->\n<title>Schulausflug an die K\u00fcste von Barcelona! - Camping del Mar<\/title>\n<meta name=\"description\" content=\"Camping f\u00fcr Gruppen von Kindern jeden Alters. Holzbungalow und Halbpension oder Vollpension. Strand mit nautischer Basis und Monitoren!\" \/>\n<meta name=\"robots\" content=\"index, follow, max-snippet:-1, max-image-preview:large, max-video-preview:-1\" \/>\n<link rel=\"canonical\" href=\"https:\/\/www.campingdelmar.com\/de\/gruppenaufenthalte\/schulausflug\/\" \/>\n<meta property=\"og:locale\" content=\"de_DE\" \/>\n<meta property=\"og:type\" content=\"article\" \/>\n<meta property=\"og:title\" content=\"Schulausflug an die K\u00fcste von Barcelona! - Camping del Mar\" \/>\n<meta property=\"og:description\" content=\"Camping f\u00fcr Gruppen von Kindern jeden Alters. Holzbungalow und Halbpension oder Vollpension. Strand mit nautischer Basis und Monitoren!\" \/>\n<meta property=\"og:url\" content=\"https:\/\/www.campingdelmar.com\/de\/gruppenaufenthalte\/schulausflug\/\" \/>\n<meta property=\"og:site_name\" content=\"Camping del Mar\" \/>\n<meta property=\"article:modified_time\" content=\"2021-02-11T11:09:33+00:00\" \/>\n<meta name=\"twitter:card\" content=\"summary_large_image\" \/>\n<meta name=\"twitter:label1\" content=\"Gesch\u00e4tzte Lesezeit\" \/>\n\t<meta name=\"twitter:data1\" content=\"1\u00a0Minute\" \/>\n<script type=\"application\/ld+json\" class=\"yoast-schema-graph\">{\"@context\":\"https:\/\/schema.org\",\"@graph\":[{\"@type\":\"WebPage\",\"@id\":\"https:\/\/www.campingdelmar.com\/de\/gruppenaufenthalte\/schulausflug\/\",\"url\":\"https:\/\/www.campingdelmar.com\/de\/gruppenaufenthalte\/schulausflug\/\",\"name\":\"Schulausflug an die K\u00fcste von Barcelona! - Camping del Mar\",\"isPartOf\":{\"@id\":\"https:\/\/www.campingdelmar.com\/de\/#website\"},\"datePublished\":\"2021-01-29T11:21:19+00:00\",\"dateModified\":\"2021-02-11T11:09:33+00:00\",\"description\":\"Camping f\u00fcr Gruppen von Kindern jeden Alters. Holzbungalow und Halbpension oder Vollpension. Strand mit nautischer Basis und Monitoren!\",\"breadcrumb\":{\"@id\":\"https:\/\/www.campingdelmar.com\/de\/gruppenaufenthalte\/schulausflug\/#breadcrumb\"},\"inLanguage\":\"de\",\"potentialAction\":[{\"@type\":\"ReadAction\",\"target\":[\"https:\/\/www.campingdelmar.com\/de\/gruppenaufenthalte\/schulausflug\/\"]}]},{\"@type\":\"BreadcrumbList\",\"@id\":\"https:\/\/www.campingdelmar.com\/de\/gruppenaufenthalte\/schulausflug\/#breadcrumb\",\"itemListElement\":[{\"@type\":\"ListItem\",\"position\":1,\"name\":\"Der Beginn\",\"item\":\"https:\/\/www.campingdelmar.com\/de\/\"},{\"@type\":\"ListItem\",\"position\":2,\"name\":\"Gruppenaufenthalte\",\"item\":\"https:\/\/www.campingdelmar.com\/de\/estancias-para-grupos\/\"},{\"@type\":\"ListItem\",\"position\":3,\"name\":\"Schulausflug\"}]},{\"@type\":\"WebSite\",\"@id\":\"https:\/\/www.campingdelmar.com\/de\/#website\",\"url\":\"https:\/\/www.campingdelmar.com\/de\/\",\"name\":\"Camping del Mar\",\"description\":\"Bungalow Park, Malgrat de Mar\",\"publisher\":{\"@id\":\"https:\/\/www.campingdelmar.com\/de\/#organization\"},\"potentialAction\":[{\"@type\":\"SearchAction\",\"target\":{\"@type\":\"EntryPoint\",\"urlTemplate\":\"https:\/\/www.campingdelmar.com\/de\/?s={search_term_string}\"},\"query-input\":{\"@type\":\"PropertyValueSpecification\",\"valueRequired\":true,\"valueName\":\"search_term_string\"}}],\"inLanguage\":\"de\"},{\"@type\":\"Organization\",\"@id\":\"https:\/\/www.campingdelmar.com\/de\/#organization\",\"name\":\"Camping del Mar\",\"url\":\"https:\/\/www.campingdelmar.com\/de\/\",\"logo\":{\"@type\":\"ImageObject\",\"inLanguage\":\"de\",\"@id\":\"https:\/\/www.campingdelmar.com\/de\/#\/schema\/logo\/image\/\",\"url\":\"https:\/\/www.campingdelmar.com\/wp-content\/uploads\/camping-del-mar-logo.jpg\",\"contentUrl\":\"https:\/\/www.campingdelmar.com\/wp-content\/uploads\/camping-del-mar-logo.jpg\",\"width\":619,\"height\":697,\"caption\":\"Camping del Mar\"},\"image\":{\"@id\":\"https:\/\/www.campingdelmar.com\/de\/#\/schema\/logo\/image\/\"}}]}<\/script>\n<!-- \/ Yoast SEO plugin. -->","yoast_head_json":{"title":"Schulausflug an die K\u00fcste von Barcelona! - Camping del Mar","description":"Camping f\u00fcr Gruppen von Kindern jeden Alters. Holzbungalow und Halbpension oder Vollpension. Strand mit nautischer Basis und Monitoren!","robots":{"index":"index","follow":"follow","max-snippet":"max-snippet:-1","max-image-preview":"max-image-preview:large","max-video-preview":"max-video-preview:-1"},"canonical":"https:\/\/www.campingdelmar.com\/de\/gruppenaufenthalte\/schulausflug\/","og_locale":"de_DE","og_type":"article","og_title":"Schulausflug an die K\u00fcste von Barcelona! - Camping del Mar","og_description":"Camping f\u00fcr Gruppen von Kindern jeden Alters. Holzbungalow und Halbpension oder Vollpension. Strand mit nautischer Basis und Monitoren!","og_url":"https:\/\/www.campingdelmar.com\/de\/gruppenaufenthalte\/schulausflug\/","og_site_name":"Camping del Mar","article_modified_time":"2021-02-11T11:09:33+00:00","twitter_card":"summary_large_image","twitter_misc":{"Gesch\u00e4tzte Lesezeit":"1\u00a0Minute"},"schema":{"@context":"https:\/\/schema.org","@graph":[{"@type":"WebPage","@id":"https:\/\/www.campingdelmar.com\/de\/gruppenaufenthalte\/schulausflug\/","url":"https:\/\/www.campingdelmar.com\/de\/gruppenaufenthalte\/schulausflug\/","name":"Schulausflug an die K\u00fcste von Barcelona! - Camping del Mar","isPartOf":{"@id":"https:\/\/www.campingdelmar.com\/de\/#website"},"datePublished":"2021-01-29T11:21:19+00:00","dateModified":"2021-02-11T11:09:33+00:00","description":"Camping f\u00fcr Gruppen von Kindern jeden Alters. Holzbungalow und Halbpension oder Vollpension. Strand mit nautischer Basis und Monitoren!","breadcrumb":{"@id":"https:\/\/www.campingdelmar.com\/de\/gruppenaufenthalte\/schulausflug\/#breadcrumb"},"inLanguage":"de","potentialAction":[{"@type":"ReadAction","target":["https:\/\/www.campingdelmar.com\/de\/gruppenaufenthalte\/schulausflug\/"]}]},{"@type":"BreadcrumbList","@id":"https:\/\/www.campingdelmar.com\/de\/gruppenaufenthalte\/schulausflug\/#breadcrumb","itemListElement":[{"@type":"ListItem","position":1,"name":"Der Beginn","item":"https:\/\/www.campingdelmar.com\/de\/"},{"@type":"ListItem","position":2,"name":"Gruppenaufenthalte","item":"https:\/\/www.campingdelmar.com\/de\/estancias-para-grupos\/"},{"@type":"ListItem","position":3,"name":"Schulausflug"}]},{"@type":"WebSite","@id":"https:\/\/www.campingdelmar.com\/de\/#website","url":"https:\/\/www.campingdelmar.com\/de\/","name":"Camping del Mar","description":"Bungalow Park, Malgrat de Mar","publisher":{"@id":"https:\/\/www.campingdelmar.com\/de\/#organization"},"potentialAction":[{"@type":"SearchAction","target":{"@type":"EntryPoint","urlTemplate":"https:\/\/www.campingdelmar.com\/de\/?s={search_term_string}"},"query-input":{"@type":"PropertyValueSpecification","valueRequired":true,"valueName":"search_term_string"}}],"inLanguage":"de"},{"@type":"Organization","@id":"https:\/\/www.campingdelmar.com\/de\/#organization","name":"Camping del Mar","url":"https:\/\/www.campingdelmar.com\/de\/","logo":{"@type":"ImageObject","inLanguage":"de","@id":"https:\/\/www.campingdelmar.com\/de\/#\/schema\/logo\/image\/","url":"https:\/\/www.campingdelmar.com\/wp-content\/uploads\/camping-del-mar-logo.jpg","contentUrl":"https:\/\/www.campingdelmar.com\/wp-content\/uploads\/camping-del-mar-logo.jpg","width":619,"height":697,"caption":"Camping del Mar"},"image":{"@id":"https:\/\/www.campingdelmar.com\/de\/#\/schema\/logo\/image\/"}}]}},"_links":{"self":[{"href":"https:\/\/www.campingdelmar.com\/de\/wp-json\/wp\/v2\/pages\/29271","targetHints":{"allow":["GET"]}}],"collection":[{"href":"https:\/\/www.campingdelmar.com\/de\/wp-json\/wp\/v2\/pages"}],"about":[{"href":"https:\/\/www.campingdelmar.com\/de\/wp-json\/wp\/v2\/types\/page"}],"author":[{"embeddable":true,"href":"https:\/\/www.campingdelmar.com\/de\/wp-json\/wp\/v2\/users\/2"}],"replies":[{"embeddable":true,"href":"https:\/\/www.campingdelmar.com\/de\/wp-json\/wp\/v2\/comments?post=29271"}],"version-history":[{"count":2,"href":"https:\/\/www.campingdelmar.com\/de\/wp-json\/wp\/v2\/pages\/29271\/revisions"}],"predecessor-version":[{"id":29821,"href":"https:\/\/www.campingdelmar.com\/de\/wp-json\/wp\/v2\/pages\/29271\/revisions\/29821"}],"up":[{"embeddable":true,"href":"https:\/\/www.campingdelmar.com\/de\/wp-json\/wp\/v2\/pages\/29460"}],"wp:attachment":[{"href":"https:\/\/www.campingdelmar.com\/de\/wp-json\/wp\/v2\/media?parent=29271"}],"curies":[{"name":"wp","href":"https:\/\/api.w.org\/{rel}","templated":true}]}}