{"id":29284,"date":"2021-02-01T12:06:29","date_gmt":"2021-02-01T11:06:29","guid":{"rendered":"https:\/\/www.campingdelmar.com\/massgeschneiderte-reise\/"},"modified":"2021-02-01T12:06:29","modified_gmt":"2021-02-01T11:06:29","slug":"massgeschneiderte-reise","status":"publish","type":"page","link":"https:\/\/www.campingdelmar.com\/de\/gruppenaufenthalte\/massgeschneiderte-reise\/","title":{"rendered":"Ma\u00dfgeschneiderte Reise"},"content":{"rendered":"\n<h1 class=\"has-text-align-center has-blank-3-gradientblue-color has-text-color wp-block-heading\">Ma\u00dfgeschneiderte Reise f\u00fcr Gruppen<\/h1>\n\n<p class=\"has-text-align-center\">Jedes Mal, wenn wir eine Gruppe erhalten, passen wir uns Ihren Bed\u00fcrfnissen an, damit alles so reibungslos wie m\u00f6glich verl\u00e4uft!<\/p>\n\n<p class=\"has-text-align-center\">Erz\u00e4hlen Sie uns von Ihrem Projekt und wir erstellen ein zu 100% auf Ihre Bed\u00fcrfnisse zugeschnittenes Budget.<\/p>\n\n<div style=\"height:26px\" aria-hidden=\"true\" class=\"wp-block-spacer\"><\/div>\n\n<div class=\"wp-block-columns alignwide are-vertically-aligned-center is-layout-flex wp-container-core-columns-is-layout-9d6595d7 wp-block-columns-is-layout-flex\">\n<div class=\"wp-block-column is-vertically-aligned-center is-layout-flow wp-block-column-is-layout-flow\">\n<figure class=\"wp-block-gallery columns-3 is-cropped wp-block-gallery-1 is-layout-flex wp-block-gallery-is-layout-flex\"><ul class=\"blocks-gallery-grid\"><li class=\"blocks-gallery-item\"><figure><img decoding=\"async\" data-src=\"https:\/\/www.campingdelmar.com\/wp-content\/uploads\/whatsapp-image-2020-09-30-at-145640-1024x768.jpeg\" alt=\"\" data-id=\"28576\" data-full-url=\"https:\/\/www.campingdelmar.com\/wp-content\/uploads\/whatsapp-image-2020-09-30-at-145640.jpeg\" data-link=\"https:\/\/www.campingdelmar.com\/estancias-para-grupos\/estancias-para-empresas\/attachment\/whatsapp-image-2020-09-30-at-145640\/\" class=\"wp-image-28576 lazyload\" src=\"data:image\/svg+xml;base64,PHN2ZyB3aWR0aD0iMSIgaGVpZ2h0PSIxIiB4bWxucz0iaHR0cDovL3d3dy53My5vcmcvMjAwMC9zdmciPjwvc3ZnPg==\" style=\"--smush-placeholder-width: 1024px; --smush-placeholder-aspect-ratio: 1024\/768;\" \/><\/figure><\/li><li class=\"blocks-gallery-item\"><figure><img decoding=\"async\" width=\"1024\" height=\"576\" data-src=\"https:\/\/www.campingdelmar.com\/wp-content\/uploads\/img-20190910-wa0004-1024x576.jpg\" alt=\"\" data-id=\"28492\" data-full-url=\"https:\/\/www.campingdelmar.com\/wp-content\/uploads\/img-20190910-wa0004.jpg\" data-link=\"https:\/\/www.campingdelmar.com\/estancias-para-grupos\/colonias\/attachment\/img-20190910-wa0004\/\" class=\"wp-image-28492 lazyload\" data-srcset=\"https:\/\/www.campingdelmar.com\/wp-content\/uploads\/img-20190910-wa0004-1024x576.jpg 1024w, https:\/\/www.campingdelmar.com\/wp-content\/uploads\/img-20190910-wa0004-300x169.jpg 300w, https:\/\/www.campingdelmar.com\/wp-content\/uploads\/img-20190910-wa0004-1536x864.jpg 1536w, https:\/\/www.campingdelmar.com\/wp-content\/uploads\/img-20190910-wa0004-960x540.jpg 960w, https:\/\/www.campingdelmar.com\/wp-content\/uploads\/img-20190910-wa0004-240x135.jpg 240w, https:\/\/www.campingdelmar.com\/wp-content\/uploads\/img-20190910-wa0004.jpg 1600w\" data-sizes=\"(max-width: 1024px) 100vw, 1024px\" src=\"data:image\/svg+xml;base64,PHN2ZyB3aWR0aD0iMSIgaGVpZ2h0PSIxIiB4bWxucz0iaHR0cDovL3d3dy53My5vcmcvMjAwMC9zdmciPjwvc3ZnPg==\" style=\"--smush-placeholder-width: 1024px; --smush-placeholder-aspect-ratio: 1024\/576;\" \/><\/figure><\/li><li class=\"blocks-gallery-item\"><figure><img decoding=\"async\" width=\"1024\" height=\"635\" data-src=\"https:\/\/www.campingdelmar.com\/wp-content\/uploads\/img-20190527-111512-bis-1024x635.jpg\" alt=\"camping beach club nautisch\" data-id=\"23116\" data-full-url=\"https:\/\/www.campingdelmar.com\/wp-content\/uploads\/img-20190527-111512-bis.jpg\" data-link=\"https:\/\/www.campingdelmar.com\/seccion\/base-nautica\/attachment\/img_20190527_111512-bis\/\" class=\"wp-image-23116 lazyload\" data-srcset=\"https:\/\/www.campingdelmar.com\/wp-content\/uploads\/img-20190527-111512-bis-1024x635.jpg 1024w, https:\/\/www.campingdelmar.com\/wp-content\/uploads\/img-20190527-111512-bis-300x186.jpg 300w, https:\/\/www.campingdelmar.com\/wp-content\/uploads\/img-20190527-111512-bis-1536x953.jpg 1536w, https:\/\/www.campingdelmar.com\/wp-content\/uploads\/img-20190527-111512-bis-240x149.jpg 240w, https:\/\/www.campingdelmar.com\/wp-content\/uploads\/img-20190527-111512-bis-1800x1116.jpg 1800w, https:\/\/www.campingdelmar.com\/wp-content\/uploads\/img-20190527-111512-bis.jpg 2048w\" data-sizes=\"(max-width: 1024px) 100vw, 1024px\" src=\"data:image\/svg+xml;base64,PHN2ZyB3aWR0aD0iMSIgaGVpZ2h0PSIxIiB4bWxucz0iaHR0cDovL3d3dy53My5vcmcvMjAwMC9zdmciPjwvc3ZnPg==\" style=\"--smush-placeholder-width: 1024px; --smush-placeholder-aspect-ratio: 1024\/635;\" \/><\/figure><\/li><li class=\"blocks-gallery-item\"><figure><img decoding=\"async\" width=\"1024\" height=\"681\" data-src=\"https:\/\/www.campingdelmar.com\/wp-content\/uploads\/crc0704-1024x681.jpg\" alt=\"bungalow-camping-strand\" data-id=\"20957\" data-full-url=\"https:\/\/www.campingdelmar.com\/wp-content\/uploads\/crc0704.jpg\" data-link=\"https:\/\/www.campingdelmar.com\/alojamientos\/bungalow-premium\/attachment\/_crc0704\/\" class=\"wp-image-20957 lazyload\" data-srcset=\"https:\/\/www.campingdelmar.com\/wp-content\/uploads\/crc0704-1024x681.jpg 1024w, https:\/\/www.campingdelmar.com\/wp-content\/uploads\/crc0704-300x200.jpg 300w, https:\/\/www.campingdelmar.com\/wp-content\/uploads\/crc0704-1536x1022.jpg 1536w, https:\/\/www.campingdelmar.com\/wp-content\/uploads\/crc0704-900x600.jpg 900w, https:\/\/www.campingdelmar.com\/wp-content\/uploads\/crc0704-320x213.jpg 320w, https:\/\/www.campingdelmar.com\/wp-content\/uploads\/crc0704-90x60.jpg 90w, https:\/\/www.campingdelmar.com\/wp-content\/uploads\/crc0704-240x160.jpg 240w, https:\/\/www.campingdelmar.com\/wp-content\/uploads\/crc0704-1800x1198.jpg 1800w, https:\/\/www.campingdelmar.com\/wp-content\/uploads\/crc0704.jpg 2000w\" data-sizes=\"(max-width: 1024px) 100vw, 1024px\" src=\"data:image\/svg+xml;base64,PHN2ZyB3aWR0aD0iMSIgaGVpZ2h0PSIxIiB4bWxucz0iaHR0cDovL3d3dy53My5vcmcvMjAwMC9zdmciPjwvc3ZnPg==\" style=\"--smush-placeholder-width: 1024px; --smush-placeholder-aspect-ratio: 1024\/681;\" \/><\/figure><\/li><\/ul><\/figure><\/div>\n\n\n\n<div class=\"wp-block-column is-vertically-aligned-center is-layout-flow wp-block-column-is-layout-flow\"><!-- fold.php -->\n\n<style>\n\n<\/style>\n<script>\n    $(document).ready(function() {\n\n\n    });\n\n<\/script>\n    \n    <div id=\"fold-list-block_600fedd9ade85\" class=\"\">\n                <div class=\"fold-list-wrapper\">\n\n                                                <div class=\"fold-inner\">\n                                                <input type=\"checkbox\" id=\"faq-26\" name=\"faq-group\" checked>\n                <label for=\"faq-26\"><img decoding=\"async\" class=\"label-img lazyload\" width=\"32px\" data-src=\"https:\/\/www.campingdelmar.com\/wp-content\/uploads\/bed.svg\" src=\"data:image\/svg+xml;base64,PHN2ZyB3aWR0aD0iMSIgaGVpZ2h0PSIxIiB4bWxucz0iaHR0cDovL3d3dy53My5vcmcvMjAwMC9zdmciPjwvc3ZnPg==\">Unterkunft<span class=\"icon-keyboard_arrow_left\"><\/span><\/label>\n                <div class=\"content-faq\"><p>Wir haben verschiedene Arten von Unterk\u00fcnften f\u00fcr alle Arten von Budget:<\/p>\n<ul>\n<li>Stellpl\u00e4tze f\u00fcr Zelte<\/li>\n<li>Holzbungalows<\/li>\n<li>Mobile Homes<\/li>\n<\/ul>\n<p>&nbsp;<\/p>\n<p>Jede Unterkunft hat unterschiedliche Eigenschaften: Klimaanlage, Heizung, 2 oder 3 Schlafzimmer, Komfort, &#8230; Die Holzbungalows und Mobilheime verf\u00fcgen \u00fcber eine K\u00fcche und ein eigenes Bad sowie einen Parkplatz f\u00fcr ein Auto neben der Unterkunft.<\/p>\n<\/div>\n                            <\/div>\n                        <div class=\"fold-inner\">\n                                                <input type=\"checkbox\" id=\"faq-27\" name=\"faq-group\" >\n                <label for=\"faq-27\"><img decoding=\"async\" class=\"label-img lazyload\" width=\"32px\" data-src=\"https:\/\/www.campingdelmar.com\/wp-content\/uploads\/fork-1.svg\" src=\"data:image\/svg+xml;base64,PHN2ZyB3aWR0aD0iMSIgaGVpZ2h0PSIxIiB4bWxucz0iaHR0cDovL3d3dy53My5vcmcvMjAwMC9zdmciPjwvc3ZnPg==\">Essen<span class=\"icon-keyboard_arrow_left\"><\/span><\/label>\n                <div class=\"content-faq\"><p>Sie k\u00f6nnen f\u00fcr Ihren Aufenthalt den Fr\u00fchst\u00fccksservice, Halbpension oder Vollpension im Campingrestaurant selbst mieten.<\/p>\n<p>In jedem Fall passen wir das Men\u00fc an Ihre Bed\u00fcrfnisse, Ern\u00e4hrung oder Allergien an.<\/p>\n<\/div>\n                            <\/div>\n                        <div class=\"fold-inner\">\n                                                <input type=\"checkbox\" id=\"faq-28\" name=\"faq-group\" >\n                <label for=\"faq-28\"><img decoding=\"async\" class=\"label-img lazyload\" width=\"32px\" data-src=\"https:\/\/www.campingdelmar.com\/wp-content\/uploads\/party.svg\" src=\"data:image\/svg+xml;base64,PHN2ZyB3aWR0aD0iMSIgaGVpZ2h0PSIxIiB4bWxucz0iaHR0cDovL3d3dy53My5vcmcvMjAwMC9zdmciPjwvc3ZnPg==\">Aktivit\u00e4ten und Veranstaltungen<span class=\"icon-keyboard_arrow_left\"><\/span><\/label>\n                <div class=\"content-faq\"><p>Wenn Sie m\u00f6chten, k\u00f6nnen wir gemeinsam ein Aktivit\u00e4tsprogramm f\u00fcr Ihren Aufenthalt entwickeln. Wir haben eine nautische Schule direkt vor dem Campingplatz, in der Sie Unterricht oder Einweihungen in Surfen, Windsurfen, Kajakfahren, Paddeln,&#8230;<\/p>\n<p>Wir k\u00f6nnen Outdoor-Aktivit\u00e4ten in unseren Sportanlagen oder drinnen in unserem gro\u00dfen Raum organisieren. Dieser Raum kann an jede Art von Veranstaltung angepasst werden: Besprechung, Workshop, Klasse, Pr\u00e4sentation,&#8230;<\/p>\n<\/div>\n                            <\/div>\n                        <div class=\"fold-inner\">\n                                                <input type=\"checkbox\" id=\"faq-29\" name=\"faq-group\" >\n                <label for=\"faq-29\"><img decoding=\"async\" class=\"label-img lazyload\" width=\"32px\" data-src=\"https:\/\/www.campingdelmar.com\/wp-content\/uploads\/ninos.svg\" src=\"data:image\/svg+xml;base64,PHN2ZyB3aWR0aD0iMSIgaGVpZ2h0PSIxIiB4bWxucz0iaHR0cDovL3d3dy53My5vcmcvMjAwMC9zdmciPjwvc3ZnPg==\">Anzahl der Personen<span class=\"icon-keyboard_arrow_left\"><\/span><\/label>\n                <div class=\"content-faq\"><p>Unsere Unterk\u00fcnfte haben eine maximale Kapazit\u00e4t von 4 oder 6 Personen. Wir k\u00f6nnen sowohl kleine als auch gro\u00dfe Gruppen empfangen. Der Campingplatz verf\u00fcgt \u00fcber eine gro\u00dfe Unterkunftskapazit\u00e4t und umfangreiche Einrichtungen.<\/p>\n<\/div>\n                            <\/div>\n                    <\/div>\n        \n    <\/div>\n\n\n<\/div>\n<\/div>\n\n<div class=\"wp-block-buttons aligncenter is-layout-flex wp-block-buttons-is-layout-flex\">\n<div class=\"wp-block-button is-style-outline is-style-outline--2\"><a class=\"wp-block-button__link has-blank-3-darkblue-color has-blank-3-white-background-color has-text-color has-background\" href=\"mailto: info@campingdelmar.com\" style=\"border-radius:4px\">Erkl\u00e4ren Sie uns Ihr Projekt!<\/a><\/div>\n<\/div>\n","protected":false},"excerpt":{"rendered":"<p>Ma\u00dfgeschneiderte Reise f\u00fcr Gruppen Jedes Mal, wenn wir eine Gruppe [&hellip;]<\/p>\n","protected":false},"author":2,"featured_media":0,"parent":29460,"menu_order":19,"comment_status":"closed","ping_status":"closed","template":"","meta":{"_acf_changed":false,"_monsterinsights_skip_tracking":false,"_monsterinsights_sitenote_active":false,"_monsterinsights_sitenote_note":"","_monsterinsights_sitenote_category":0,"footnotes":""},"class_list":["post-29284","page","type-page","status-publish","hentry"],"acf":[],"yoast_head":"<!-- This site is optimized with the Yoast SEO plugin v26.8 - https:\/\/yoast.com\/product\/yoast-seo-wordpress\/ -->\n<title>Ma\u00dfgeschneiderte Reise - Camping del Mar<\/title>\n<meta name=\"description\" content=\"Ma\u00dfgeschneiderte Reise f\u00fcr Gruppen Jedes Mal, wenn wir eine Gruppe erhalten, passen wir uns Ihren Bed\u00fcrfnissen an, damit alles so reibungslos wie m\u00f6glich\" \/>\n<meta name=\"robots\" content=\"index, follow, max-snippet:-1, max-image-preview:large, max-video-preview:-1\" \/>\n<link rel=\"canonical\" href=\"https:\/\/www.campingdelmar.com\/de\/gruppenaufenthalte\/massgeschneiderte-reise\/\" \/>\n<meta property=\"og:locale\" content=\"de_DE\" \/>\n<meta property=\"og:type\" content=\"article\" \/>\n<meta property=\"og:title\" content=\"Ma\u00dfgeschneiderte Reise - Camping del Mar\" \/>\n<meta property=\"og:description\" content=\"Ma\u00dfgeschneiderte Reise f\u00fcr Gruppen Jedes Mal, wenn wir eine Gruppe erhalten, passen wir uns Ihren Bed\u00fcrfnissen an, damit alles so reibungslos wie m\u00f6glich\" \/>\n<meta property=\"og:url\" content=\"https:\/\/www.campingdelmar.com\/de\/gruppenaufenthalte\/massgeschneiderte-reise\/\" \/>\n<meta property=\"og:site_name\" content=\"Camping del Mar\" \/>\n<meta property=\"og:image\" content=\"https:\/\/www.campingdelmar.com\/wp-content\/uploads\/whatsapp-image-2020-09-30-at-145640-1024x768.jpeg\" \/>\n<meta name=\"twitter:card\" content=\"summary_large_image\" \/>\n<script type=\"application\/ld+json\" class=\"yoast-schema-graph\">{\"@context\":\"https:\/\/schema.org\",\"@graph\":[{\"@type\":\"WebPage\",\"@id\":\"https:\/\/www.campingdelmar.com\/de\/gruppenaufenthalte\/massgeschneiderte-reise\/\",\"url\":\"https:\/\/www.campingdelmar.com\/de\/gruppenaufenthalte\/massgeschneiderte-reise\/\",\"name\":\"Ma\u00dfgeschneiderte Reise - Camping del Mar\",\"isPartOf\":{\"@id\":\"https:\/\/www.campingdelmar.com\/de\/#website\"},\"primaryImageOfPage\":{\"@id\":\"https:\/\/www.campingdelmar.com\/de\/gruppenaufenthalte\/massgeschneiderte-reise\/#primaryimage\"},\"image\":{\"@id\":\"https:\/\/www.campingdelmar.com\/de\/gruppenaufenthalte\/massgeschneiderte-reise\/#primaryimage\"},\"thumbnailUrl\":\"https:\/\/www.campingdelmar.com\/wp-content\/uploads\/whatsapp-image-2020-09-30-at-145640-1024x768.jpeg\",\"datePublished\":\"2021-02-01T11:06:29+00:00\",\"description\":\"Ma\u00dfgeschneiderte Reise f\u00fcr Gruppen Jedes Mal, wenn wir eine Gruppe erhalten, passen wir uns Ihren Bed\u00fcrfnissen an, damit alles so reibungslos wie m\u00f6glich\",\"breadcrumb\":{\"@id\":\"https:\/\/www.campingdelmar.com\/de\/gruppenaufenthalte\/massgeschneiderte-reise\/#breadcrumb\"},\"inLanguage\":\"de\",\"potentialAction\":[{\"@type\":\"ReadAction\",\"target\":[\"https:\/\/www.campingdelmar.com\/de\/gruppenaufenthalte\/massgeschneiderte-reise\/\"]}]},{\"@type\":\"ImageObject\",\"inLanguage\":\"de\",\"@id\":\"https:\/\/www.campingdelmar.com\/de\/gruppenaufenthalte\/massgeschneiderte-reise\/#primaryimage\",\"url\":\"https:\/\/www.campingdelmar.com\/wp-content\/uploads\/whatsapp-image-2020-09-30-at-145640-1024x768.jpeg\",\"contentUrl\":\"https:\/\/www.campingdelmar.com\/wp-content\/uploads\/whatsapp-image-2020-09-30-at-145640-1024x768.jpeg\"},{\"@type\":\"BreadcrumbList\",\"@id\":\"https:\/\/www.campingdelmar.com\/de\/gruppenaufenthalte\/massgeschneiderte-reise\/#breadcrumb\",\"itemListElement\":[{\"@type\":\"ListItem\",\"position\":1,\"name\":\"Der Beginn\",\"item\":\"https:\/\/www.campingdelmar.com\/de\/\"},{\"@type\":\"ListItem\",\"position\":2,\"name\":\"Gruppenaufenthalte\",\"item\":\"https:\/\/www.campingdelmar.com\/de\/estancias-para-grupos\/\"},{\"@type\":\"ListItem\",\"position\":3,\"name\":\"Ma\u00dfgeschneiderte Reise\"}]},{\"@type\":\"WebSite\",\"@id\":\"https:\/\/www.campingdelmar.com\/de\/#website\",\"url\":\"https:\/\/www.campingdelmar.com\/de\/\",\"name\":\"Camping del Mar\",\"description\":\"Bungalow Park, Malgrat de Mar\",\"publisher\":{\"@id\":\"https:\/\/www.campingdelmar.com\/de\/#organization\"},\"potentialAction\":[{\"@type\":\"SearchAction\",\"target\":{\"@type\":\"EntryPoint\",\"urlTemplate\":\"https:\/\/www.campingdelmar.com\/de\/?s={search_term_string}\"},\"query-input\":{\"@type\":\"PropertyValueSpecification\",\"valueRequired\":true,\"valueName\":\"search_term_string\"}}],\"inLanguage\":\"de\"},{\"@type\":\"Organization\",\"@id\":\"https:\/\/www.campingdelmar.com\/de\/#organization\",\"name\":\"Camping del Mar\",\"url\":\"https:\/\/www.campingdelmar.com\/de\/\",\"logo\":{\"@type\":\"ImageObject\",\"inLanguage\":\"de\",\"@id\":\"https:\/\/www.campingdelmar.com\/de\/#\/schema\/logo\/image\/\",\"url\":\"https:\/\/www.campingdelmar.com\/wp-content\/uploads\/camping-del-mar-logo.jpg\",\"contentUrl\":\"https:\/\/www.campingdelmar.com\/wp-content\/uploads\/camping-del-mar-logo.jpg\",\"width\":619,\"height\":697,\"caption\":\"Camping del Mar\"},\"image\":{\"@id\":\"https:\/\/www.campingdelmar.com\/de\/#\/schema\/logo\/image\/\"}}]}<\/script>\n<!-- \/ Yoast SEO plugin. -->","yoast_head_json":{"title":"Ma\u00dfgeschneiderte Reise - Camping del Mar","description":"Ma\u00dfgeschneiderte Reise f\u00fcr Gruppen Jedes Mal, wenn wir eine Gruppe erhalten, passen wir uns Ihren Bed\u00fcrfnissen an, damit alles so reibungslos wie m\u00f6glich","robots":{"index":"index","follow":"follow","max-snippet":"max-snippet:-1","max-image-preview":"max-image-preview:large","max-video-preview":"max-video-preview:-1"},"canonical":"https:\/\/www.campingdelmar.com\/de\/gruppenaufenthalte\/massgeschneiderte-reise\/","og_locale":"de_DE","og_type":"article","og_title":"Ma\u00dfgeschneiderte Reise - Camping del Mar","og_description":"Ma\u00dfgeschneiderte Reise f\u00fcr Gruppen Jedes Mal, wenn wir eine Gruppe erhalten, passen wir uns Ihren Bed\u00fcrfnissen an, damit alles so reibungslos wie m\u00f6glich","og_url":"https:\/\/www.campingdelmar.com\/de\/gruppenaufenthalte\/massgeschneiderte-reise\/","og_site_name":"Camping del Mar","og_image":[{"url":"https:\/\/www.campingdelmar.com\/wp-content\/uploads\/whatsapp-image-2020-09-30-at-145640-1024x768.jpeg","type":"","width":"","height":""}],"twitter_card":"summary_large_image","schema":{"@context":"https:\/\/schema.org","@graph":[{"@type":"WebPage","@id":"https:\/\/www.campingdelmar.com\/de\/gruppenaufenthalte\/massgeschneiderte-reise\/","url":"https:\/\/www.campingdelmar.com\/de\/gruppenaufenthalte\/massgeschneiderte-reise\/","name":"Ma\u00dfgeschneiderte Reise - Camping del Mar","isPartOf":{"@id":"https:\/\/www.campingdelmar.com\/de\/#website"},"primaryImageOfPage":{"@id":"https:\/\/www.campingdelmar.com\/de\/gruppenaufenthalte\/massgeschneiderte-reise\/#primaryimage"},"image":{"@id":"https:\/\/www.campingdelmar.com\/de\/gruppenaufenthalte\/massgeschneiderte-reise\/#primaryimage"},"thumbnailUrl":"https:\/\/www.campingdelmar.com\/wp-content\/uploads\/whatsapp-image-2020-09-30-at-145640-1024x768.jpeg","datePublished":"2021-02-01T11:06:29+00:00","description":"Ma\u00dfgeschneiderte Reise f\u00fcr Gruppen Jedes Mal, wenn wir eine Gruppe erhalten, passen wir uns Ihren Bed\u00fcrfnissen an, damit alles so reibungslos wie m\u00f6glich","breadcrumb":{"@id":"https:\/\/www.campingdelmar.com\/de\/gruppenaufenthalte\/massgeschneiderte-reise\/#breadcrumb"},"inLanguage":"de","potentialAction":[{"@type":"ReadAction","target":["https:\/\/www.campingdelmar.com\/de\/gruppenaufenthalte\/massgeschneiderte-reise\/"]}]},{"@type":"ImageObject","inLanguage":"de","@id":"https:\/\/www.campingdelmar.com\/de\/gruppenaufenthalte\/massgeschneiderte-reise\/#primaryimage","url":"https:\/\/www.campingdelmar.com\/wp-content\/uploads\/whatsapp-image-2020-09-30-at-145640-1024x768.jpeg","contentUrl":"https:\/\/www.campingdelmar.com\/wp-content\/uploads\/whatsapp-image-2020-09-30-at-145640-1024x768.jpeg"},{"@type":"BreadcrumbList","@id":"https:\/\/www.campingdelmar.com\/de\/gruppenaufenthalte\/massgeschneiderte-reise\/#breadcrumb","itemListElement":[{"@type":"ListItem","position":1,"name":"Der Beginn","item":"https:\/\/www.campingdelmar.com\/de\/"},{"@type":"ListItem","position":2,"name":"Gruppenaufenthalte","item":"https:\/\/www.campingdelmar.com\/de\/estancias-para-grupos\/"},{"@type":"ListItem","position":3,"name":"Ma\u00dfgeschneiderte Reise"}]},{"@type":"WebSite","@id":"https:\/\/www.campingdelmar.com\/de\/#website","url":"https:\/\/www.campingdelmar.com\/de\/","name":"Camping del Mar","description":"Bungalow Park, Malgrat de Mar","publisher":{"@id":"https:\/\/www.campingdelmar.com\/de\/#organization"},"potentialAction":[{"@type":"SearchAction","target":{"@type":"EntryPoint","urlTemplate":"https:\/\/www.campingdelmar.com\/de\/?s={search_term_string}"},"query-input":{"@type":"PropertyValueSpecification","valueRequired":true,"valueName":"search_term_string"}}],"inLanguage":"de"},{"@type":"Organization","@id":"https:\/\/www.campingdelmar.com\/de\/#organization","name":"Camping del Mar","url":"https:\/\/www.campingdelmar.com\/de\/","logo":{"@type":"ImageObject","inLanguage":"de","@id":"https:\/\/www.campingdelmar.com\/de\/#\/schema\/logo\/image\/","url":"https:\/\/www.campingdelmar.com\/wp-content\/uploads\/camping-del-mar-logo.jpg","contentUrl":"https:\/\/www.campingdelmar.com\/wp-content\/uploads\/camping-del-mar-logo.jpg","width":619,"height":697,"caption":"Camping del Mar"},"image":{"@id":"https:\/\/www.campingdelmar.com\/de\/#\/schema\/logo\/image\/"}}]}},"_links":{"self":[{"href":"https:\/\/www.campingdelmar.com\/de\/wp-json\/wp\/v2\/pages\/29284","targetHints":{"allow":["GET"]}}],"collection":[{"href":"https:\/\/www.campingdelmar.com\/de\/wp-json\/wp\/v2\/pages"}],"about":[{"href":"https:\/\/www.campingdelmar.com\/de\/wp-json\/wp\/v2\/types\/page"}],"author":[{"embeddable":true,"href":"https:\/\/www.campingdelmar.com\/de\/wp-json\/wp\/v2\/users\/2"}],"replies":[{"embeddable":true,"href":"https:\/\/www.campingdelmar.com\/de\/wp-json\/wp\/v2\/comments?post=29284"}],"version-history":[{"count":1,"href":"https:\/\/www.campingdelmar.com\/de\/wp-json\/wp\/v2\/pages\/29284\/revisions"}],"predecessor-version":[{"id":29285,"href":"https:\/\/www.campingdelmar.com\/de\/wp-json\/wp\/v2\/pages\/29284\/revisions\/29285"}],"up":[{"embeddable":true,"href":"https:\/\/www.campingdelmar.com\/de\/wp-json\/wp\/v2\/pages\/29460"}],"wp:attachment":[{"href":"https:\/\/www.campingdelmar.com\/de\/wp-json\/wp\/v2\/media?parent=29284"}],"curies":[{"name":"wp","href":"https:\/\/api.w.org\/{rel}","templated":true}]}}