{"id":29293,"date":"2021-02-02T10:32:55","date_gmt":"2021-02-02T09:32:55","guid":{"rendered":"https:\/\/www.campingdelmar.com\/arbeite-mit-uns\/"},"modified":"2021-02-02T10:32:55","modified_gmt":"2021-02-02T09:32:55","slug":"arbeite-mit-uns","status":"publish","type":"page","link":"https:\/\/www.campingdelmar.com\/de\/arbeite-mit-uns\/","title":{"rendered":"Arbeite mit uns"},"content":{"rendered":"\n<h1 class=\"has-text-align-center has-blank-3-gradientblue-color has-text-color wp-block-heading\">Arbeiten Sie mit uns: Treten Sie unserem gro\u00dfartigen Team bei!<\/h1>\n\n<p class=\"has-text-align-center\">Geh\u00f6ren Sie zu denen, die mit einem L\u00e4cheln guten Morgen sagen? Helfen Sie Ihren Nachbarn, ohne dar\u00fcber nachzudenken? Also bist du einer von uns!<\/p>\n\n<p class=\"has-text-align-center\">Treten Sie unserem Team bei und nehmen Sie an den gl\u00fccklichsten Tagen des Jahres f\u00fcr viele Familien aus ganz Europa teil!<\/p>\n\n<div style=\"height:29px\" aria-hidden=\"true\" class=\"wp-block-spacer\"><\/div>\n\n<p class=\"has-text-align-center\">F\u00fcllen Sie das Formular aus und geben Sie unsere Besch\u00e4ftigungsdatenbank f\u00fcr die n\u00e4chsten Stellenangebote ein.<\/p>\n\n<div class=\"wpcf7 no-js\" id=\"wpcf7-f29301-o1\" lang=\"de-DE\" dir=\"ltr\" data-wpcf7-id=\"29301\">\n<div class=\"screen-reader-response\"><p role=\"status\" aria-live=\"polite\" aria-atomic=\"true\"><\/p> <ul><\/ul><\/div>\n<form action=\"\/de\/wp-json\/wp\/v2\/pages\/29293#wpcf7-f29301-o1\" method=\"post\" class=\"wpcf7-form init 57a981faad01 cmatic-conn cmatic-aud-24 cmatic-mapd0-0 cmatic-v0973 cmatic-sent-0 cmatic-total-0\" aria-label=\"Kontaktformular\" enctype=\"multipart\/form-data\" novalidate=\"novalidate\" data-status=\"init\">\n<fieldset class=\"hidden-fields-container\"><input type=\"hidden\" name=\"_wpcf7\" value=\"29301\" \/><input type=\"hidden\" name=\"_wpcf7_version\" value=\"6.1.4\" \/><input type=\"hidden\" name=\"_wpcf7_locale\" value=\"de_DE\" \/><input type=\"hidden\" name=\"_wpcf7_unit_tag\" value=\"wpcf7-f29301-o1\" \/><input type=\"hidden\" name=\"_wpcf7_container_post\" value=\"0\" \/><input type=\"hidden\" name=\"_wpcf7_posted_data_hash\" value=\"\" \/><input type=\"hidden\" name=\"_wpcf7_recaptcha_response\" value=\"\" \/>\n<\/fieldset>\n<p><label> Wie hei\u00dfen Sie ?<br \/>\n<span class=\"wpcf7-form-control-wrap\" data-name=\"your-name\"><input size=\"40\" maxlength=\"400\" class=\"wpcf7-form-control wpcf7-text wpcf7-validates-as-required\" aria-required=\"true\" aria-invalid=\"false\" value=\"\" type=\"text\" name=\"your-name\" \/><\/span> <\/label>\n<\/p>\n<p><label> Was sind deine Nachnamen?<br \/>\n<span class=\"wpcf7-form-control-wrap\" data-name=\"your-surname\"><input size=\"40\" maxlength=\"400\" class=\"wpcf7-form-control wpcf7-text wpcf7-validates-as-required\" aria-required=\"true\" aria-invalid=\"false\" value=\"\" type=\"text\" name=\"your-surname\" \/><\/span> <\/label>\n<\/p>\n<p><label> Was ist Ihre E-Mail ?<br \/>\n<span class=\"wpcf7-form-control-wrap\" data-name=\"your-email\"><input size=\"40\" maxlength=\"400\" class=\"wpcf7-form-control wpcf7-email wpcf7-validates-as-required wpcf7-text wpcf7-validates-as-email\" aria-required=\"true\" aria-invalid=\"false\" value=\"\" type=\"email\" name=\"your-email\" \/><\/span> <\/label>\n<\/p>\n<p><label> Unter welcher Telefonnummer k\u00f6nnen wir Sie anrufen?<br \/>\n<span class=\"wpcf7-form-control-wrap\" data-name=\"your-phone\"><input size=\"40\" maxlength=\"400\" class=\"wpcf7-form-control wpcf7-text wpcf7-validates-as-required\" aria-required=\"true\" aria-invalid=\"false\" value=\"\" type=\"text\" name=\"your-phone\" \/><\/span> <\/label>\n<\/p>\n<p> Welche Position interessiert Sie? Sie k\u00f6nnen mehrere ausw\u00e4hlen.\n<\/p>\n<div class=\"check-box-default\">\n\t<p><span class=\"wpcf7-form-control-wrap\" data-name=\"checkbox-447\"><span class=\"wpcf7-form-control wpcf7-checkbox wpcf7-validates-as-required\"><span class=\"wpcf7-list-item first\"><label><input type=\"checkbox\" name=\"checkbox-447[]\" value=\"Jede Position, die zu meinem Profil passt\" \/><span class=\"wpcf7-list-item-label\">Jede Position, die zu meinem Profil passt<\/span><\/label><\/span><span class=\"wpcf7-list-item\"><label><input type=\"checkbox\" name=\"checkbox-447[]\" value=\"Rezeptionist\" \/><span class=\"wpcf7-list-item-label\">Rezeptionist<\/span><\/label><\/span><span class=\"wpcf7-list-item\"><label><input type=\"checkbox\" name=\"checkbox-447[]\" value=\"Bedienung\" \/><span class=\"wpcf7-list-item-label\">Bedienung<\/span><\/label><\/span><span class=\"wpcf7-list-item\"><label><input type=\"checkbox\" name=\"checkbox-447[]\" value=\"Koch\" \/><span class=\"wpcf7-list-item-label\">Koch<\/span><\/label><\/span><span class=\"wpcf7-list-item\"><label><input type=\"checkbox\" name=\"checkbox-447[]\" value=\"Reinigung\" \/><span class=\"wpcf7-list-item-label\">Reinigung<\/span><\/label><\/span><span class=\"wpcf7-list-item\"><label><input type=\"checkbox\" name=\"checkbox-447[]\" value=\"Instandhaltung\" \/><span class=\"wpcf7-list-item-label\">Instandhaltung<\/span><\/label><\/span><span class=\"wpcf7-list-item\"><label><input type=\"checkbox\" name=\"checkbox-447[]\" value=\"Nachtwache\" \/><span class=\"wpcf7-list-item-label\">Nachtwache<\/span><\/label><\/span><span class=\"wpcf7-list-item\"><label><input type=\"checkbox\" name=\"checkbox-447[]\" value=\"Animation\" \/><span class=\"wpcf7-list-item-label\">Animation<\/span><\/label><\/span><span class=\"wpcf7-list-item\"><label><input type=\"checkbox\" name=\"checkbox-447[]\" value=\"Rettungsschwimmer\" \/><span class=\"wpcf7-list-item-label\">Rettungsschwimmer<\/span><\/label><\/span><span class=\"wpcf7-list-item\"><label><input type=\"checkbox\" name=\"checkbox-447[]\" value=\"Supermarkt\" \/><span class=\"wpcf7-list-item-label\">Supermarkt<\/span><\/label><\/span><span class=\"wpcf7-list-item last\"><label><input type=\"checkbox\" name=\"checkbox-447[]\" value=\"Torh\u00fcter\" \/><span class=\"wpcf7-list-item-label\">Torh\u00fcter<\/span><\/label><\/span><\/span><\/span>\n\t<\/p>\n<\/div>\n<p><label> F\u00fcgen Sie uns Ihren Lebenslauf bei, damit wir Sie besser kennenlernen k\u00f6nnen!<br \/>\n<span class=\"wpcf7-form-control-wrap\" data-name=\"TuCV\"><input size=\"40\" class=\"wpcf7-form-control wpcf7-file wpcf7-validates-as-required\" accept=\".pdf,.word\" aria-required=\"true\" aria-invalid=\"false\" type=\"file\" name=\"TuCV\" \/><\/span> <\/label>\n<\/p>\n<p>Wenn Sie auf \"Senden\" klicken, akzeptieren Sie das <a target = \"_ blank\" href = \"https:\/\/www.campingdelmar.com\/wp-content\/uploads\/clausula-de-proteccion-de-datos-cv.pdf\". > Datenschutzbestimmungen <\/a> und Sie akzeptieren, dass Ihre Daten verwendet werden, um die Personen auszuw\u00e4hlen, die die vakanten oder neu geschaffenen Stellen besetzen m\u00fcssen.\n<\/p>\n<p><input class=\"wpcf7-form-control wpcf7-submit has-spinner\" type=\"submit\" value=\"Senden\" \/>\n<\/p><input type='hidden' class='wpcf7-pum' value='{\"closepopup\":false,\"closedelay\":0,\"openpopup\":false,\"openpopup_id\":0}' \/><div class=\"wpcf7-response-output\" aria-hidden=\"true\"><\/div>\n<\/form>\n<\/div>\n\n","protected":false},"excerpt":{"rendered":"<p>Arbeiten Sie mit uns: Treten Sie unserem gro\u00dfartigen Team bei! [&hellip;]<\/p>\n","protected":false},"author":2,"featured_media":0,"parent":0,"menu_order":0,"comment_status":"closed","ping_status":"closed","template":"","meta":{"_acf_changed":false,"_monsterinsights_skip_tracking":false,"_monsterinsights_sitenote_active":false,"_monsterinsights_sitenote_note":"","_monsterinsights_sitenote_category":0,"footnotes":""},"class_list":["post-29293","page","type-page","status-publish","hentry"],"acf":[],"yoast_head":"<!-- This site is optimized with the Yoast SEO plugin v26.8 - https:\/\/yoast.com\/product\/yoast-seo-wordpress\/ -->\n<title>Arbeite mit uns - Camping del Mar (Malgrat de mar)<\/title>\n<meta name=\"description\" content=\"Treten Sie unserem Team bei und nehmen Sie an den gl\u00fccklichsten Tagen des Jahres f\u00fcr viele Familien aus ganz Europa teil! Klicken Sie auf und senden Sie uns Ihren Lebenslauf\" \/>\n<meta name=\"robots\" content=\"index, follow, max-snippet:-1, max-image-preview:large, max-video-preview:-1\" \/>\n<link rel=\"canonical\" href=\"https:\/\/www.campingdelmar.com\/de\/arbeite-mit-uns\/\" \/>\n<meta property=\"og:locale\" content=\"de_DE\" \/>\n<meta property=\"og:type\" content=\"article\" \/>\n<meta property=\"og:title\" content=\"Arbeite mit uns - Camping del Mar (Malgrat de mar)\" \/>\n<meta property=\"og:description\" content=\"Treten Sie unserem Team bei und nehmen Sie an den gl\u00fccklichsten Tagen des Jahres f\u00fcr viele Familien aus ganz Europa teil! Klicken Sie auf und senden Sie uns Ihren Lebenslauf\" \/>\n<meta property=\"og:url\" content=\"https:\/\/www.campingdelmar.com\/de\/arbeite-mit-uns\/\" \/>\n<meta property=\"og:site_name\" content=\"Camping del Mar\" \/>\n<meta name=\"twitter:card\" content=\"summary_large_image\" \/>\n<script type=\"application\/ld+json\" class=\"yoast-schema-graph\">{\"@context\":\"https:\/\/schema.org\",\"@graph\":[{\"@type\":\"WebPage\",\"@id\":\"https:\/\/www.campingdelmar.com\/de\/arbeite-mit-uns\/\",\"url\":\"https:\/\/www.campingdelmar.com\/de\/arbeite-mit-uns\/\",\"name\":\"Arbeite mit uns - Camping del Mar (Malgrat de mar)\",\"isPartOf\":{\"@id\":\"https:\/\/www.campingdelmar.com\/de\/#website\"},\"datePublished\":\"2021-02-02T09:32:55+00:00\",\"description\":\"Treten Sie unserem Team bei und nehmen Sie an den gl\u00fccklichsten Tagen des Jahres f\u00fcr viele Familien aus ganz Europa teil! Klicken Sie auf und senden Sie uns Ihren Lebenslauf\",\"breadcrumb\":{\"@id\":\"https:\/\/www.campingdelmar.com\/de\/arbeite-mit-uns\/#breadcrumb\"},\"inLanguage\":\"de\",\"potentialAction\":[{\"@type\":\"ReadAction\",\"target\":[\"https:\/\/www.campingdelmar.com\/de\/arbeite-mit-uns\/\"]}]},{\"@type\":\"BreadcrumbList\",\"@id\":\"https:\/\/www.campingdelmar.com\/de\/arbeite-mit-uns\/#breadcrumb\",\"itemListElement\":[{\"@type\":\"ListItem\",\"position\":1,\"name\":\"Der Beginn\",\"item\":\"https:\/\/www.campingdelmar.com\/de\/\"},{\"@type\":\"ListItem\",\"position\":2,\"name\":\"Arbeite mit uns\"}]},{\"@type\":\"WebSite\",\"@id\":\"https:\/\/www.campingdelmar.com\/de\/#website\",\"url\":\"https:\/\/www.campingdelmar.com\/de\/\",\"name\":\"Camping del Mar\",\"description\":\"Bungalow Park, Malgrat de Mar\",\"publisher\":{\"@id\":\"https:\/\/www.campingdelmar.com\/de\/#organization\"},\"potentialAction\":[{\"@type\":\"SearchAction\",\"target\":{\"@type\":\"EntryPoint\",\"urlTemplate\":\"https:\/\/www.campingdelmar.com\/de\/?s={search_term_string}\"},\"query-input\":{\"@type\":\"PropertyValueSpecification\",\"valueRequired\":true,\"valueName\":\"search_term_string\"}}],\"inLanguage\":\"de\"},{\"@type\":\"Organization\",\"@id\":\"https:\/\/www.campingdelmar.com\/de\/#organization\",\"name\":\"Camping del Mar\",\"url\":\"https:\/\/www.campingdelmar.com\/de\/\",\"logo\":{\"@type\":\"ImageObject\",\"inLanguage\":\"de\",\"@id\":\"https:\/\/www.campingdelmar.com\/de\/#\/schema\/logo\/image\/\",\"url\":\"https:\/\/www.campingdelmar.com\/wp-content\/uploads\/camping-del-mar-logo.jpg\",\"contentUrl\":\"https:\/\/www.campingdelmar.com\/wp-content\/uploads\/camping-del-mar-logo.jpg\",\"width\":619,\"height\":697,\"caption\":\"Camping del Mar\"},\"image\":{\"@id\":\"https:\/\/www.campingdelmar.com\/de\/#\/schema\/logo\/image\/\"}}]}<\/script>\n<!-- \/ Yoast SEO plugin. -->","yoast_head_json":{"title":"Arbeite mit uns - Camping del Mar (Malgrat de mar)","description":"Treten Sie unserem Team bei und nehmen Sie an den gl\u00fccklichsten Tagen des Jahres f\u00fcr viele Familien aus ganz Europa teil! Klicken Sie auf und senden Sie uns Ihren Lebenslauf","robots":{"index":"index","follow":"follow","max-snippet":"max-snippet:-1","max-image-preview":"max-image-preview:large","max-video-preview":"max-video-preview:-1"},"canonical":"https:\/\/www.campingdelmar.com\/de\/arbeite-mit-uns\/","og_locale":"de_DE","og_type":"article","og_title":"Arbeite mit uns - Camping del Mar (Malgrat de mar)","og_description":"Treten Sie unserem Team bei und nehmen Sie an den gl\u00fccklichsten Tagen des Jahres f\u00fcr viele Familien aus ganz Europa teil! Klicken Sie auf und senden Sie uns Ihren Lebenslauf","og_url":"https:\/\/www.campingdelmar.com\/de\/arbeite-mit-uns\/","og_site_name":"Camping del Mar","twitter_card":"summary_large_image","schema":{"@context":"https:\/\/schema.org","@graph":[{"@type":"WebPage","@id":"https:\/\/www.campingdelmar.com\/de\/arbeite-mit-uns\/","url":"https:\/\/www.campingdelmar.com\/de\/arbeite-mit-uns\/","name":"Arbeite mit uns - Camping del Mar (Malgrat de mar)","isPartOf":{"@id":"https:\/\/www.campingdelmar.com\/de\/#website"},"datePublished":"2021-02-02T09:32:55+00:00","description":"Treten Sie unserem Team bei und nehmen Sie an den gl\u00fccklichsten Tagen des Jahres f\u00fcr viele Familien aus ganz Europa teil! Klicken Sie auf und senden Sie uns Ihren Lebenslauf","breadcrumb":{"@id":"https:\/\/www.campingdelmar.com\/de\/arbeite-mit-uns\/#breadcrumb"},"inLanguage":"de","potentialAction":[{"@type":"ReadAction","target":["https:\/\/www.campingdelmar.com\/de\/arbeite-mit-uns\/"]}]},{"@type":"BreadcrumbList","@id":"https:\/\/www.campingdelmar.com\/de\/arbeite-mit-uns\/#breadcrumb","itemListElement":[{"@type":"ListItem","position":1,"name":"Der Beginn","item":"https:\/\/www.campingdelmar.com\/de\/"},{"@type":"ListItem","position":2,"name":"Arbeite mit uns"}]},{"@type":"WebSite","@id":"https:\/\/www.campingdelmar.com\/de\/#website","url":"https:\/\/www.campingdelmar.com\/de\/","name":"Camping del Mar","description":"Bungalow Park, Malgrat de Mar","publisher":{"@id":"https:\/\/www.campingdelmar.com\/de\/#organization"},"potentialAction":[{"@type":"SearchAction","target":{"@type":"EntryPoint","urlTemplate":"https:\/\/www.campingdelmar.com\/de\/?s={search_term_string}"},"query-input":{"@type":"PropertyValueSpecification","valueRequired":true,"valueName":"search_term_string"}}],"inLanguage":"de"},{"@type":"Organization","@id":"https:\/\/www.campingdelmar.com\/de\/#organization","name":"Camping del Mar","url":"https:\/\/www.campingdelmar.com\/de\/","logo":{"@type":"ImageObject","inLanguage":"de","@id":"https:\/\/www.campingdelmar.com\/de\/#\/schema\/logo\/image\/","url":"https:\/\/www.campingdelmar.com\/wp-content\/uploads\/camping-del-mar-logo.jpg","contentUrl":"https:\/\/www.campingdelmar.com\/wp-content\/uploads\/camping-del-mar-logo.jpg","width":619,"height":697,"caption":"Camping del Mar"},"image":{"@id":"https:\/\/www.campingdelmar.com\/de\/#\/schema\/logo\/image\/"}}]}},"_links":{"self":[{"href":"https:\/\/www.campingdelmar.com\/de\/wp-json\/wp\/v2\/pages\/29293","targetHints":{"allow":["GET"]}}],"collection":[{"href":"https:\/\/www.campingdelmar.com\/de\/wp-json\/wp\/v2\/pages"}],"about":[{"href":"https:\/\/www.campingdelmar.com\/de\/wp-json\/wp\/v2\/types\/page"}],"author":[{"embeddable":true,"href":"https:\/\/www.campingdelmar.com\/de\/wp-json\/wp\/v2\/users\/2"}],"replies":[{"embeddable":true,"href":"https:\/\/www.campingdelmar.com\/de\/wp-json\/wp\/v2\/comments?post=29293"}],"version-history":[{"count":1,"href":"https:\/\/www.campingdelmar.com\/de\/wp-json\/wp\/v2\/pages\/29293\/revisions"}],"predecessor-version":[{"id":29294,"href":"https:\/\/www.campingdelmar.com\/de\/wp-json\/wp\/v2\/pages\/29293\/revisions\/29294"}],"wp:attachment":[{"href":"https:\/\/www.campingdelmar.com\/de\/wp-json\/wp\/v2\/media?parent=29293"}],"curies":[{"name":"wp","href":"https:\/\/api.w.org\/{rel}","templated":true}]}}