{"id":29280,"date":"2021-02-01T10:59:15","date_gmt":"2021-02-01T09:59:15","guid":{"rendered":"https:\/\/www.campingdelmar.com\/voyage-sur-mesure\/"},"modified":"2021-02-01T10:59:15","modified_gmt":"2021-02-01T09:59:15","slug":"voyage-sur-mesure","status":"publish","type":"page","link":"https:\/\/www.campingdelmar.com\/fr\/sejours-en-groupe\/voyage-sur-mesure\/","title":{"rendered":"Voyage sur mesure"},"content":{"rendered":"\n<h1 class=\"has-text-align-center has-blank-3-gradientblue-color has-text-color wp-block-heading\">Voyage de groupe sur mesure<\/h1>\n\n<p class=\"has-text-align-center\">Chaque fois que nous recevons un groupe, nous nous <strong>adaptons \u00e0 ses besoins<\/strong> pour que tout se passe au mieux!<\/p>\n\n<p class=\"has-text-align-center\">Parlez-nous de votre projet et nous vous ferons un <strong>budget 100% personnalis\u00e9<\/strong> en fonction de vos besoins.<\/p>\n\n<div style=\"height:26px\" aria-hidden=\"true\" class=\"wp-block-spacer\"><\/div>\n\n<div class=\"wp-block-columns alignwide are-vertically-aligned-center is-layout-flex wp-container-core-columns-is-layout-9d6595d7 wp-block-columns-is-layout-flex\">\n<div class=\"wp-block-column is-vertically-aligned-center is-layout-flow wp-block-column-is-layout-flow\">\n<figure class=\"wp-block-gallery columns-3 is-cropped wp-block-gallery-1 is-layout-flex wp-block-gallery-is-layout-flex\"><ul class=\"blocks-gallery-grid\"><li class=\"blocks-gallery-item\"><figure><img decoding=\"async\" data-src=\"https:\/\/www.campingdelmar.com\/wp-content\/uploads\/whatsapp-image-2020-09-30-at-145640-1024x768.jpeg\" alt=\"\" data-id=\"28576\" data-full-url=\"https:\/\/www.campingdelmar.com\/wp-content\/uploads\/whatsapp-image-2020-09-30-at-145640.jpeg\" data-link=\"https:\/\/www.campingdelmar.com\/estancias-para-grupos\/estancias-para-empresas\/attachment\/whatsapp-image-2020-09-30-at-145640\/\" class=\"wp-image-28576 lazyload\" src=\"data:image\/svg+xml;base64,PHN2ZyB3aWR0aD0iMSIgaGVpZ2h0PSIxIiB4bWxucz0iaHR0cDovL3d3dy53My5vcmcvMjAwMC9zdmciPjwvc3ZnPg==\" style=\"--smush-placeholder-width: 1024px; --smush-placeholder-aspect-ratio: 1024\/768;\" \/><\/figure><\/li><li class=\"blocks-gallery-item\"><figure><img decoding=\"async\" width=\"1024\" height=\"576\" data-src=\"https:\/\/www.campingdelmar.com\/wp-content\/uploads\/img-20190910-wa0004-1024x576.jpg\" alt=\"\" data-id=\"28492\" data-full-url=\"https:\/\/www.campingdelmar.com\/wp-content\/uploads\/img-20190910-wa0004.jpg\" data-link=\"https:\/\/www.campingdelmar.com\/estancias-para-grupos\/colonias\/attachment\/img-20190910-wa0004\/\" class=\"wp-image-28492 lazyload\" data-srcset=\"https:\/\/www.campingdelmar.com\/wp-content\/uploads\/img-20190910-wa0004-1024x576.jpg 1024w, https:\/\/www.campingdelmar.com\/wp-content\/uploads\/img-20190910-wa0004-300x169.jpg 300w, https:\/\/www.campingdelmar.com\/wp-content\/uploads\/img-20190910-wa0004-1536x864.jpg 1536w, https:\/\/www.campingdelmar.com\/wp-content\/uploads\/img-20190910-wa0004-960x540.jpg 960w, https:\/\/www.campingdelmar.com\/wp-content\/uploads\/img-20190910-wa0004-240x135.jpg 240w, https:\/\/www.campingdelmar.com\/wp-content\/uploads\/img-20190910-wa0004.jpg 1600w\" data-sizes=\"(max-width: 1024px) 100vw, 1024px\" src=\"data:image\/svg+xml;base64,PHN2ZyB3aWR0aD0iMSIgaGVpZ2h0PSIxIiB4bWxucz0iaHR0cDovL3d3dy53My5vcmcvMjAwMC9zdmciPjwvc3ZnPg==\" style=\"--smush-placeholder-width: 1024px; --smush-placeholder-aspect-ratio: 1024\/576;\" \/><\/figure><\/li><li class=\"blocks-gallery-item\"><figure><img decoding=\"async\" width=\"1024\" height=\"635\" data-src=\"https:\/\/www.campingdelmar.com\/wp-content\/uploads\/img-20190527-111512-bis-1024x635.jpg\" alt=\"camping plage club nautique\" data-id=\"23116\" data-full-url=\"https:\/\/www.campingdelmar.com\/wp-content\/uploads\/img-20190527-111512-bis.jpg\" data-link=\"https:\/\/www.campingdelmar.com\/seccion\/base-nautica\/attachment\/img_20190527_111512-bis\/\" class=\"wp-image-23116 lazyload\" data-srcset=\"https:\/\/www.campingdelmar.com\/wp-content\/uploads\/img-20190527-111512-bis-1024x635.jpg 1024w, https:\/\/www.campingdelmar.com\/wp-content\/uploads\/img-20190527-111512-bis-300x186.jpg 300w, https:\/\/www.campingdelmar.com\/wp-content\/uploads\/img-20190527-111512-bis-1536x953.jpg 1536w, https:\/\/www.campingdelmar.com\/wp-content\/uploads\/img-20190527-111512-bis-240x149.jpg 240w, https:\/\/www.campingdelmar.com\/wp-content\/uploads\/img-20190527-111512-bis-1800x1116.jpg 1800w, https:\/\/www.campingdelmar.com\/wp-content\/uploads\/img-20190527-111512-bis.jpg 2048w\" data-sizes=\"(max-width: 1024px) 100vw, 1024px\" src=\"data:image\/svg+xml;base64,PHN2ZyB3aWR0aD0iMSIgaGVpZ2h0PSIxIiB4bWxucz0iaHR0cDovL3d3dy53My5vcmcvMjAwMC9zdmciPjwvc3ZnPg==\" style=\"--smush-placeholder-width: 1024px; --smush-placeholder-aspect-ratio: 1024\/635;\" \/><\/figure><\/li><li class=\"blocks-gallery-item\"><figure><img decoding=\"async\" width=\"1024\" height=\"681\" data-src=\"https:\/\/www.campingdelmar.com\/wp-content\/uploads\/crc0704-1024x681.jpg\" alt=\"bungalow-camping-plage\" data-id=\"20957\" data-full-url=\"https:\/\/www.campingdelmar.com\/wp-content\/uploads\/crc0704.jpg\" data-link=\"https:\/\/www.campingdelmar.com\/alojamientos\/bungalow-premium\/attachment\/_crc0704\/\" class=\"wp-image-20957 lazyload\" data-srcset=\"https:\/\/www.campingdelmar.com\/wp-content\/uploads\/crc0704-1024x681.jpg 1024w, https:\/\/www.campingdelmar.com\/wp-content\/uploads\/crc0704-300x200.jpg 300w, https:\/\/www.campingdelmar.com\/wp-content\/uploads\/crc0704-1536x1022.jpg 1536w, https:\/\/www.campingdelmar.com\/wp-content\/uploads\/crc0704-900x600.jpg 900w, https:\/\/www.campingdelmar.com\/wp-content\/uploads\/crc0704-320x213.jpg 320w, https:\/\/www.campingdelmar.com\/wp-content\/uploads\/crc0704-90x60.jpg 90w, https:\/\/www.campingdelmar.com\/wp-content\/uploads\/crc0704-240x160.jpg 240w, https:\/\/www.campingdelmar.com\/wp-content\/uploads\/crc0704-1800x1198.jpg 1800w, https:\/\/www.campingdelmar.com\/wp-content\/uploads\/crc0704.jpg 2000w\" data-sizes=\"(max-width: 1024px) 100vw, 1024px\" src=\"data:image\/svg+xml;base64,PHN2ZyB3aWR0aD0iMSIgaGVpZ2h0PSIxIiB4bWxucz0iaHR0cDovL3d3dy53My5vcmcvMjAwMC9zdmciPjwvc3ZnPg==\" style=\"--smush-placeholder-width: 1024px; --smush-placeholder-aspect-ratio: 1024\/681;\" \/><\/figure><\/li><\/ul><\/figure><\/div>\n\n\n\n<div class=\"wp-block-column is-vertically-aligned-center is-layout-flow wp-block-column-is-layout-flow\"><!-- fold.php -->\n\n<style>\n\n<\/style>\n<script>\n    $(document).ready(function() {\n\n\n    });\n\n<\/script>\n    \n    <div id=\"fold-list-block_600fedd9ade85\" class=\"\">\n                <div class=\"fold-list-wrapper\">\n\n                                                <div class=\"fold-inner\">\n                                                <input type=\"checkbox\" id=\"faq-79\" name=\"faq-group\" checked>\n                <label for=\"faq-79\"><img decoding=\"async\" class=\"label-img lazyload\" width=\"32px\" data-src=\"https:\/\/www.campingdelmar.com\/wp-content\/uploads\/bed.svg\" src=\"data:image\/svg+xml;base64,PHN2ZyB3aWR0aD0iMSIgaGVpZ2h0PSIxIiB4bWxucz0iaHR0cDovL3d3dy53My5vcmcvMjAwMC9zdmciPjwvc3ZnPg==\">H\u00e9bergement<span class=\"icon-keyboard_arrow_left\"><\/span><\/label>\n                <div class=\"content-faq\"><p>Nous avons plusieurs types d&rsquo;h\u00e9bergement pour tous les types de budget:<\/p>\n<ul>\n<li>emplacement pour tentes<\/li>\n<li>bungalows en bois<\/li>\n<li>mobil homes<\/li>\n<\/ul>\n<p>&nbsp;<\/p>\n<p>Chaque logement a des caract\u00e9ristiques diff\u00e9rentes: climatisation, chauffage, 2 ou 3 chambres, confort,&#8230; Les bungalows en bois et les mobil-homes disposent d&rsquo;une cuisine et d&rsquo;une salle de bain, ainsi que d&rsquo;une place de parking pour une voiture \u00e0 c\u00f4t\u00e9 du logement.<\/p>\n<\/div>\n                            <\/div>\n                        <div class=\"fold-inner\">\n                                                <input type=\"checkbox\" id=\"faq-80\" name=\"faq-group\" >\n                <label for=\"faq-80\"><img decoding=\"async\" class=\"label-img lazyload\" width=\"32px\" data-src=\"https:\/\/www.campingdelmar.com\/wp-content\/uploads\/fork-1.svg\" src=\"data:image\/svg+xml;base64,PHN2ZyB3aWR0aD0iMSIgaGVpZ2h0PSIxIiB4bWxucz0iaHR0cDovL3d3dy53My5vcmcvMjAwMC9zdmciPjwvc3ZnPg==\">Restauration<span class=\"icon-keyboard_arrow_left\"><\/span><\/label>\n                <div class=\"content-faq\"><p>Vous pouvez profiter pendant votre s\u00e9jour du service de petit-d\u00e9jeuner, demi-pension ou pension compl\u00e8te dans le restaurant du camping lui-m\u00eame.<\/p>\n<p>Dans tous les cas, nous adapterons le menu \u00e0 vos besoins, votre alimentation ou vos allergies.<\/p>\n<\/div>\n                            <\/div>\n                        <div class=\"fold-inner\">\n                                                <input type=\"checkbox\" id=\"faq-81\" name=\"faq-group\" >\n                <label for=\"faq-81\"><img decoding=\"async\" class=\"label-img lazyload\" width=\"32px\" data-src=\"https:\/\/www.campingdelmar.com\/wp-content\/uploads\/party.svg\" src=\"data:image\/svg+xml;base64,PHN2ZyB3aWR0aD0iMSIgaGVpZ2h0PSIxIiB4bWxucz0iaHR0cDovL3d3dy53My5vcmcvMjAwMC9zdmciPjwvc3ZnPg==\">Activit\u00e9s et \u00e9v\u00e9nements<span class=\"icon-keyboard_arrow_left\"><\/span><\/label>\n                <div class=\"content-faq\"><p>Si vous le souhaitez, nous pouvons \u00e9laborer ensemble un programme d&rsquo;activit\u00e9s pour votre s\u00e9jour. Nous avons une \u00e9cole nautique juste en face du camping o\u00f9 vous pouvez faire des cours ou des initiations au surf, \u00e0 la planche \u00e0 voile, au kayak, au paddle surf,&#8230;<\/p>\n<p>Nous pouvons organiser des activit\u00e9s de plein air dans nos installations sportives ou \u00e0 l&rsquo;int\u00e9rieur dans notre grande salle. Cette salle peut \u00eatre adapt\u00e9e \u00e0 tout type d&rsquo;\u00e9v\u00e9nement: r\u00e9union, atelier, cours, pr\u00e9sentation, &#8230;<\/p>\n<\/div>\n                            <\/div>\n                        <div class=\"fold-inner\">\n                                                <input type=\"checkbox\" id=\"faq-82\" name=\"faq-group\" >\n                <label for=\"faq-82\"><img decoding=\"async\" class=\"label-img lazyload\" width=\"32px\" data-src=\"https:\/\/www.campingdelmar.com\/wp-content\/uploads\/ninos.svg\" src=\"data:image\/svg+xml;base64,PHN2ZyB3aWR0aD0iMSIgaGVpZ2h0PSIxIiB4bWxucz0iaHR0cDovL3d3dy53My5vcmcvMjAwMC9zdmciPjwvc3ZnPg==\">Nombre de personnes<span class=\"icon-keyboard_arrow_left\"><\/span><\/label>\n                <div class=\"content-faq\"><p>Nos h\u00e9bergements ont une capacit\u00e9 maximale de 4 ou 6 personnes. Nous pouvons recevoir des petits et des grands groupes. Le camping a une grande capacit\u00e9 d&rsquo;h\u00e9bergement et de nombreuses installations.<\/p>\n<\/div>\n                            <\/div>\n                    <\/div>\n        \n    <\/div>\n\n\n<\/div>\n<\/div>\n\n<div class=\"wp-block-buttons aligncenter is-layout-flex wp-block-buttons-is-layout-flex\">\n<div class=\"wp-block-button is-style-outline is-style-outline--2\"><a class=\"wp-block-button__link has-blank-3-darkblue-color has-blank-3-white-background-color has-text-color has-background\" href=\"mailto: info@campingdelmar.com\" style=\"border-radius:4px\">Expliquez-nous votre projet!<\/a><\/div>\n<\/div>\n","protected":false},"excerpt":{"rendered":"<p>Voyage de groupe sur mesure Chaque fois que nous recevons [&hellip;]<\/p>\n","protected":false},"author":2,"featured_media":0,"parent":29458,"menu_order":19,"comment_status":"closed","ping_status":"closed","template":"","meta":{"_acf_changed":false,"_monsterinsights_skip_tracking":false,"_monsterinsights_sitenote_active":false,"_monsterinsights_sitenote_note":"","_monsterinsights_sitenote_category":0,"footnotes":""},"class_list":["post-29280","page","type-page","status-publish","hentry"],"acf":[],"yoast_head":"<!-- This site is optimized with the Yoast SEO plugin v26.8 - https:\/\/yoast.com\/product\/yoast-seo-wordpress\/ -->\n<title>Voyage sur mesure - Camping del Mar<\/title>\n<meta name=\"description\" content=\"Voyage de groupe sur mesure Chaque fois que nous recevons un groupe, nous nous adaptons \u00e0 ses besoins pour que tout se passe au mieux! Parlez-nous de\" \/>\n<meta name=\"robots\" content=\"index, follow, max-snippet:-1, max-image-preview:large, max-video-preview:-1\" \/>\n<link rel=\"canonical\" href=\"https:\/\/www.campingdelmar.com\/fr\/sejours-en-groupe\/voyage-sur-mesure\/\" \/>\n<meta property=\"og:locale\" content=\"fr_FR\" \/>\n<meta property=\"og:type\" content=\"article\" \/>\n<meta property=\"og:title\" content=\"Voyage sur mesure - Camping del Mar\" \/>\n<meta property=\"og:description\" content=\"Voyage de groupe sur mesure Chaque fois que nous recevons un groupe, nous nous adaptons \u00e0 ses besoins pour que tout se passe au mieux! Parlez-nous de\" \/>\n<meta property=\"og:url\" content=\"https:\/\/www.campingdelmar.com\/fr\/sejours-en-groupe\/voyage-sur-mesure\/\" \/>\n<meta property=\"og:site_name\" content=\"Camping del Mar\" \/>\n<meta property=\"og:image\" content=\"https:\/\/www.campingdelmar.com\/wp-content\/uploads\/whatsapp-image-2020-09-30-at-145640-1024x768.jpeg\" \/>\n<meta name=\"twitter:card\" content=\"summary_large_image\" \/>\n<script type=\"application\/ld+json\" class=\"yoast-schema-graph\">{\"@context\":\"https:\/\/schema.org\",\"@graph\":[{\"@type\":\"WebPage\",\"@id\":\"https:\/\/www.campingdelmar.com\/fr\/sejours-en-groupe\/voyage-sur-mesure\/\",\"url\":\"https:\/\/www.campingdelmar.com\/fr\/sejours-en-groupe\/voyage-sur-mesure\/\",\"name\":\"Voyage sur mesure - Camping del Mar\",\"isPartOf\":{\"@id\":\"https:\/\/www.campingdelmar.com\/fr\/#website\"},\"primaryImageOfPage\":{\"@id\":\"https:\/\/www.campingdelmar.com\/fr\/sejours-en-groupe\/voyage-sur-mesure\/#primaryimage\"},\"image\":{\"@id\":\"https:\/\/www.campingdelmar.com\/fr\/sejours-en-groupe\/voyage-sur-mesure\/#primaryimage\"},\"thumbnailUrl\":\"https:\/\/www.campingdelmar.com\/wp-content\/uploads\/whatsapp-image-2020-09-30-at-145640-1024x768.jpeg\",\"datePublished\":\"2021-02-01T09:59:15+00:00\",\"description\":\"Voyage de groupe sur mesure Chaque fois que nous recevons un groupe, nous nous adaptons \u00e0 ses besoins pour que tout se passe au mieux! Parlez-nous de\",\"breadcrumb\":{\"@id\":\"https:\/\/www.campingdelmar.com\/fr\/sejours-en-groupe\/voyage-sur-mesure\/#breadcrumb\"},\"inLanguage\":\"fr-FR\",\"potentialAction\":[{\"@type\":\"ReadAction\",\"target\":[\"https:\/\/www.campingdelmar.com\/fr\/sejours-en-groupe\/voyage-sur-mesure\/\"]}]},{\"@type\":\"ImageObject\",\"inLanguage\":\"fr-FR\",\"@id\":\"https:\/\/www.campingdelmar.com\/fr\/sejours-en-groupe\/voyage-sur-mesure\/#primaryimage\",\"url\":\"https:\/\/www.campingdelmar.com\/wp-content\/uploads\/whatsapp-image-2020-09-30-at-145640-1024x768.jpeg\",\"contentUrl\":\"https:\/\/www.campingdelmar.com\/wp-content\/uploads\/whatsapp-image-2020-09-30-at-145640-1024x768.jpeg\"},{\"@type\":\"BreadcrumbList\",\"@id\":\"https:\/\/www.campingdelmar.com\/fr\/sejours-en-groupe\/voyage-sur-mesure\/#breadcrumb\",\"itemListElement\":[{\"@type\":\"ListItem\",\"position\":1,\"name\":\"D\u00e9but\",\"item\":\"https:\/\/www.campingdelmar.com\/fr\/\"},{\"@type\":\"ListItem\",\"position\":2,\"name\":\"S\u00e9jours en groupe\",\"item\":\"https:\/\/www.campingdelmar.com\/fr\/estancias-para-grupos\/\"},{\"@type\":\"ListItem\",\"position\":3,\"name\":\"Voyage sur mesure\"}]},{\"@type\":\"WebSite\",\"@id\":\"https:\/\/www.campingdelmar.com\/fr\/#website\",\"url\":\"https:\/\/www.campingdelmar.com\/fr\/\",\"name\":\"Camping del Mar\",\"description\":\"Bungalow Park, Malgrat de Mar\",\"publisher\":{\"@id\":\"https:\/\/www.campingdelmar.com\/fr\/#organization\"},\"potentialAction\":[{\"@type\":\"SearchAction\",\"target\":{\"@type\":\"EntryPoint\",\"urlTemplate\":\"https:\/\/www.campingdelmar.com\/fr\/?s={search_term_string}\"},\"query-input\":{\"@type\":\"PropertyValueSpecification\",\"valueRequired\":true,\"valueName\":\"search_term_string\"}}],\"inLanguage\":\"fr-FR\"},{\"@type\":\"Organization\",\"@id\":\"https:\/\/www.campingdelmar.com\/fr\/#organization\",\"name\":\"Camping del Mar\",\"url\":\"https:\/\/www.campingdelmar.com\/fr\/\",\"logo\":{\"@type\":\"ImageObject\",\"inLanguage\":\"fr-FR\",\"@id\":\"https:\/\/www.campingdelmar.com\/fr\/#\/schema\/logo\/image\/\",\"url\":\"https:\/\/www.campingdelmar.com\/wp-content\/uploads\/camping-del-mar-logo.jpg\",\"contentUrl\":\"https:\/\/www.campingdelmar.com\/wp-content\/uploads\/camping-del-mar-logo.jpg\",\"width\":619,\"height\":697,\"caption\":\"Camping del Mar\"},\"image\":{\"@id\":\"https:\/\/www.campingdelmar.com\/fr\/#\/schema\/logo\/image\/\"}}]}<\/script>\n<!-- \/ Yoast SEO plugin. -->","yoast_head_json":{"title":"Voyage sur mesure - Camping del Mar","description":"Voyage de groupe sur mesure Chaque fois que nous recevons un groupe, nous nous adaptons \u00e0 ses besoins pour que tout se passe au mieux! Parlez-nous de","robots":{"index":"index","follow":"follow","max-snippet":"max-snippet:-1","max-image-preview":"max-image-preview:large","max-video-preview":"max-video-preview:-1"},"canonical":"https:\/\/www.campingdelmar.com\/fr\/sejours-en-groupe\/voyage-sur-mesure\/","og_locale":"fr_FR","og_type":"article","og_title":"Voyage sur mesure - Camping del Mar","og_description":"Voyage de groupe sur mesure Chaque fois que nous recevons un groupe, nous nous adaptons \u00e0 ses besoins pour que tout se passe au mieux! Parlez-nous de","og_url":"https:\/\/www.campingdelmar.com\/fr\/sejours-en-groupe\/voyage-sur-mesure\/","og_site_name":"Camping del Mar","og_image":[{"url":"https:\/\/www.campingdelmar.com\/wp-content\/uploads\/whatsapp-image-2020-09-30-at-145640-1024x768.jpeg","type":"","width":"","height":""}],"twitter_card":"summary_large_image","schema":{"@context":"https:\/\/schema.org","@graph":[{"@type":"WebPage","@id":"https:\/\/www.campingdelmar.com\/fr\/sejours-en-groupe\/voyage-sur-mesure\/","url":"https:\/\/www.campingdelmar.com\/fr\/sejours-en-groupe\/voyage-sur-mesure\/","name":"Voyage sur mesure - Camping del Mar","isPartOf":{"@id":"https:\/\/www.campingdelmar.com\/fr\/#website"},"primaryImageOfPage":{"@id":"https:\/\/www.campingdelmar.com\/fr\/sejours-en-groupe\/voyage-sur-mesure\/#primaryimage"},"image":{"@id":"https:\/\/www.campingdelmar.com\/fr\/sejours-en-groupe\/voyage-sur-mesure\/#primaryimage"},"thumbnailUrl":"https:\/\/www.campingdelmar.com\/wp-content\/uploads\/whatsapp-image-2020-09-30-at-145640-1024x768.jpeg","datePublished":"2021-02-01T09:59:15+00:00","description":"Voyage de groupe sur mesure Chaque fois que nous recevons un groupe, nous nous adaptons \u00e0 ses besoins pour que tout se passe au mieux! Parlez-nous de","breadcrumb":{"@id":"https:\/\/www.campingdelmar.com\/fr\/sejours-en-groupe\/voyage-sur-mesure\/#breadcrumb"},"inLanguage":"fr-FR","potentialAction":[{"@type":"ReadAction","target":["https:\/\/www.campingdelmar.com\/fr\/sejours-en-groupe\/voyage-sur-mesure\/"]}]},{"@type":"ImageObject","inLanguage":"fr-FR","@id":"https:\/\/www.campingdelmar.com\/fr\/sejours-en-groupe\/voyage-sur-mesure\/#primaryimage","url":"https:\/\/www.campingdelmar.com\/wp-content\/uploads\/whatsapp-image-2020-09-30-at-145640-1024x768.jpeg","contentUrl":"https:\/\/www.campingdelmar.com\/wp-content\/uploads\/whatsapp-image-2020-09-30-at-145640-1024x768.jpeg"},{"@type":"BreadcrumbList","@id":"https:\/\/www.campingdelmar.com\/fr\/sejours-en-groupe\/voyage-sur-mesure\/#breadcrumb","itemListElement":[{"@type":"ListItem","position":1,"name":"D\u00e9but","item":"https:\/\/www.campingdelmar.com\/fr\/"},{"@type":"ListItem","position":2,"name":"S\u00e9jours en groupe","item":"https:\/\/www.campingdelmar.com\/fr\/estancias-para-grupos\/"},{"@type":"ListItem","position":3,"name":"Voyage sur mesure"}]},{"@type":"WebSite","@id":"https:\/\/www.campingdelmar.com\/fr\/#website","url":"https:\/\/www.campingdelmar.com\/fr\/","name":"Camping del Mar","description":"Bungalow Park, Malgrat de Mar","publisher":{"@id":"https:\/\/www.campingdelmar.com\/fr\/#organization"},"potentialAction":[{"@type":"SearchAction","target":{"@type":"EntryPoint","urlTemplate":"https:\/\/www.campingdelmar.com\/fr\/?s={search_term_string}"},"query-input":{"@type":"PropertyValueSpecification","valueRequired":true,"valueName":"search_term_string"}}],"inLanguage":"fr-FR"},{"@type":"Organization","@id":"https:\/\/www.campingdelmar.com\/fr\/#organization","name":"Camping del Mar","url":"https:\/\/www.campingdelmar.com\/fr\/","logo":{"@type":"ImageObject","inLanguage":"fr-FR","@id":"https:\/\/www.campingdelmar.com\/fr\/#\/schema\/logo\/image\/","url":"https:\/\/www.campingdelmar.com\/wp-content\/uploads\/camping-del-mar-logo.jpg","contentUrl":"https:\/\/www.campingdelmar.com\/wp-content\/uploads\/camping-del-mar-logo.jpg","width":619,"height":697,"caption":"Camping del Mar"},"image":{"@id":"https:\/\/www.campingdelmar.com\/fr\/#\/schema\/logo\/image\/"}}]}},"_links":{"self":[{"href":"https:\/\/www.campingdelmar.com\/fr\/wp-json\/wp\/v2\/pages\/29280","targetHints":{"allow":["GET"]}}],"collection":[{"href":"https:\/\/www.campingdelmar.com\/fr\/wp-json\/wp\/v2\/pages"}],"about":[{"href":"https:\/\/www.campingdelmar.com\/fr\/wp-json\/wp\/v2\/types\/page"}],"author":[{"embeddable":true,"href":"https:\/\/www.campingdelmar.com\/fr\/wp-json\/wp\/v2\/users\/2"}],"replies":[{"embeddable":true,"href":"https:\/\/www.campingdelmar.com\/fr\/wp-json\/wp\/v2\/comments?post=29280"}],"version-history":[{"count":1,"href":"https:\/\/www.campingdelmar.com\/fr\/wp-json\/wp\/v2\/pages\/29280\/revisions"}],"predecessor-version":[{"id":29281,"href":"https:\/\/www.campingdelmar.com\/fr\/wp-json\/wp\/v2\/pages\/29280\/revisions\/29281"}],"up":[{"embeddable":true,"href":"https:\/\/www.campingdelmar.com\/fr\/wp-json\/wp\/v2\/pages\/29458"}],"wp:attachment":[{"href":"https:\/\/www.campingdelmar.com\/fr\/wp-json\/wp\/v2\/media?parent=29280"}],"curies":[{"name":"wp","href":"https:\/\/api.w.org\/{rel}","templated":true}]}}