{"id":29458,"date":"2021-02-03T11:01:32","date_gmt":"2021-02-03T10:01:32","guid":{"rendered":"https:\/\/www.campingdelmar.com\/sejours-en-groupe\/"},"modified":"2021-02-05T12:39:39","modified_gmt":"2021-02-05T11:39:39","slug":"sejours-en-groupe","status":"publish","type":"page","link":"https:\/\/www.campingdelmar.com\/fr\/sejours-en-groupe\/","title":{"rendered":"S\u00e9jours en groupe"},"content":{"rendered":"\n<h1 class=\"has-text-align-center has-blank-3-gradientblue-color has-text-color wp-block-heading\">S\u00e9jours en groupe<\/h1>\n\n<p class=\"has-text-align-center\">Les am\u00e9nagements ext\u00e9rieurs, la proximit\u00e9 de la mer et la grande capacit\u00e9 d&rsquo;h\u00e9bergement du camping nous permettent de recevoir des groupes pour diverses occasions tout au long de l&rsquo;ann\u00e9e.<\/p>\n\n<p class=\"has-text-align-center\">Voyages scolaires, voyages d&rsquo;entreprise ou stages sportifs: nous nous adaptons \u00e0 vos besoins! N&rsquo;h\u00e9sitez pas \u00e0 nous contacter pour nous pr\u00e9senter votre projet.<\/p>\n\n\n<style>\n   [id*=\"custom-cards\"].is-style-default .grid-title {\n        padding: 15px 10px;\n    }\n    [id*=\"custom-cards\"].is-style-default .circle-img {\n        position: relative;\n    }\n\n    [id*=\"custom-cards\"].is-style-default .grid-title {\n        padding: 15px 10px;\n        position: absolute;\n        top: 50%;\n        left: 0;\n        right: 0;\n        text-align: center;\n        transform: translateY(-50%);\n        color: white;\n        text-shadow: 0 0 10px black;\n    }\n    @media only screen and (min-width: 0px) and (max-width: 380px){\n        #custom-cards-block_60003ccdc1d87.is-style-default [class*=\"custom-card\"] {\n            flex-basis: 100%;\n            width: 100%;\n        }\n\n        #custom-cards-block_60003ccdc1d87{\n            justify-content: center;\n        }\n    }\n    @media only screen and (min-width: 381px) and (max-width: 799px){\n        \/*#custom-cards-block_60003ccdc1d87.is-style-default [class*=\"custom-card\"] {\n            flex-basis: 48%;\n            width: 48%;\n        }*\/\n\n    }\n    @media only screen and (max-width: 799px){\n        \/*#custom-cards-block_60003ccdc1d87:not(.is-style-circles) .circle-img {\n            padding-bottom: 65%;\n        }*\/\n        #custom-cards-block_60003ccdc1d87.is-style-default .grid-title h2{\n            font-size: 16px;\n        }\n    }\n    @media only screen and (min-width: 800px){\n\n        #custom-cards-block_60003ccdc1d87 [class*=\"custom-card\"] {\n            width: calc(100% * (1\/4) - 3%);\n            margin: calc(3% *(1\/4));\n        }\n    }\n<\/style>\n        <div class=\"wp-block-custom-cards alignwide\">\n        <div id=\"custom-cards-block_60003ccdc1d87\" class=\"flex is-style-default\">\n                \n                            <a class=\"custom-card\" href=\"https:\/\/www.campingdelmar.com\/fr\/voyages-scolaires\/\">\n                    <div class=\"circle-img\">\n\n                                                                                                                        <!--  -->\n                                <!--<img decoding=\"async\" class=\"wp-post-image lazyload\" data-src=\"https:\/\/www.campingdelmar.com\/wp-content\/uploads\/19062019-1-320x240.jpg\" src=\"data:image\/svg+xml;base64,PHN2ZyB3aWR0aD0iMSIgaGVpZ2h0PSIxIiB4bWxucz0iaHR0cDovL3d3dy53My5vcmcvMjAwMC9zdmciPjwvc3ZnPg==\" style=\"--smush-placeholder-width: 320px; --smush-placeholder-aspect-ratio: 320\/240;\">-->\n                                <img decoding=\"async\" width=\"900\" height=\"600\" data-src=\"https:\/\/www.campingdelmar.com\/wp-content\/uploads\/19062019-1-900x600.jpg\" class=\"attachment-gallery size-gallery lazyload\" alt=\"\" data-srcset=\"https:\/\/www.campingdelmar.com\/wp-content\/uploads\/19062019-1-900x600.jpg 900w, https:\/\/www.campingdelmar.com\/wp-content\/uploads\/19062019-1-90x60.jpg 90w\" data-sizes=\"(max-width: 900px) 100vw, 900px\" src=\"data:image\/svg+xml;base64,PHN2ZyB3aWR0aD0iMSIgaGVpZ2h0PSIxIiB4bWxucz0iaHR0cDovL3d3dy53My5vcmcvMjAwMC9zdmciPjwvc3ZnPg==\" style=\"--smush-placeholder-width: 900px; --smush-placeholder-aspect-ratio: 900\/600;\" \/>                                                    <div class=\"grid-title\">\n                            <h4>\u00c9coles<\/h4>\n                        <\/div>\n                    <\/div>\n\n                <\/a>\n\n\n                            <a class=\"custom-card\" href=\"https:\/\/www.campingdelmar.com\/fr\/sejours-en-groupe\/sports\/\">\n                    <div class=\"circle-img\">\n\n                                                                                                                        <!--  -->\n                                <!--<img decoding=\"async\" class=\"wp-post-image lazyload\" data-src=\"https:\/\/www.campingdelmar.com\/wp-content\/uploads\/pexels-andrea-piacquadio-3755440-320x240.jpg\" src=\"data:image\/svg+xml;base64,PHN2ZyB3aWR0aD0iMSIgaGVpZ2h0PSIxIiB4bWxucz0iaHR0cDovL3d3dy53My5vcmcvMjAwMC9zdmciPjwvc3ZnPg==\" style=\"--smush-placeholder-width: 320px; --smush-placeholder-aspect-ratio: 320\/240;\">-->\n                                <img decoding=\"async\" width=\"900\" height=\"600\" data-src=\"https:\/\/www.campingdelmar.com\/wp-content\/uploads\/pexels-andrea-piacquadio-3755440-900x600.jpg\" class=\"attachment-gallery size-gallery lazyload\" alt=\"\" data-srcset=\"https:\/\/www.campingdelmar.com\/wp-content\/uploads\/pexels-andrea-piacquadio-3755440-900x600.jpg 900w, https:\/\/www.campingdelmar.com\/wp-content\/uploads\/pexels-andrea-piacquadio-3755440-300x200.jpg 300w, https:\/\/www.campingdelmar.com\/wp-content\/uploads\/pexels-andrea-piacquadio-3755440-1024x683.jpg 1024w, https:\/\/www.campingdelmar.com\/wp-content\/uploads\/pexels-andrea-piacquadio-3755440-1536x1024.jpg 1536w, https:\/\/www.campingdelmar.com\/wp-content\/uploads\/pexels-andrea-piacquadio-3755440-90x60.jpg 90w, https:\/\/www.campingdelmar.com\/wp-content\/uploads\/pexels-andrea-piacquadio-3755440-240x160.jpg 240w, https:\/\/www.campingdelmar.com\/wp-content\/uploads\/pexels-andrea-piacquadio-3755440-1800x1200.jpg 1800w, https:\/\/www.campingdelmar.com\/wp-content\/uploads\/pexels-andrea-piacquadio-3755440.jpg 2048w\" data-sizes=\"(max-width: 900px) 100vw, 900px\" src=\"data:image\/svg+xml;base64,PHN2ZyB3aWR0aD0iMSIgaGVpZ2h0PSIxIiB4bWxucz0iaHR0cDovL3d3dy53My5vcmcvMjAwMC9zdmciPjwvc3ZnPg==\" style=\"--smush-placeholder-width: 900px; --smush-placeholder-aspect-ratio: 900\/600;\" \/>                                                    <div class=\"grid-title\">\n                            <h4>Stage sportif<\/h4>\n                        <\/div>\n                    <\/div>\n\n                <\/a>\n\n\n                            <a class=\"custom-card\" href=\"https:\/\/www.campingdelmar.com\/fr\/sejours-pour-les-entreprises\/\">\n                    <div class=\"circle-img\">\n\n                                                                                                                        <!--  -->\n                                <!--<img decoding=\"async\" class=\"wp-post-image lazyload\" data-src=\"https:\/\/www.campingdelmar.com\/wp-content\/uploads\/whatsapp-image-2020-09-30-at-145640-320x240.jpeg\" src=\"data:image\/svg+xml;base64,PHN2ZyB3aWR0aD0iMSIgaGVpZ2h0PSIxIiB4bWxucz0iaHR0cDovL3d3dy53My5vcmcvMjAwMC9zdmciPjwvc3ZnPg==\" style=\"--smush-placeholder-width: 320px; --smush-placeholder-aspect-ratio: 320\/240;\">-->\n                                <img decoding=\"async\" width=\"900\" height=\"600\" data-src=\"https:\/\/www.campingdelmar.com\/wp-content\/uploads\/whatsapp-image-2020-09-30-at-145640-900x600.jpeg\" class=\"attachment-gallery size-gallery lazyload\" alt=\"\" data-srcset=\"https:\/\/www.campingdelmar.com\/wp-content\/uploads\/whatsapp-image-2020-09-30-at-145640-900x600.jpeg 900w, https:\/\/www.campingdelmar.com\/wp-content\/uploads\/whatsapp-image-2020-09-30-at-145640-90x60.jpeg 90w\" data-sizes=\"(max-width: 900px) 100vw, 900px\" src=\"data:image\/svg+xml;base64,PHN2ZyB3aWR0aD0iMSIgaGVpZ2h0PSIxIiB4bWxucz0iaHR0cDovL3d3dy53My5vcmcvMjAwMC9zdmciPjwvc3ZnPg==\" style=\"--smush-placeholder-width: 900px; --smush-placeholder-aspect-ratio: 900\/600;\" \/>                                                    <div class=\"grid-title\">\n                            <h4>Entreprises<\/h4>\n                        <\/div>\n                    <\/div>\n\n                <\/a>\n\n\n                            <a class=\"custom-card\" href=\"https:\/\/www.campingdelmar.com\/fr\/voyage-sur-mesure\/\">\n                    <div class=\"circle-img\">\n\n                                                                                                                        <!--  -->\n                                <!--<img decoding=\"async\" class=\"wp-post-image lazyload\" data-src=\"https:\/\/www.campingdelmar.com\/wp-content\/uploads\/pexels-alice-castro-1820041-320x240.jpg\" src=\"data:image\/svg+xml;base64,PHN2ZyB3aWR0aD0iMSIgaGVpZ2h0PSIxIiB4bWxucz0iaHR0cDovL3d3dy53My5vcmcvMjAwMC9zdmciPjwvc3ZnPg==\" style=\"--smush-placeholder-width: 320px; --smush-placeholder-aspect-ratio: 320\/240;\">-->\n                                <img decoding=\"async\" width=\"900\" height=\"600\" data-src=\"https:\/\/www.campingdelmar.com\/wp-content\/uploads\/pexels-alice-castro-1820041-900x600.jpg\" class=\"attachment-gallery size-gallery lazyload\" alt=\"\" data-srcset=\"https:\/\/www.campingdelmar.com\/wp-content\/uploads\/pexels-alice-castro-1820041-900x600.jpg 900w, https:\/\/www.campingdelmar.com\/wp-content\/uploads\/pexels-alice-castro-1820041-90x60.jpg 90w\" data-sizes=\"(max-width: 900px) 100vw, 900px\" src=\"data:image\/svg+xml;base64,PHN2ZyB3aWR0aD0iMSIgaGVpZ2h0PSIxIiB4bWxucz0iaHR0cDovL3d3dy53My5vcmcvMjAwMC9zdmciPjwvc3ZnPg==\" style=\"--smush-placeholder-width: 900px; --smush-placeholder-aspect-ratio: 900\/600;\" \/>                                                    <div class=\"grid-title\">\n                            <h4>S\u00e9jour sur mesure<\/h4>\n                        <\/div>\n                    <\/div>\n\n                <\/a>\n\n\n                    \n        <\/div>\n    <\/div>\n\n\n\n\n\n\n<div style=\"height:155px\" aria-hidden=\"true\" class=\"wp-block-spacer\"><\/div>\n","protected":false},"excerpt":{"rendered":"<p>S\u00e9jours en groupe Les am\u00e9nagements ext\u00e9rieurs, la proximit\u00e9 de la [&hellip;]<\/p>\n","protected":false},"author":2,"featured_media":0,"parent":0,"menu_order":0,"comment_status":"closed","ping_status":"closed","template":"","meta":{"_acf_changed":false,"_monsterinsights_skip_tracking":false,"_monsterinsights_sitenote_active":false,"_monsterinsights_sitenote_note":"","_monsterinsights_sitenote_category":0,"footnotes":""},"class_list":["post-29458","page","type-page","status-publish","hentry"],"acf":[],"yoast_head":"<!-- This site is optimized with the Yoast SEO plugin v26.8 - https:\/\/yoast.com\/product\/yoast-seo-wordpress\/ -->\n<title>S\u00e9jours en groupe - Camping del Mar (Malgrat de Mar)<\/title>\n<meta name=\"description\" content=\"Voyages de groupe - Colonies de vacances, voyages d&#039;entreprise ou stages sportifs: nous nous adaptons \u00e0 vos besoins! En face de la mer...\" \/>\n<meta name=\"robots\" content=\"index, follow, max-snippet:-1, max-image-preview:large, max-video-preview:-1\" \/>\n<link rel=\"canonical\" href=\"https:\/\/www.campingdelmar.com\/fr\/sejours-en-groupe\/\" \/>\n<meta property=\"og:locale\" content=\"fr_FR\" \/>\n<meta property=\"og:type\" content=\"article\" \/>\n<meta property=\"og:title\" content=\"S\u00e9jours en groupe - Camping del Mar (Malgrat de Mar)\" \/>\n<meta property=\"og:description\" content=\"Voyages de groupe - Colonies de vacances, voyages d&#039;entreprise ou stages sportifs: nous nous adaptons \u00e0 vos besoins! En face de la mer...\" \/>\n<meta property=\"og:url\" content=\"https:\/\/www.campingdelmar.com\/fr\/sejours-en-groupe\/\" \/>\n<meta property=\"og:site_name\" content=\"Camping del Mar\" \/>\n<meta property=\"article:modified_time\" content=\"2021-02-05T11:39:39+00:00\" \/>\n<meta name=\"twitter:card\" content=\"summary_large_image\" \/>\n<script type=\"application\/ld+json\" class=\"yoast-schema-graph\">{\"@context\":\"https:\/\/schema.org\",\"@graph\":[{\"@type\":\"WebPage\",\"@id\":\"https:\/\/www.campingdelmar.com\/fr\/sejours-en-groupe\/\",\"url\":\"https:\/\/www.campingdelmar.com\/fr\/sejours-en-groupe\/\",\"name\":\"S\u00e9jours en groupe - Camping del Mar (Malgrat de Mar)\",\"isPartOf\":{\"@id\":\"https:\/\/www.campingdelmar.com\/fr\/#website\"},\"datePublished\":\"2021-02-03T10:01:32+00:00\",\"dateModified\":\"2021-02-05T11:39:39+00:00\",\"description\":\"Voyages de groupe - Colonies de vacances, voyages d'entreprise ou stages sportifs: nous nous adaptons \u00e0 vos besoins! En face de la mer...\",\"breadcrumb\":{\"@id\":\"https:\/\/www.campingdelmar.com\/fr\/sejours-en-groupe\/#breadcrumb\"},\"inLanguage\":\"fr-FR\",\"potentialAction\":[{\"@type\":\"ReadAction\",\"target\":[\"https:\/\/www.campingdelmar.com\/fr\/sejours-en-groupe\/\"]}]},{\"@type\":\"BreadcrumbList\",\"@id\":\"https:\/\/www.campingdelmar.com\/fr\/sejours-en-groupe\/#breadcrumb\",\"itemListElement\":[{\"@type\":\"ListItem\",\"position\":1,\"name\":\"D\u00e9but\",\"item\":\"https:\/\/www.campingdelmar.com\/fr\/\"},{\"@type\":\"ListItem\",\"position\":2,\"name\":\"S\u00e9jours en groupe\"}]},{\"@type\":\"WebSite\",\"@id\":\"https:\/\/www.campingdelmar.com\/fr\/#website\",\"url\":\"https:\/\/www.campingdelmar.com\/fr\/\",\"name\":\"Camping del Mar\",\"description\":\"Bungalow Park, Malgrat de Mar\",\"publisher\":{\"@id\":\"https:\/\/www.campingdelmar.com\/fr\/#organization\"},\"potentialAction\":[{\"@type\":\"SearchAction\",\"target\":{\"@type\":\"EntryPoint\",\"urlTemplate\":\"https:\/\/www.campingdelmar.com\/fr\/?s={search_term_string}\"},\"query-input\":{\"@type\":\"PropertyValueSpecification\",\"valueRequired\":true,\"valueName\":\"search_term_string\"}}],\"inLanguage\":\"fr-FR\"},{\"@type\":\"Organization\",\"@id\":\"https:\/\/www.campingdelmar.com\/fr\/#organization\",\"name\":\"Camping del Mar\",\"url\":\"https:\/\/www.campingdelmar.com\/fr\/\",\"logo\":{\"@type\":\"ImageObject\",\"inLanguage\":\"fr-FR\",\"@id\":\"https:\/\/www.campingdelmar.com\/fr\/#\/schema\/logo\/image\/\",\"url\":\"https:\/\/www.campingdelmar.com\/wp-content\/uploads\/camping-del-mar-logo.jpg\",\"contentUrl\":\"https:\/\/www.campingdelmar.com\/wp-content\/uploads\/camping-del-mar-logo.jpg\",\"width\":619,\"height\":697,\"caption\":\"Camping del Mar\"},\"image\":{\"@id\":\"https:\/\/www.campingdelmar.com\/fr\/#\/schema\/logo\/image\/\"}}]}<\/script>\n<!-- \/ Yoast SEO plugin. -->","yoast_head_json":{"title":"S\u00e9jours en groupe - Camping del Mar (Malgrat de Mar)","description":"Voyages de groupe - Colonies de vacances, voyages d'entreprise ou stages sportifs: nous nous adaptons \u00e0 vos besoins! En face de la mer...","robots":{"index":"index","follow":"follow","max-snippet":"max-snippet:-1","max-image-preview":"max-image-preview:large","max-video-preview":"max-video-preview:-1"},"canonical":"https:\/\/www.campingdelmar.com\/fr\/sejours-en-groupe\/","og_locale":"fr_FR","og_type":"article","og_title":"S\u00e9jours en groupe - Camping del Mar (Malgrat de Mar)","og_description":"Voyages de groupe - Colonies de vacances, voyages d'entreprise ou stages sportifs: nous nous adaptons \u00e0 vos besoins! En face de la mer...","og_url":"https:\/\/www.campingdelmar.com\/fr\/sejours-en-groupe\/","og_site_name":"Camping del Mar","article_modified_time":"2021-02-05T11:39:39+00:00","twitter_card":"summary_large_image","schema":{"@context":"https:\/\/schema.org","@graph":[{"@type":"WebPage","@id":"https:\/\/www.campingdelmar.com\/fr\/sejours-en-groupe\/","url":"https:\/\/www.campingdelmar.com\/fr\/sejours-en-groupe\/","name":"S\u00e9jours en groupe - Camping del Mar (Malgrat de Mar)","isPartOf":{"@id":"https:\/\/www.campingdelmar.com\/fr\/#website"},"datePublished":"2021-02-03T10:01:32+00:00","dateModified":"2021-02-05T11:39:39+00:00","description":"Voyages de groupe - Colonies de vacances, voyages d'entreprise ou stages sportifs: nous nous adaptons \u00e0 vos besoins! En face de la mer...","breadcrumb":{"@id":"https:\/\/www.campingdelmar.com\/fr\/sejours-en-groupe\/#breadcrumb"},"inLanguage":"fr-FR","potentialAction":[{"@type":"ReadAction","target":["https:\/\/www.campingdelmar.com\/fr\/sejours-en-groupe\/"]}]},{"@type":"BreadcrumbList","@id":"https:\/\/www.campingdelmar.com\/fr\/sejours-en-groupe\/#breadcrumb","itemListElement":[{"@type":"ListItem","position":1,"name":"D\u00e9but","item":"https:\/\/www.campingdelmar.com\/fr\/"},{"@type":"ListItem","position":2,"name":"S\u00e9jours en groupe"}]},{"@type":"WebSite","@id":"https:\/\/www.campingdelmar.com\/fr\/#website","url":"https:\/\/www.campingdelmar.com\/fr\/","name":"Camping del Mar","description":"Bungalow Park, Malgrat de Mar","publisher":{"@id":"https:\/\/www.campingdelmar.com\/fr\/#organization"},"potentialAction":[{"@type":"SearchAction","target":{"@type":"EntryPoint","urlTemplate":"https:\/\/www.campingdelmar.com\/fr\/?s={search_term_string}"},"query-input":{"@type":"PropertyValueSpecification","valueRequired":true,"valueName":"search_term_string"}}],"inLanguage":"fr-FR"},{"@type":"Organization","@id":"https:\/\/www.campingdelmar.com\/fr\/#organization","name":"Camping del Mar","url":"https:\/\/www.campingdelmar.com\/fr\/","logo":{"@type":"ImageObject","inLanguage":"fr-FR","@id":"https:\/\/www.campingdelmar.com\/fr\/#\/schema\/logo\/image\/","url":"https:\/\/www.campingdelmar.com\/wp-content\/uploads\/camping-del-mar-logo.jpg","contentUrl":"https:\/\/www.campingdelmar.com\/wp-content\/uploads\/camping-del-mar-logo.jpg","width":619,"height":697,"caption":"Camping del Mar"},"image":{"@id":"https:\/\/www.campingdelmar.com\/fr\/#\/schema\/logo\/image\/"}}]}},"_links":{"self":[{"href":"https:\/\/www.campingdelmar.com\/fr\/wp-json\/wp\/v2\/pages\/29458","targetHints":{"allow":["GET"]}}],"collection":[{"href":"https:\/\/www.campingdelmar.com\/fr\/wp-json\/wp\/v2\/pages"}],"about":[{"href":"https:\/\/www.campingdelmar.com\/fr\/wp-json\/wp\/v2\/types\/page"}],"author":[{"embeddable":true,"href":"https:\/\/www.campingdelmar.com\/fr\/wp-json\/wp\/v2\/users\/2"}],"replies":[{"embeddable":true,"href":"https:\/\/www.campingdelmar.com\/fr\/wp-json\/wp\/v2\/comments?post=29458"}],"version-history":[{"count":4,"href":"https:\/\/www.campingdelmar.com\/fr\/wp-json\/wp\/v2\/pages\/29458\/revisions"}],"predecessor-version":[{"id":29625,"href":"https:\/\/www.campingdelmar.com\/fr\/wp-json\/wp\/v2\/pages\/29458\/revisions\/29625"}],"wp:attachment":[{"href":"https:\/\/www.campingdelmar.com\/fr\/wp-json\/wp\/v2\/media?parent=29458"}],"curies":[{"name":"wp","href":"https:\/\/api.w.org\/{rel}","templated":true}]}}