{"id":26144,"date":"2020-03-11T10:14:17","date_gmt":"2020-03-11T09:14:17","guid":{"rendered":"https:\/\/www.campingdelmar.com\/blog\/"},"modified":"2023-11-02T13:02:07","modified_gmt":"2023-11-02T12:02:07","slug":"blog","status":"publish","type":"page","link":"https:\/\/www.campingdelmar.com\/nl\/blog\/","title":{"rendered":"Blog"},"content":{"rendered":"\n<p>En Camping del Mar nos gusta explicar curiosidades, mostrar experiencias que pod\u00e9is vivir en el entorno donde nos situamos, contaros alguna receta secreta&#8230; Si quieres saber m\u00e1s sobre esto, estate atent@ al blog e inscr\u00edbete a la Newsletter para no perderte ni una promoci\u00f3n y estar al d\u00eda de T-O-D-O (o eso intentaremos)<\/p>\n\n\n\n<div class=\"wp-block-query entrades-blog is-layout-flow wp-block-query-is-layout-flow\"><ul class=\"wp-block-post-template is-layout-flow wp-block-post-template-is-layout-flow\"><li class=\"wp-block-post post-52325 post type-post status-publish format-standard hentry category-blog-nl\">\n\n\n\n<div class=\"wp-block-group is-layout-constrained wp-block-group-is-layout-constrained\">\n<p class=\"taxonomy-category has-link-color wp-elements-534136fdcf8462fdb7812308781de308\" style=\"font-size:12px\"><a href=\"https:\/\/www.campingdelmar.com\/nl\/blog\/\">Blog<\/a><\/p>\n\n\n<h2 class=\"has-link-color wp-elements-1f36fda9238f4578cf95cbf2c91863e6 wp-block-post-title has-text-color has-blank-3-new-blue-1-color has-large-font-size\"><a href=\"https:\/\/www.campingdelmar.com\/nl\/2024\/blog-nl\/temps-de-flors-lente-in-girona\/\" target=\"_self\" >Temps de Flors: Lente in Girona<\/a><\/h2>\n\n<div class=\"wp-block-post-date has-small-font-size\"><time datetime=\"2024-05-09T16:33:08+02:00\">9 mei, 2024<\/time><\/div>\n\n<div style=\"font-size:14px;\" class=\"wp-block-post-excerpt\"><p class=\"wp-block-post-excerpt__excerpt\">Elk jaar in mei barst de betoverende stad Girona in<\/p><p class=\"wp-block-post-excerpt__more-text\"><a class=\"wp-block-post-excerpt__more-link\" href=\"https:\/\/www.campingdelmar.com\/nl\/2024\/blog-nl\/temps-de-flors-lente-in-girona\/\">Leer m\u00e1s<\/a><\/p><\/div>\n\n\n<p><\/p>\n<\/div>\n\n<\/li><li class=\"wp-block-post post-52195 post type-post status-publish format-standard hentry category-blog-nl\">\n\n\n\n<div class=\"wp-block-group is-layout-constrained wp-block-group-is-layout-constrained\">\n<p class=\"taxonomy-category has-link-color wp-elements-534136fdcf8462fdb7812308781de308\" style=\"font-size:12px\"><a href=\"https:\/\/www.campingdelmar.com\/nl\/blog\/\">Blog<\/a><\/p>\n\n\n<h2 class=\"has-link-color wp-elements-1f36fda9238f4578cf95cbf2c91863e6 wp-block-post-title has-text-color has-blank-3-new-blue-1-color has-large-font-size\"><a href=\"https:\/\/www.campingdelmar.com\/nl\/2024\/blog-nl\/hoe-milieubewust-te-zijn-tijdens-uw-verblijf-op-de-camping\/\" target=\"_self\" >HOE MILIEUBEWUST TE ZIJN TIJDENS UW VERBLIJF OP DE CAMPING<\/a><\/h2>\n\n<div class=\"wp-block-post-date has-small-font-size\"><time datetime=\"2024-03-22T11:40:05+01:00\">22 maart, 2024<\/time><\/div>\n\n<div style=\"font-size:14px;\" class=\"wp-block-post-excerpt\"><p class=\"wp-block-post-excerpt__excerpt\">Tegenwoordig zijn we ons als samenleving steeds meer bewust van<\/p><p class=\"wp-block-post-excerpt__more-text\"><a class=\"wp-block-post-excerpt__more-link\" href=\"https:\/\/www.campingdelmar.com\/nl\/2024\/blog-nl\/hoe-milieubewust-te-zijn-tijdens-uw-verblijf-op-de-camping\/\">Leer m\u00e1s<\/a><\/p><\/div>\n\n\n<p><\/p>\n<\/div>\n\n<\/li><li class=\"wp-block-post post-49616 post type-post status-publish format-standard has-post-thumbnail hentry category-blog-nl\">\n<figure class=\"alignwide wp-block-post-featured-image\"><a href=\"https:\/\/www.campingdelmar.com\/nl\/2023\/blog-nl\/verantwoord-toerisme\/\" target=\"_self\"  ><img decoding=\"async\" width=\"2560\" height=\"1708\" data-src=\"https:\/\/www.campingdelmar.com\/wp-content\/uploads\/ext17-1-scaled.jpg\" class=\"attachment-post-thumbnail size-post-thumbnail wp-post-image lazyload\" alt=\"Verantwoord toerisme\" style=\"--smush-placeholder-width: 2560px; --smush-placeholder-aspect-ratio: 2560\/1708;object-fit:cover;\" data-srcset=\"https:\/\/www.campingdelmar.com\/wp-content\/uploads\/ext17-1-scaled.jpg 2560w, https:\/\/www.campingdelmar.com\/wp-content\/uploads\/ext17-1-300x200.jpg 300w, https:\/\/www.campingdelmar.com\/wp-content\/uploads\/ext17-1-1024x683.jpg 1024w, https:\/\/www.campingdelmar.com\/wp-content\/uploads\/ext17-1-1536x1025.jpg 1536w, https:\/\/www.campingdelmar.com\/wp-content\/uploads\/ext17-1-2048x1366.jpg 2048w, https:\/\/www.campingdelmar.com\/wp-content\/uploads\/ext17-1-900x600.jpg 900w, https:\/\/www.campingdelmar.com\/wp-content\/uploads\/ext17-1-90x60.jpg 90w, https:\/\/www.campingdelmar.com\/wp-content\/uploads\/ext17-1-240x160.jpg 240w, https:\/\/www.campingdelmar.com\/wp-content\/uploads\/ext17-1-1800x1201.jpg 1800w\" data-sizes=\"(max-width: 2560px) 100vw, 2560px\" src=\"data:image\/svg+xml;base64,PHN2ZyB3aWR0aD0iMSIgaGVpZ2h0PSIxIiB4bWxucz0iaHR0cDovL3d3dy53My5vcmcvMjAwMC9zdmciPjwvc3ZnPg==\" \/><\/a><\/figure>\n\n\n<div class=\"wp-block-group is-layout-constrained wp-block-group-is-layout-constrained\">\n<p class=\"taxonomy-category has-link-color wp-elements-534136fdcf8462fdb7812308781de308\" style=\"font-size:12px\"><a href=\"https:\/\/www.campingdelmar.com\/nl\/blog\/\">Blog<\/a><\/p>\n\n\n<h2 class=\"has-link-color wp-elements-1f36fda9238f4578cf95cbf2c91863e6 wp-block-post-title has-text-color has-blank-3-new-blue-1-color has-large-font-size\"><a href=\"https:\/\/www.campingdelmar.com\/nl\/2023\/blog-nl\/verantwoord-toerisme\/\" target=\"_self\" >Verantwoord toerisme<\/a><\/h2>\n\n<div class=\"wp-block-post-date has-small-font-size\"><time datetime=\"2023-07-25T09:56:43+02:00\">25 juli, 2023<\/time><\/div>\n\n<div style=\"font-size:14px;\" class=\"wp-block-post-excerpt\"><p class=\"wp-block-post-excerpt__excerpt\">C\u00e0mping del Mar geeft, als een van haar strategische lijnen,<\/p><p class=\"wp-block-post-excerpt__more-text\"><a class=\"wp-block-post-excerpt__more-link\" href=\"https:\/\/www.campingdelmar.com\/nl\/2023\/blog-nl\/verantwoord-toerisme\/\">Leer m\u00e1s<\/a><\/p><\/div>\n\n\n<p><\/p>\n<\/div>\n\n<\/li><li class=\"wp-block-post post-45567 post type-post status-publish format-standard has-post-thumbnail hentry category-blog-nl\">\n<figure class=\"alignwide wp-block-post-featured-image\"><a href=\"https:\/\/www.campingdelmar.com\/nl\/2023\/blog-nl\/het-beste-romantische-weekend\/\" target=\"_self\"  ><img decoding=\"async\" width=\"1707\" height=\"2560\" data-src=\"https:\/\/www.campingdelmar.com\/wp-content\/uploads\/kenny-eliason-n2vvngfbxtu-unsplash-scaled.jpg\" class=\"attachment-post-thumbnail size-post-thumbnail wp-post-image lazyload\" alt=\"Het beste romantische weekend\" style=\"--smush-placeholder-width: 1707px; --smush-placeholder-aspect-ratio: 1707\/2560;object-fit:cover;\" data-srcset=\"https:\/\/www.campingdelmar.com\/wp-content\/uploads\/kenny-eliason-n2vvngfbxtu-unsplash-scaled.jpg 1707w, https:\/\/www.campingdelmar.com\/wp-content\/uploads\/kenny-eliason-n2vvngfbxtu-unsplash-200x300.jpg 200w, https:\/\/www.campingdelmar.com\/wp-content\/uploads\/kenny-eliason-n2vvngfbxtu-unsplash-683x1024.jpg 683w, https:\/\/www.campingdelmar.com\/wp-content\/uploads\/kenny-eliason-n2vvngfbxtu-unsplash-1024x1536.jpg 1024w, https:\/\/www.campingdelmar.com\/wp-content\/uploads\/kenny-eliason-n2vvngfbxtu-unsplash-1365x2048.jpg 1365w, https:\/\/www.campingdelmar.com\/wp-content\/uploads\/kenny-eliason-n2vvngfbxtu-unsplash-160x240.jpg 160w, https:\/\/www.campingdelmar.com\/wp-content\/uploads\/kenny-eliason-n2vvngfbxtu-unsplash-1200x1800.jpg 1200w\" data-sizes=\"(max-width: 1707px) 100vw, 1707px\" src=\"data:image\/svg+xml;base64,PHN2ZyB3aWR0aD0iMSIgaGVpZ2h0PSIxIiB4bWxucz0iaHR0cDovL3d3dy53My5vcmcvMjAwMC9zdmciPjwvc3ZnPg==\" \/><\/a><\/figure>\n\n\n<div class=\"wp-block-group is-layout-constrained wp-block-group-is-layout-constrained\">\n<p class=\"taxonomy-category has-link-color wp-elements-534136fdcf8462fdb7812308781de308\" style=\"font-size:12px\"><a href=\"https:\/\/www.campingdelmar.com\/nl\/blog\/\">Blog<\/a><\/p>\n\n\n<h2 class=\"has-link-color wp-elements-1f36fda9238f4578cf95cbf2c91863e6 wp-block-post-title has-text-color has-blank-3-new-blue-1-color has-large-font-size\"><a href=\"https:\/\/www.campingdelmar.com\/nl\/2023\/blog-nl\/het-beste-romantische-weekend\/\" target=\"_self\" >Het beste romantische weekend<\/a><\/h2>\n\n<div class=\"wp-block-post-date has-small-font-size\"><time datetime=\"2023-04-22T13:00:15+02:00\">22 april, 2023<\/time><\/div>\n\n<div style=\"font-size:14px;\" class=\"wp-block-post-excerpt\"><p class=\"wp-block-post-excerpt__excerpt\">Het beste romantische weekend Bent u op zoek naar een<\/p><p class=\"wp-block-post-excerpt__more-text\"><a class=\"wp-block-post-excerpt__more-link\" href=\"https:\/\/www.campingdelmar.com\/nl\/2023\/blog-nl\/het-beste-romantische-weekend\/\">Leer m\u00e1s<\/a><\/p><\/div>\n\n\n<p><\/p>\n<\/div>\n\n<\/li><\/ul>\n\n<nav class=\"has-link-color wp-elements-fa7037d8914d9aa15b3b7e60e54b88fa wp-block-query-pagination is-layout-flex wp-block-query-pagination-is-layout-flex\" aria-label=\"Paginering\">\n\n\n<div class=\"wp-block-query-pagination-numbers\"><span aria-current=\"page\" class=\"page-numbers current\">1<\/span>\n<a class=\"page-numbers\" href=\"?query-44-page=2\">2<\/a>\n<a class=\"page-numbers\" href=\"?query-44-page=3\">3<\/a><\/div>\n\n<a href=\"\/nl\/wp-json\/wp\/v2\/pages\/26144?query-44-page=2\" class=\"wp-block-query-pagination-next\">Volgende pagina<\/a>\n<\/nav><\/div>\n","protected":false},"excerpt":{"rendered":"<p>En Camping del Mar nos gusta explicar curiosidades, mostrar experiencias [&hellip;]<\/p>\n","protected":false},"author":1,"featured_media":0,"parent":0,"menu_order":9,"comment_status":"closed","ping_status":"closed","template":"","meta":{"_acf_changed":false,"_monsterinsights_skip_tracking":false,"_monsterinsights_sitenote_active":false,"_monsterinsights_sitenote_note":"","_monsterinsights_sitenote_category":0,"footnotes":""},"class_list":["post-26144","page","type-page","status-publish","hentry"],"acf":[],"yoast_head":"<!-- This site is optimized with the Yoast SEO plugin v26.8 - https:\/\/yoast.com\/product\/yoast-seo-wordpress\/ -->\n<title>Blog - Camping del Mar<\/title>\n<meta name=\"description\" content=\"En Camping del Mar nos gusta explicar curiosidades, mostrar experiencias que pod\u00e9is vivir en el entorno donde nos situamos, contaros alguna receta\" \/>\n<meta name=\"robots\" content=\"index, follow, max-snippet:-1, max-image-preview:large, max-video-preview:-1\" \/>\n<link rel=\"canonical\" href=\"https:\/\/www.campingdelmar.com\/nl\/blog\/\" \/>\n<link rel=\"next\" href=\"https:\/\/www.campingdelmar.com\/nl\/blog\/26144\/?query-44-page=2\" \/>\n<meta property=\"og:locale\" content=\"nl_NL\" \/>\n<meta property=\"og:type\" content=\"article\" \/>\n<meta property=\"og:title\" content=\"Blog - Camping del Mar\" \/>\n<meta property=\"og:description\" content=\"En Camping del Mar nos gusta explicar curiosidades, mostrar experiencias que pod\u00e9is vivir en el entorno donde nos situamos, contaros alguna receta\" \/>\n<meta property=\"og:url\" content=\"https:\/\/www.campingdelmar.com\/nl\/blog\/\" \/>\n<meta property=\"og:site_name\" content=\"Camping del Mar\" \/>\n<meta property=\"article:modified_time\" content=\"2023-11-02T12:02:07+00:00\" \/>\n<meta name=\"twitter:card\" content=\"summary_large_image\" \/>\n<meta name=\"twitter:label1\" content=\"Geschatte leestijd\" \/>\n\t<meta name=\"twitter:data1\" content=\"1 minuut\" \/>\n<script type=\"application\/ld+json\" class=\"yoast-schema-graph\">{\"@context\":\"https:\/\/schema.org\",\"@graph\":[{\"@type\":\"WebPage\",\"@id\":\"https:\/\/www.campingdelmar.com\/nl\/blog\/\",\"url\":\"https:\/\/www.campingdelmar.com\/nl\/blog\/\",\"name\":\"Blog - Camping del Mar\",\"isPartOf\":{\"@id\":\"https:\/\/www.campingdelmar.com\/nl\/#website\"},\"datePublished\":\"2020-03-11T09:14:17+00:00\",\"dateModified\":\"2023-11-02T12:02:07+00:00\",\"description\":\"En Camping del Mar nos gusta explicar curiosidades, mostrar experiencias que pod\u00e9is vivir en el entorno donde nos situamos, contaros alguna receta\",\"breadcrumb\":{\"@id\":\"https:\/\/www.campingdelmar.com\/nl\/blog\/#breadcrumb\"},\"inLanguage\":\"nl-NL\",\"potentialAction\":[{\"@type\":\"ReadAction\",\"target\":[\"https:\/\/www.campingdelmar.com\/nl\/blog\/\"]}]},{\"@type\":\"BreadcrumbList\",\"@id\":\"https:\/\/www.campingdelmar.com\/nl\/blog\/#breadcrumb\",\"itemListElement\":[{\"@type\":\"ListItem\",\"position\":1,\"name\":\"Begin\",\"item\":\"https:\/\/www.campingdelmar.com\/nl\/\"},{\"@type\":\"ListItem\",\"position\":2,\"name\":\"Blog\"}]},{\"@type\":\"WebSite\",\"@id\":\"https:\/\/www.campingdelmar.com\/nl\/#website\",\"url\":\"https:\/\/www.campingdelmar.com\/nl\/\",\"name\":\"Camping del Mar\",\"description\":\"Bungalow Park, Malgrat de Mar\",\"publisher\":{\"@id\":\"https:\/\/www.campingdelmar.com\/nl\/#organization\"},\"potentialAction\":[{\"@type\":\"SearchAction\",\"target\":{\"@type\":\"EntryPoint\",\"urlTemplate\":\"https:\/\/www.campingdelmar.com\/nl\/?s={search_term_string}\"},\"query-input\":{\"@type\":\"PropertyValueSpecification\",\"valueRequired\":true,\"valueName\":\"search_term_string\"}}],\"inLanguage\":\"nl-NL\"},{\"@type\":\"Organization\",\"@id\":\"https:\/\/www.campingdelmar.com\/nl\/#organization\",\"name\":\"Camping del Mar\",\"url\":\"https:\/\/www.campingdelmar.com\/nl\/\",\"logo\":{\"@type\":\"ImageObject\",\"inLanguage\":\"nl-NL\",\"@id\":\"https:\/\/www.campingdelmar.com\/nl\/#\/schema\/logo\/image\/\",\"url\":\"https:\/\/www.campingdelmar.com\/wp-content\/uploads\/camping-del-mar-logo.jpg\",\"contentUrl\":\"https:\/\/www.campingdelmar.com\/wp-content\/uploads\/camping-del-mar-logo.jpg\",\"width\":619,\"height\":697,\"caption\":\"Camping del Mar\"},\"image\":{\"@id\":\"https:\/\/www.campingdelmar.com\/nl\/#\/schema\/logo\/image\/\"}}]}<\/script>\n<!-- \/ Yoast SEO plugin. -->","yoast_head_json":{"title":"Blog - Camping del Mar","description":"En Camping del Mar nos gusta explicar curiosidades, mostrar experiencias que pod\u00e9is vivir en el entorno donde nos situamos, contaros alguna receta","robots":{"index":"index","follow":"follow","max-snippet":"max-snippet:-1","max-image-preview":"max-image-preview:large","max-video-preview":"max-video-preview:-1"},"canonical":"https:\/\/www.campingdelmar.com\/nl\/blog\/","next":"https:\/\/www.campingdelmar.com\/nl\/blog\/26144?query-44-page=2","og_locale":"nl_NL","og_type":"article","og_title":"Blog - Camping del Mar","og_description":"En Camping del Mar nos gusta explicar curiosidades, mostrar experiencias que pod\u00e9is vivir en el entorno donde nos situamos, contaros alguna receta","og_url":"https:\/\/www.campingdelmar.com\/nl\/blog\/","og_site_name":"Camping del Mar","article_modified_time":"2023-11-02T12:02:07+00:00","twitter_card":"summary_large_image","twitter_misc":{"Geschatte leestijd":"1 minuut"},"schema":{"@context":"https:\/\/schema.org","@graph":[{"@type":"WebPage","@id":"https:\/\/www.campingdelmar.com\/nl\/blog\/","url":"https:\/\/www.campingdelmar.com\/nl\/blog\/","name":"Blog - Camping del Mar","isPartOf":{"@id":"https:\/\/www.campingdelmar.com\/nl\/#website"},"datePublished":"2020-03-11T09:14:17+00:00","dateModified":"2023-11-02T12:02:07+00:00","description":"En Camping del Mar nos gusta explicar curiosidades, mostrar experiencias que pod\u00e9is vivir en el entorno donde nos situamos, contaros alguna receta","breadcrumb":{"@id":"https:\/\/www.campingdelmar.com\/nl\/blog\/#breadcrumb"},"inLanguage":"nl-NL","potentialAction":[{"@type":"ReadAction","target":["https:\/\/www.campingdelmar.com\/nl\/blog\/"]}]},{"@type":"BreadcrumbList","@id":"https:\/\/www.campingdelmar.com\/nl\/blog\/#breadcrumb","itemListElement":[{"@type":"ListItem","position":1,"name":"Begin","item":"https:\/\/www.campingdelmar.com\/nl\/"},{"@type":"ListItem","position":2,"name":"Blog"}]},{"@type":"WebSite","@id":"https:\/\/www.campingdelmar.com\/nl\/#website","url":"https:\/\/www.campingdelmar.com\/nl\/","name":"Camping del Mar","description":"Bungalow Park, Malgrat de Mar","publisher":{"@id":"https:\/\/www.campingdelmar.com\/nl\/#organization"},"potentialAction":[{"@type":"SearchAction","target":{"@type":"EntryPoint","urlTemplate":"https:\/\/www.campingdelmar.com\/nl\/?s={search_term_string}"},"query-input":{"@type":"PropertyValueSpecification","valueRequired":true,"valueName":"search_term_string"}}],"inLanguage":"nl-NL"},{"@type":"Organization","@id":"https:\/\/www.campingdelmar.com\/nl\/#organization","name":"Camping del Mar","url":"https:\/\/www.campingdelmar.com\/nl\/","logo":{"@type":"ImageObject","inLanguage":"nl-NL","@id":"https:\/\/www.campingdelmar.com\/nl\/#\/schema\/logo\/image\/","url":"https:\/\/www.campingdelmar.com\/wp-content\/uploads\/camping-del-mar-logo.jpg","contentUrl":"https:\/\/www.campingdelmar.com\/wp-content\/uploads\/camping-del-mar-logo.jpg","width":619,"height":697,"caption":"Camping del Mar"},"image":{"@id":"https:\/\/www.campingdelmar.com\/nl\/#\/schema\/logo\/image\/"}}]}},"_links":{"self":[{"href":"https:\/\/www.campingdelmar.com\/nl\/wp-json\/wp\/v2\/pages\/26144","targetHints":{"allow":["GET"]}}],"collection":[{"href":"https:\/\/www.campingdelmar.com\/nl\/wp-json\/wp\/v2\/pages"}],"about":[{"href":"https:\/\/www.campingdelmar.com\/nl\/wp-json\/wp\/v2\/types\/page"}],"author":[{"embeddable":true,"href":"https:\/\/www.campingdelmar.com\/nl\/wp-json\/wp\/v2\/users\/1"}],"replies":[{"embeddable":true,"href":"https:\/\/www.campingdelmar.com\/nl\/wp-json\/wp\/v2\/comments?post=26144"}],"version-history":[{"count":10,"href":"https:\/\/www.campingdelmar.com\/nl\/wp-json\/wp\/v2\/pages\/26144\/revisions"}],"predecessor-version":[{"id":51844,"href":"https:\/\/www.campingdelmar.com\/nl\/wp-json\/wp\/v2\/pages\/26144\/revisions\/51844"}],"wp:attachment":[{"href":"https:\/\/www.campingdelmar.com\/nl\/wp-json\/wp\/v2\/media?parent=26144"}],"curies":[{"name":"wp","href":"https:\/\/api.w.org\/{rel}","templated":true}]}}